{"id":6873,"date":"2025-04-26T13:08:44","date_gmt":"2025-04-26T13:08:44","guid":{"rendered":"https:\/\/www.granducatocollection.com\/?post_type=product&#038;p=6873"},"modified":"2026-03-30T16:33:55","modified_gmt":"2026-03-30T16:33:55","slug":"bottiglia-jeroboam-vigna-vecchia","status":"publish","type":"product","link":"https:\/\/www.granducatocollection.com\/de\/product\/bottiglia-jeroboam-vigna-vecchia\/","title":{"rendered":"Jeroboam Vigna Vecchia Flasche"},"content":{"rendered":"<h1>3-Liter-Jeroboam des Borgunto Vigna Vecchia Special Edition Rosato<\/h1>\n<h2>Eine exklusive Kreation, die die Exzellenz des toskanischen Weinbaus zelebriert.<\/h2>\n<p>Dieses gro\u00dfz\u00fcgige Format, das vier Standardflaschen entspricht, ist ideal f\u00fcr prestigetr\u00e4chtige Anl\u00e4sse, besondere Feierlichkeiten oder als stilvolles Geschenk.<\/p>\n<p><span style=\"color: white;\">VinoToscano<br \/>\n<span style=\"color: white;\">EdizioneSpeciale<br \/>\n<span style=\"color: white;\">JeroboamPrestigioso<br \/>\n<span style=\"color: white;\">CollezioneEsclusiva<br \/>\n<span style=\"color: white;\">RegaloDiLusso<br \/>\n<span style=\"color: white;\">Wein im Sonderformat<\/span><\/span><\/span><\/span><\/span><\/span><\/p>","protected":false},"excerpt":{"rendered":"<h1>Jeroboam Vignavecchia Flasche<\/h1>\n<p>Die 3-Liter-Jeroboam-Flasche Borgunto Vigna Vecchia Edizione Speciale Rosato ist eine exklusive Kreation, die die Exzellenz des toskanischen Weinbaus feiert. Dieses gro\u00dfz\u00fcgige Format, das vier Standardflaschen entspricht, eignet sich ideal f\u00fcr prestigetr\u00e4chtige Veranstaltungen, besondere Feiern oder als stilvolles Geschenk.<\/p>","protected":false},"featured_media":7097,"template":"","meta":{"_acf_changed":false},"product_brand":[764],"product_cat":[92],"product_tag":[406,781,396,277,317,309,403,778,405,310],"class_list":{"0":"post-6873","1":"product","2":"type-product","3":"status-publish","4":"has-post-thumbnail","6":"product_brand-granducato-collection","7":"product_cat-i-nostri-formati-speciali","8":"product_tag-bottiglia-jeroboam","9":"product_tag-supertuscan","10":"product_tag-vino-artigianale","11":"product_tag-vino-da-collezione","12":"product_tag-vino-da-pranzo-elegante","13":"product_tag-vino-da-regalo","14":"product_tag-vino-di-qualita","15":"product_tag-vino-formati-speciali","16":"product_tag-vino-in-formato-grande","17":"product_tag-vino-rosso-premium","19":"first","20":"instock","21":"shipping-taxable","22":"purchasable","23":"product-type-simple"},"acf":[],"yoast_head":"<!-- This site is optimized with the Yoast SEO plugin v26.7 - https:\/\/yoast.com\/wordpress\/plugins\/seo\/ -->\n<title>B&amp;B Arezzo - Jeroboam Vignavecchia 3 LT. - Granducato Collection<\/title>\n<meta name=\"description\" content=\"La bottiglia Jeroboam da 3 litri del Rosato Borgunto Vigna Vecchia Edizione Speciale \u00e8 una creazione che celebra l&#039;eccellenza della viticoltura toscana.\" \/>\n<meta name=\"robots\" content=\"index, follow, max-snippet:-1, max-image-preview:large, max-video-preview:-1\" \/>\n<link rel=\"canonical\" href=\"https:\/\/www.granducatocollection.com\/de\/product\/bottiglia-jeroboam-vigna-vecchia\/\" \/>\n<meta property=\"og:locale\" content=\"de_DE\" \/>\n<meta property=\"og:type\" content=\"article\" \/>\n<meta property=\"og:title\" content=\"B&amp;B Arezzo - Jeroboam Vignavecchia 3 LT. - Granducato Collection\" \/>\n<meta property=\"og:description\" content=\"La bottiglia Jeroboam da 3 litri del Rosato Borgunto Vigna Vecchia Edizione Speciale \u00e8 una creazione che celebra l&#039;eccellenza della viticoltura toscana.\" \/>\n<meta property=\"og:url\" content=\"https:\/\/www.granducatocollection.com\/de\/product\/bottiglia-jeroboam-vigna-vecchia\/\" \/>\n<meta property=\"og:site_name\" content=\"Granducato Collection\" \/>\n<meta property=\"article:modified_time\" content=\"2026-03-30T16:33:55+00:00\" \/>\n<meta property=\"og:image\" content=\"https:\/\/www.granducatocollection.com\/wp-content\/uploads\/2025\/05\/vignavecchia-borgunto-granducatogestioni-arezzo-firenze-toscana-viareggio-aziendaagricola-affittacamere-BB-suitelets.webp\" \/>\n\t<meta property=\"og:image:width\" content=\"430\" \/>\n\t<meta property=\"og:image:height\" content=\"430\" \/>\n\t<meta property=\"og:image:type\" content=\"image\/webp\" \/>\n<meta name=\"twitter:card\" content=\"summary_large_image\" \/>\n<meta name=\"twitter:label1\" content=\"Gesch\u00e4tzte Lesezeit\" \/>\n\t<meta name=\"twitter:data1\" content=\"1\u00a0Minute\" \/>\n<script type=\"application\/ld+json\" class=\"yoast-schema-graph\">{\"@context\":\"https:\/\/schema.org\",\"@graph\":[{\"@type\":\"WebPage\",\"@id\":\"https:\/\/www.granducatocollection.com\/prodotto\/bottiglia-jeroboam-vigna-vecchia\/\",\"url\":\"https:\/\/www.granducatocollection.com\/prodotto\/bottiglia-jeroboam-vigna-vecchia\/\",\"name\":\"B&B Arezzo - Jeroboam Vignavecchia 3 LT. - Granducato Collection\",\"isPartOf\":{\"@id\":\"https:\/\/www.granducatocollection.com\/#website\"},\"primaryImageOfPage\":{\"@id\":\"https:\/\/www.granducatocollection.com\/prodotto\/bottiglia-jeroboam-vigna-vecchia\/#primaryimage\"},\"image\":{\"@id\":\"https:\/\/www.granducatocollection.com\/prodotto\/bottiglia-jeroboam-vigna-vecchia\/#primaryimage\"},\"thumbnailUrl\":\"https:\/\/www.granducatocollection.com\/wp-content\/uploads\/2025\/05\/vignavecchia-borgunto-granducatogestioni-arezzo-firenze-toscana-viareggio-aziendaagricola-affittacamere-BB-suitelets.webp\",\"datePublished\":\"2025-04-26T13:08:44+00:00\",\"dateModified\":\"2026-03-30T16:33:55+00:00\",\"description\":\"La bottiglia Jeroboam da 3 litri del Rosato Borgunto Vigna Vecchia Edizione Speciale \u00e8 una creazione che celebra l'eccellenza della viticoltura toscana.\",\"breadcrumb\":{\"@id\":\"https:\/\/www.granducatocollection.com\/prodotto\/bottiglia-jeroboam-vigna-vecchia\/#breadcrumb\"},\"inLanguage\":\"de\",\"potentialAction\":[{\"@type\":\"ReadAction\",\"target\":[\"https:\/\/www.granducatocollection.com\/prodotto\/bottiglia-jeroboam-vigna-vecchia\/\"]}]},{\"@type\":\"ImageObject\",\"inLanguage\":\"de\",\"@id\":\"https:\/\/www.granducatocollection.com\/prodotto\/bottiglia-jeroboam-vigna-vecchia\/#primaryimage\",\"url\":\"https:\/\/www.granducatocollection.com\/wp-content\/uploads\/2025\/05\/vignavecchia-borgunto-granducatogestioni-arezzo-firenze-toscana-viareggio-aziendaagricola-affittacamere-BB-suitelets.webp\",\"contentUrl\":\"https:\/\/www.granducatocollection.com\/wp-content\/uploads\/2025\/05\/vignavecchia-borgunto-granducatogestioni-arezzo-firenze-toscana-viareggio-aziendaagricola-affittacamere-BB-suitelets.webp\",\"width\":430,\"height\":430,\"caption\":\"Jeroboam Vigna Vecchia vino rosso italiano formato 3L edizione limitata\"},{\"@type\":\"BreadcrumbList\",\"@id\":\"https:\/\/www.granducatocollection.com\/prodotto\/bottiglia-jeroboam-vigna-vecchia\/#breadcrumb\",\"itemListElement\":[{\"@type\":\"ListItem\",\"position\":1,\"name\":\"Home\",\"item\":\"https:\/\/www.granducatocollection.com\/\"},{\"@type\":\"ListItem\",\"position\":2,\"name\":\"Shop\",\"item\":\"https:\/\/www.granducatocollection.com\/negozio\/\"},{\"@type\":\"ListItem\",\"position\":3,\"name\":\"Bottiglia Jeroboam Vigna Vecchia\"}]},{\"@type\":\"WebSite\",\"@id\":\"https:\/\/www.granducatocollection.com\/#website\",\"url\":\"https:\/\/www.granducatocollection.com\/\",\"name\":\"GranDucato Collection\",\"description\":\"Prenota la tua vacanza e vivi un&#039;esperienza unica\",\"potentialAction\":[{\"@type\":\"SearchAction\",\"target\":{\"@type\":\"EntryPoint\",\"urlTemplate\":\"https:\/\/www.granducatocollection.com\/?s={search_term_string}\"},\"query-input\":{\"@type\":\"PropertyValueSpecification\",\"valueRequired\":true,\"valueName\":\"search_term_string\"}}],\"inLanguage\":\"de\"}]}<\/script>\n<!-- \/ Yoast SEO plugin. -->","yoast_head_json":{"title":"B&B Arezzo - Jeroboam Vignavecchia 3 LT. - Granducato Collection","description":"La bottiglia Jeroboam da 3 litri del Rosato Borgunto Vigna Vecchia Edizione Speciale \u00e8 una creazione che celebra l'eccellenza della viticoltura toscana.","robots":{"index":"index","follow":"follow","max-snippet":"max-snippet:-1","max-image-preview":"max-image-preview:large","max-video-preview":"max-video-preview:-1"},"canonical":"https:\/\/www.granducatocollection.com\/de\/product\/bottiglia-jeroboam-vigna-vecchia\/","og_locale":"de_DE","og_type":"article","og_title":"B&B Arezzo - Jeroboam Vignavecchia 3 LT. - Granducato Collection","og_description":"La bottiglia Jeroboam da 3 litri del Rosato Borgunto Vigna Vecchia Edizione Speciale \u00e8 una creazione che celebra l'eccellenza della viticoltura toscana.","og_url":"https:\/\/www.granducatocollection.com\/de\/product\/bottiglia-jeroboam-vigna-vecchia\/","og_site_name":"Granducato Collection","article_modified_time":"2026-03-30T16:33:55+00:00","og_image":[{"width":430,"height":430,"url":"https:\/\/www.granducatocollection.com\/wp-content\/uploads\/2025\/05\/vignavecchia-borgunto-granducatogestioni-arezzo-firenze-toscana-viareggio-aziendaagricola-affittacamere-BB-suitelets.webp","type":"image\/webp"}],"twitter_card":"summary_large_image","twitter_misc":{"Gesch\u00e4tzte Lesezeit":"1\u00a0Minute"},"schema":{"@context":"https:\/\/schema.org","@graph":[{"@type":"WebPage","@id":"https:\/\/www.granducatocollection.com\/prodotto\/bottiglia-jeroboam-vigna-vecchia\/","url":"https:\/\/www.granducatocollection.com\/prodotto\/bottiglia-jeroboam-vigna-vecchia\/","name":"B&B Arezzo - Jeroboam Vignavecchia 3 LT. - Granducato Collection","isPartOf":{"@id":"https:\/\/www.granducatocollection.com\/#website"},"primaryImageOfPage":{"@id":"https:\/\/www.granducatocollection.com\/prodotto\/bottiglia-jeroboam-vigna-vecchia\/#primaryimage"},"image":{"@id":"https:\/\/www.granducatocollection.com\/prodotto\/bottiglia-jeroboam-vigna-vecchia\/#primaryimage"},"thumbnailUrl":"https:\/\/www.granducatocollection.com\/wp-content\/uploads\/2025\/05\/vignavecchia-borgunto-granducatogestioni-arezzo-firenze-toscana-viareggio-aziendaagricola-affittacamere-BB-suitelets.webp","datePublished":"2025-04-26T13:08:44+00:00","dateModified":"2026-03-30T16:33:55+00:00","description":"La bottiglia Jeroboam da 3 litri del Rosato Borgunto Vigna Vecchia Edizione Speciale \u00e8 una creazione che celebra l'eccellenza della viticoltura toscana.","breadcrumb":{"@id":"https:\/\/www.granducatocollection.com\/prodotto\/bottiglia-jeroboam-vigna-vecchia\/#breadcrumb"},"inLanguage":"de","potentialAction":[{"@type":"ReadAction","target":["https:\/\/www.granducatocollection.com\/prodotto\/bottiglia-jeroboam-vigna-vecchia\/"]}]},{"@type":"ImageObject","inLanguage":"de","@id":"https:\/\/www.granducatocollection.com\/prodotto\/bottiglia-jeroboam-vigna-vecchia\/#primaryimage","url":"https:\/\/www.granducatocollection.com\/wp-content\/uploads\/2025\/05\/vignavecchia-borgunto-granducatogestioni-arezzo-firenze-toscana-viareggio-aziendaagricola-affittacamere-BB-suitelets.webp","contentUrl":"https:\/\/www.granducatocollection.com\/wp-content\/uploads\/2025\/05\/vignavecchia-borgunto-granducatogestioni-arezzo-firenze-toscana-viareggio-aziendaagricola-affittacamere-BB-suitelets.webp","width":430,"height":430,"caption":"Jeroboam Vigna Vecchia vino rosso italiano formato 3L edizione limitata"},{"@type":"BreadcrumbList","@id":"https:\/\/www.granducatocollection.com\/prodotto\/bottiglia-jeroboam-vigna-vecchia\/#breadcrumb","itemListElement":[{"@type":"ListItem","position":1,"name":"Home","item":"https:\/\/www.granducatocollection.com\/"},{"@type":"ListItem","position":2,"name":"Shop","item":"https:\/\/www.granducatocollection.com\/negozio\/"},{"@type":"ListItem","position":3,"name":"Bottiglia Jeroboam Vigna Vecchia"}]},{"@type":"WebSite","@id":"https:\/\/www.granducatocollection.com\/#website","url":"https:\/\/www.granducatocollection.com\/","name":"GranDucato Collection","description":"Prenota la tua vacanza e vivi un&#039;esperienza unica","potentialAction":[{"@type":"SearchAction","target":{"@type":"EntryPoint","urlTemplate":"https:\/\/www.granducatocollection.com\/?s={search_term_string}"},"query-input":{"@type":"PropertyValueSpecification","valueRequired":true,"valueName":"search_term_string"}}],"inLanguage":"de"}]}},"_links":{"self":[{"href":"https:\/\/www.granducatocollection.com\/de\/wp-json\/wp\/v2\/product\/6873","targetHints":{"allow":["GET"]}}],"collection":[{"href":"https:\/\/www.granducatocollection.com\/de\/wp-json\/wp\/v2\/product"}],"about":[{"href":"https:\/\/www.granducatocollection.com\/de\/wp-json\/wp\/v2\/types\/product"}],"wp:featuredmedia":[{"embeddable":true,"href":"https:\/\/www.granducatocollection.com\/de\/wp-json\/wp\/v2\/media\/7097"}],"wp:attachment":[{"href":"https:\/\/www.granducatocollection.com\/de\/wp-json\/wp\/v2\/media?parent=6873"}],"wp:term":[{"taxonomy":"product_brand","embeddable":true,"href":"https:\/\/www.granducatocollection.com\/de\/wp-json\/wp\/v2\/product_brand?post=6873"},{"taxonomy":"product_cat","embeddable":true,"href":"https:\/\/www.granducatocollection.com\/de\/wp-json\/wp\/v2\/product_cat?post=6873"},{"taxonomy":"product_tag","embeddable":true,"href":"https:\/\/www.granducatocollection.com\/de\/wp-json\/wp\/v2\/product_tag?post=6873"}],"curies":[{"name":"wp","href":"https:\/\/api.w.org\/{rel}","templated":true}]}}