{"id":6872,"date":"2025-04-26T13:04:18","date_gmt":"2025-04-26T13:04:18","guid":{"rendered":"https:\/\/www.granducatocollection.com\/?post_type=product&#038;p=6872"},"modified":"2026-03-30T16:30:18","modified_gmt":"2026-03-30T16:30:18","slug":"bottiglia-di-rosato-magnum","status":"publish","type":"product","link":"https:\/\/www.granducatocollection.com\/de\/product\/bottiglia-di-rosato-magnum\/","title":{"rendered":"Magnumflasche Ros\u00e9"},"content":{"rendered":"<h1>Der 1,5-Liter-Magnum von Rosato Borgunto<\/h1>\n<h2>Es ist die perfekte Wahl f\u00fcr alle, die ein raffiniertes und unvergessliches Weinerlebnis teilen m\u00f6chten.<\/h2>\n<h3>Dieses elegante Format eignet sich ideal f\u00fcr besondere Anl\u00e4sse, gesellige Abendessen oder als stilvolles Geschenk.<\/h3>\n<p><span style=\"color: white;\">VinoCostoso<br \/>\n<span style=\"color: white;\">VinoFormatoSpeciale<br \/>\n<span style=\"color: white;\">VinoDaRegalo<br \/>\n<span style=\"color: white;\">EdizioneSpeciale<\/span><\/span><\/span><\/span><\/p>","protected":false},"excerpt":{"rendered":"<h1>Magnumflasche Ros\u00e9<\/h1>\n<p>Die 1,5-Liter-Magnumflasche Rosato Borgunto ist die perfekte Wahl f\u00fcr alle, die ein raffiniertes und unvergessliches Weinerlebnis teilen m\u00f6chten. Dieses elegante Format eignet sich ideal f\u00fcr besondere Anl\u00e4sse, gesellige Abendessen oder als stilvolles Geschenk.<\/p>","protected":false},"featured_media":8354,"template":"","meta":{"_acf_changed":false},"product_brand":[764],"product_cat":[92],"product_tag":[408,407,781,309,307,394,413,414],"class_list":{"0":"post-6872","1":"product","2":"type-product","3":"status-publish","4":"has-post-thumbnail","6":"product_brand-granducato-collection","7":"product_cat-i-nostri-formati-speciali","8":"product_tag-bottiglia-grande","9":"product_tag-magnum","10":"product_tag-supertuscan","11":"product_tag-vino-da-regalo","12":"product_tag-vino-italiano","13":"product_tag-vino-rosato","14":"product_tag-vino-rosato-magnum","15":"product_tag-vino-spumante","17":"first","18":"instock","19":"shipping-taxable","20":"purchasable","21":"product-type-simple"},"acf":[],"yoast_head":"<!-- This site is optimized with the Yoast SEO plugin v26.7 - https:\/\/yoast.com\/wordpress\/plugins\/seo\/ -->\n<title>B&amp;B Arezzo - Bottiglia di Rosato Magnum - Granducato Collection<\/title>\n<meta name=\"description\" content=\"Acquista il Rosato Borgunto in formato speciale Jeroboam) \u2013 vino fresco ed elegante, perfetto per eventi, regali e occasioni speciali. Ordina Ora!\" \/>\n<meta name=\"robots\" content=\"index, follow, max-snippet:-1, max-image-preview:large, max-video-preview:-1\" \/>\n<link rel=\"canonical\" href=\"https:\/\/www.granducatocollection.com\/de\/product\/bottiglia-di-rosato-magnum\/\" \/>\n<meta property=\"og:locale\" content=\"de_DE\" \/>\n<meta property=\"og:type\" content=\"article\" \/>\n<meta property=\"og:title\" content=\"B&amp;B Arezzo - Bottiglia di Rosato Magnum - Granducato Collection\" \/>\n<meta property=\"og:description\" content=\"Acquista il Rosato Borgunto in formato speciale Jeroboam) \u2013 vino fresco ed elegante, perfetto per eventi, regali e occasioni speciali. Ordina Ora!\" \/>\n<meta property=\"og:url\" content=\"https:\/\/www.granducatocollection.com\/de\/product\/bottiglia-di-rosato-magnum\/\" \/>\n<meta property=\"og:site_name\" content=\"Granducato Collection\" \/>\n<meta property=\"article:modified_time\" content=\"2026-03-30T16:30:18+00:00\" \/>\n<meta property=\"og:image\" content=\"https:\/\/www.granducatocollection.com\/wp-content\/uploads\/2025\/04\/granducatocollection-borgunto-rosato-jeroboam-arezzo-BB-suitelets-soggiornare-in-toscana.webp\" \/>\n\t<meta property=\"og:image:width\" content=\"700\" \/>\n\t<meta property=\"og:image:height\" content=\"700\" \/>\n\t<meta property=\"og:image:type\" content=\"image\/webp\" \/>\n<meta name=\"twitter:card\" content=\"summary_large_image\" \/>\n<meta name=\"twitter:label1\" content=\"Gesch\u00e4tzte Lesezeit\" \/>\n\t<meta name=\"twitter:data1\" content=\"1\u00a0Minute\" \/>\n<script type=\"application\/ld+json\" class=\"yoast-schema-graph\">{\"@context\":\"https:\/\/schema.org\",\"@graph\":[{\"@type\":\"WebPage\",\"@id\":\"https:\/\/www.granducatocollection.com\/prodotto\/bottiglia-di-rosato-magnum\/\",\"url\":\"https:\/\/www.granducatocollection.com\/prodotto\/bottiglia-di-rosato-magnum\/\",\"name\":\"B&B Arezzo - Bottiglia di Rosato Magnum - Granducato Collection\",\"isPartOf\":{\"@id\":\"https:\/\/www.granducatocollection.com\/#website\"},\"primaryImageOfPage\":{\"@id\":\"https:\/\/www.granducatocollection.com\/prodotto\/bottiglia-di-rosato-magnum\/#primaryimage\"},\"image\":{\"@id\":\"https:\/\/www.granducatocollection.com\/prodotto\/bottiglia-di-rosato-magnum\/#primaryimage\"},\"thumbnailUrl\":\"https:\/\/www.granducatocollection.com\/wp-content\/uploads\/2025\/04\/granducatocollection-borgunto-rosato-jeroboam-arezzo-bb-suitelets-soggiornare-in-toscana.webp.webp\",\"datePublished\":\"2025-04-26T13:04:18+00:00\",\"dateModified\":\"2026-03-30T16:30:18+00:00\",\"description\":\"Acquista il Rosato Borgunto in formato speciale Jeroboam) \u2013 vino fresco ed elegante, perfetto per eventi, regali e occasioni speciali. Ordina Ora!\",\"breadcrumb\":{\"@id\":\"https:\/\/www.granducatocollection.com\/prodotto\/bottiglia-di-rosato-magnum\/#breadcrumb\"},\"inLanguage\":\"de\",\"potentialAction\":[{\"@type\":\"ReadAction\",\"target\":[\"https:\/\/www.granducatocollection.com\/prodotto\/bottiglia-di-rosato-magnum\/\"]}]},{\"@type\":\"ImageObject\",\"inLanguage\":\"de\",\"@id\":\"https:\/\/www.granducatocollection.com\/prodotto\/bottiglia-di-rosato-magnum\/#primaryimage\",\"url\":\"https:\/\/www.granducatocollection.com\/wp-content\/uploads\/2025\/04\/granducatocollection-borgunto-rosato-jeroboam-arezzo-bb-suitelets-soggiornare-in-toscana.webp.webp\",\"contentUrl\":\"https:\/\/www.granducatocollection.com\/wp-content\/uploads\/2025\/04\/granducatocollection-borgunto-rosato-jeroboam-arezzo-bb-suitelets-soggiornare-in-toscana.webp.webp\",\"width\":700,\"height\":700,\"caption\":\"Bottiglia Magnum Rosato 1.5L vino rosato italiano ideale per cene e aperitivi\"},{\"@type\":\"BreadcrumbList\",\"@id\":\"https:\/\/www.granducatocollection.com\/prodotto\/bottiglia-di-rosato-magnum\/#breadcrumb\",\"itemListElement\":[{\"@type\":\"ListItem\",\"position\":1,\"name\":\"Home\",\"item\":\"https:\/\/www.granducatocollection.com\/\"},{\"@type\":\"ListItem\",\"position\":2,\"name\":\"Shop\",\"item\":\"https:\/\/www.granducatocollection.com\/negozio\/\"},{\"@type\":\"ListItem\",\"position\":3,\"name\":\"Bottiglia di Rosato Magnum\"}]},{\"@type\":\"WebSite\",\"@id\":\"https:\/\/www.granducatocollection.com\/#website\",\"url\":\"https:\/\/www.granducatocollection.com\/\",\"name\":\"GranDucato Collection\",\"description\":\"Prenota la tua vacanza e vivi un&#039;esperienza unica\",\"potentialAction\":[{\"@type\":\"SearchAction\",\"target\":{\"@type\":\"EntryPoint\",\"urlTemplate\":\"https:\/\/www.granducatocollection.com\/?s={search_term_string}\"},\"query-input\":{\"@type\":\"PropertyValueSpecification\",\"valueRequired\":true,\"valueName\":\"search_term_string\"}}],\"inLanguage\":\"de\"}]}<\/script>\n<!-- \/ Yoast SEO plugin. -->","yoast_head_json":{"title":"B&B Arezzo - Bottiglia di Rosato Magnum - Granducato Collection","description":"Acquista il Rosato Borgunto in formato speciale Jeroboam) \u2013 vino fresco ed elegante, perfetto per eventi, regali e occasioni speciali. Ordina Ora!","robots":{"index":"index","follow":"follow","max-snippet":"max-snippet:-1","max-image-preview":"max-image-preview:large","max-video-preview":"max-video-preview:-1"},"canonical":"https:\/\/www.granducatocollection.com\/de\/product\/bottiglia-di-rosato-magnum\/","og_locale":"de_DE","og_type":"article","og_title":"B&B Arezzo - Bottiglia di Rosato Magnum - Granducato Collection","og_description":"Acquista il Rosato Borgunto in formato speciale Jeroboam) \u2013 vino fresco ed elegante, perfetto per eventi, regali e occasioni speciali. Ordina Ora!","og_url":"https:\/\/www.granducatocollection.com\/de\/product\/bottiglia-di-rosato-magnum\/","og_site_name":"Granducato Collection","article_modified_time":"2026-03-30T16:30:18+00:00","og_image":[{"width":700,"height":700,"url":"https:\/\/www.granducatocollection.com\/wp-content\/uploads\/2025\/04\/granducatocollection-borgunto-rosato-jeroboam-arezzo-BB-suitelets-soggiornare-in-toscana.webp","type":"image\/webp"}],"twitter_card":"summary_large_image","twitter_misc":{"Gesch\u00e4tzte Lesezeit":"1\u00a0Minute"},"schema":{"@context":"https:\/\/schema.org","@graph":[{"@type":"WebPage","@id":"https:\/\/www.granducatocollection.com\/prodotto\/bottiglia-di-rosato-magnum\/","url":"https:\/\/www.granducatocollection.com\/prodotto\/bottiglia-di-rosato-magnum\/","name":"B&B Arezzo - Bottiglia di Rosato Magnum - Granducato Collection","isPartOf":{"@id":"https:\/\/www.granducatocollection.com\/#website"},"primaryImageOfPage":{"@id":"https:\/\/www.granducatocollection.com\/prodotto\/bottiglia-di-rosato-magnum\/#primaryimage"},"image":{"@id":"https:\/\/www.granducatocollection.com\/prodotto\/bottiglia-di-rosato-magnum\/#primaryimage"},"thumbnailUrl":"https:\/\/www.granducatocollection.com\/wp-content\/uploads\/2025\/04\/granducatocollection-borgunto-rosato-jeroboam-arezzo-bb-suitelets-soggiornare-in-toscana.webp.webp","datePublished":"2025-04-26T13:04:18+00:00","dateModified":"2026-03-30T16:30:18+00:00","description":"Acquista il Rosato Borgunto in formato speciale Jeroboam) \u2013 vino fresco ed elegante, perfetto per eventi, regali e occasioni speciali. Ordina Ora!","breadcrumb":{"@id":"https:\/\/www.granducatocollection.com\/prodotto\/bottiglia-di-rosato-magnum\/#breadcrumb"},"inLanguage":"de","potentialAction":[{"@type":"ReadAction","target":["https:\/\/www.granducatocollection.com\/prodotto\/bottiglia-di-rosato-magnum\/"]}]},{"@type":"ImageObject","inLanguage":"de","@id":"https:\/\/www.granducatocollection.com\/prodotto\/bottiglia-di-rosato-magnum\/#primaryimage","url":"https:\/\/www.granducatocollection.com\/wp-content\/uploads\/2025\/04\/granducatocollection-borgunto-rosato-jeroboam-arezzo-bb-suitelets-soggiornare-in-toscana.webp.webp","contentUrl":"https:\/\/www.granducatocollection.com\/wp-content\/uploads\/2025\/04\/granducatocollection-borgunto-rosato-jeroboam-arezzo-bb-suitelets-soggiornare-in-toscana.webp.webp","width":700,"height":700,"caption":"Bottiglia Magnum Rosato 1.5L vino rosato italiano ideale per cene e aperitivi"},{"@type":"BreadcrumbList","@id":"https:\/\/www.granducatocollection.com\/prodotto\/bottiglia-di-rosato-magnum\/#breadcrumb","itemListElement":[{"@type":"ListItem","position":1,"name":"Home","item":"https:\/\/www.granducatocollection.com\/"},{"@type":"ListItem","position":2,"name":"Shop","item":"https:\/\/www.granducatocollection.com\/negozio\/"},{"@type":"ListItem","position":3,"name":"Bottiglia di Rosato Magnum"}]},{"@type":"WebSite","@id":"https:\/\/www.granducatocollection.com\/#website","url":"https:\/\/www.granducatocollection.com\/","name":"GranDucato Collection","description":"Prenota la tua vacanza e vivi un&#039;esperienza unica","potentialAction":[{"@type":"SearchAction","target":{"@type":"EntryPoint","urlTemplate":"https:\/\/www.granducatocollection.com\/?s={search_term_string}"},"query-input":{"@type":"PropertyValueSpecification","valueRequired":true,"valueName":"search_term_string"}}],"inLanguage":"de"}]}},"_links":{"self":[{"href":"https:\/\/www.granducatocollection.com\/de\/wp-json\/wp\/v2\/product\/6872","targetHints":{"allow":["GET"]}}],"collection":[{"href":"https:\/\/www.granducatocollection.com\/de\/wp-json\/wp\/v2\/product"}],"about":[{"href":"https:\/\/www.granducatocollection.com\/de\/wp-json\/wp\/v2\/types\/product"}],"wp:featuredmedia":[{"embeddable":true,"href":"https:\/\/www.granducatocollection.com\/de\/wp-json\/wp\/v2\/media\/8354"}],"wp:attachment":[{"href":"https:\/\/www.granducatocollection.com\/de\/wp-json\/wp\/v2\/media?parent=6872"}],"wp:term":[{"taxonomy":"product_brand","embeddable":true,"href":"https:\/\/www.granducatocollection.com\/de\/wp-json\/wp\/v2\/product_brand?post=6872"},{"taxonomy":"product_cat","embeddable":true,"href":"https:\/\/www.granducatocollection.com\/de\/wp-json\/wp\/v2\/product_cat?post=6872"},{"taxonomy":"product_tag","embeddable":true,"href":"https:\/\/www.granducatocollection.com\/de\/wp-json\/wp\/v2\/product_tag?post=6872"}],"curies":[{"name":"wp","href":"https:\/\/api.w.org\/{rel}","templated":true}]}}