{"id":6871,"date":"2025-04-26T13:00:43","date_gmt":"2025-04-26T13:00:43","guid":{"rendered":"https:\/\/www.granducatocollection.com\/?post_type=product&#038;p=6871"},"modified":"2026-03-30T16:27:09","modified_gmt":"2026-03-30T16:27:09","slug":"bottiglia-di-rosato-jeroboam","status":"publish","type":"product","link":"https:\/\/www.granducatocollection.com\/de\/product\/bottiglia-di-rosato-jeroboam\/","title":{"rendered":"Flasche Jeroboam Ros\u00e9"},"content":{"rendered":"<h1>Borgunto ist ein einzigartiges Weinerlebnis<\/h1>\n<p class=\"translation-block\">Borgunto steht f\u00fcr ein einzigartiges Erlebnis, das besondere Momente stilvoll und gro\u00dfz\u00fcgig feiert. Dieses beeindruckende Format, das vier Standardflaschen \u00e0 0,75 l entspricht, eignet sich perfekt f\u00fcr exklusive Veranstaltungen, private Feiern oder als prestigetr\u00e4chtiges Geschenk.<\/p>\n<h2>Dieses beeindruckende Format<\/h2>\n<p>Es entspricht vier Standardflaschen \u00e0 0,75 Liter und eignet sich perfekt f\u00fcr exklusive Veranstaltungen, private Feiern oder als prestigetr\u00e4chtiges Geschenk.<\/p>\n<p><span style=\"color: white;\">RegaloDiLusso<br \/>\n<span style=\"color: white;\">VinoDiLusso<br \/>\n<span style=\"color: white;\">VinoCostoso<br \/>\n<span style=\"color: white;\">VinoFormatoSpeciale<\/span><\/span><\/span><\/span><\/p>","protected":false},"excerpt":{"rendered":"<p>Die 3-Liter-Flasche<\/p>\n<h1><b>Jeroboam Ros\u00e9wein<\/b><\/h1>\n<p>Borgunto steht f\u00fcr ein einzigartiges Weinerlebnis, das besondere Momente stilvoll und gro\u00dfz\u00fcgig feiert. Das imposante Format, das vier Standardflaschen \u00e0 0,75 l entspricht, eignet sich perfekt f\u00fcr exklusive Veranstaltungen, private Feiern oder als prestigetr\u00e4chtiges Geschenk.<\/p>","protected":false},"featured_media":8353,"template":"","meta":{"_acf_changed":false},"product_brand":[764],"product_cat":[92],"product_tag":[780,408,779,418,415,416,309,409,307,394,414],"class_list":{"0":"post-6871","1":"product","2":"type-product","3":"status-publish","4":"has-post-thumbnail","6":"product_brand-granducato-collection","7":"product_cat-i-nostri-formati-speciali","8":"product_tag-bottiglia-formati-speciali","9":"product_tag-bottiglia-grande","10":"product_tag-bottiglia-grandi-formati","11":"product_tag-formato-speciale","12":"product_tag-jeroboam","13":"product_tag-vino-da-festa","14":"product_tag-vino-da-regalo","15":"product_tag-vino-frizzante","16":"product_tag-vino-italiano","17":"product_tag-vino-rosato","18":"product_tag-vino-spumante","20":"first","21":"instock","22":"shipping-taxable","23":"purchasable","24":"product-type-simple"},"acf":[],"yoast_head":"<!-- This site is optimized with the Yoast SEO plugin v26.7 - https:\/\/yoast.com\/wordpress\/plugins\/seo\/ -->\n<title>B&amp;B Arezzo - Bottiglia di Rosato Jeroboam - Gran ducato Collection<\/title>\n<meta name=\"description\" content=\"Scopri il nostro Rosato Jeroboam da 3 litri \u2013 un formato esclusivo per occasioni speciali. Alta qualit\u00e0 Acquista ora su GranducatoCollection.com!\" \/>\n<meta name=\"robots\" content=\"index, follow, max-snippet:-1, max-image-preview:large, max-video-preview:-1\" \/>\n<link rel=\"canonical\" href=\"https:\/\/www.granducatocollection.com\/de\/product\/bottiglia-di-rosato-jeroboam\/\" \/>\n<meta property=\"og:locale\" content=\"de_DE\" \/>\n<meta property=\"og:type\" content=\"article\" \/>\n<meta property=\"og:title\" content=\"B&amp;B Arezzo - Bottiglia di Rosato Jeroboam - Gran ducato Collection\" \/>\n<meta property=\"og:description\" content=\"Scopri il nostro Rosato Jeroboam da 3 litri \u2013 un formato esclusivo per occasioni speciali. Alta qualit\u00e0 Acquista ora su GranducatoCollection.com!\" \/>\n<meta property=\"og:url\" content=\"https:\/\/www.granducatocollection.com\/de\/product\/bottiglia-di-rosato-jeroboam\/\" \/>\n<meta property=\"og:site_name\" content=\"Granducato Collection\" \/>\n<meta property=\"article:modified_time\" content=\"2026-03-30T16:27:09+00:00\" \/>\n<meta property=\"og:image\" content=\"https:\/\/www.granducatocollection.com\/wp-content\/uploads\/2025\/04\/granducatocollection-borgunto-rosato-magnum-arezzo-BB-suitelets-soggiornare-in-toscana.webp\" \/>\n\t<meta property=\"og:image:width\" content=\"700\" \/>\n\t<meta property=\"og:image:height\" content=\"700\" \/>\n\t<meta property=\"og:image:type\" content=\"image\/webp\" \/>\n<meta name=\"twitter:card\" content=\"summary_large_image\" \/>\n<meta name=\"twitter:label1\" content=\"Gesch\u00e4tzte Lesezeit\" \/>\n\t<meta name=\"twitter:data1\" content=\"1\u00a0Minute\" \/>\n<script type=\"application\/ld+json\" class=\"yoast-schema-graph\">{\"@context\":\"https:\/\/schema.org\",\"@graph\":[{\"@type\":\"WebPage\",\"@id\":\"https:\/\/www.granducatocollection.com\/prodotto\/bottiglia-di-rosato-jeroboam\/\",\"url\":\"https:\/\/www.granducatocollection.com\/prodotto\/bottiglia-di-rosato-jeroboam\/\",\"name\":\"B&B Arezzo - Bottiglia di Rosato Jeroboam - Gran ducato Collection\",\"isPartOf\":{\"@id\":\"https:\/\/www.granducatocollection.com\/#website\"},\"primaryImageOfPage\":{\"@id\":\"https:\/\/www.granducatocollection.com\/prodotto\/bottiglia-di-rosato-jeroboam\/#primaryimage\"},\"image\":{\"@id\":\"https:\/\/www.granducatocollection.com\/prodotto\/bottiglia-di-rosato-jeroboam\/#primaryimage\"},\"thumbnailUrl\":\"https:\/\/www.granducatocollection.com\/wp-content\/uploads\/2025\/04\/granducatocollection-borgunto-rosato-magnum-arezzo-bb-suitelets-soggiornare-in-toscana.webp.webp\",\"datePublished\":\"2025-04-26T13:00:43+00:00\",\"dateModified\":\"2026-03-30T16:27:09+00:00\",\"description\":\"Scopri il nostro Rosato Jeroboam da 3 litri \u2013 un formato esclusivo per occasioni speciali. Alta qualit\u00e0 Acquista ora su GranducatoCollection.com!\",\"breadcrumb\":{\"@id\":\"https:\/\/www.granducatocollection.com\/prodotto\/bottiglia-di-rosato-jeroboam\/#breadcrumb\"},\"inLanguage\":\"de\",\"potentialAction\":[{\"@type\":\"ReadAction\",\"target\":[\"https:\/\/www.granducatocollection.com\/prodotto\/bottiglia-di-rosato-jeroboam\/\"]}]},{\"@type\":\"ImageObject\",\"inLanguage\":\"de\",\"@id\":\"https:\/\/www.granducatocollection.com\/prodotto\/bottiglia-di-rosato-jeroboam\/#primaryimage\",\"url\":\"https:\/\/www.granducatocollection.com\/wp-content\/uploads\/2025\/04\/granducatocollection-borgunto-rosato-magnum-arezzo-bb-suitelets-soggiornare-in-toscana.webp.webp\",\"contentUrl\":\"https:\/\/www.granducatocollection.com\/wp-content\/uploads\/2025\/04\/granducatocollection-borgunto-rosato-magnum-arezzo-bb-suitelets-soggiornare-in-toscana.webp.webp\",\"width\":700,\"height\":700,\"caption\":\"Bottiglia Jeroboam Rosato formato grande vino rosato italiano per occasioni speciali\"},{\"@type\":\"BreadcrumbList\",\"@id\":\"https:\/\/www.granducatocollection.com\/prodotto\/bottiglia-di-rosato-jeroboam\/#breadcrumb\",\"itemListElement\":[{\"@type\":\"ListItem\",\"position\":1,\"name\":\"Home\",\"item\":\"https:\/\/www.granducatocollection.com\/\"},{\"@type\":\"ListItem\",\"position\":2,\"name\":\"Shop\",\"item\":\"https:\/\/www.granducatocollection.com\/negozio\/\"},{\"@type\":\"ListItem\",\"position\":3,\"name\":\"Bottiglia di Rosato Jeroboam\"}]},{\"@type\":\"WebSite\",\"@id\":\"https:\/\/www.granducatocollection.com\/#website\",\"url\":\"https:\/\/www.granducatocollection.com\/\",\"name\":\"GranDucato Collection\",\"description\":\"Prenota la tua vacanza e vivi un&#039;esperienza unica\",\"potentialAction\":[{\"@type\":\"SearchAction\",\"target\":{\"@type\":\"EntryPoint\",\"urlTemplate\":\"https:\/\/www.granducatocollection.com\/?s={search_term_string}\"},\"query-input\":{\"@type\":\"PropertyValueSpecification\",\"valueRequired\":true,\"valueName\":\"search_term_string\"}}],\"inLanguage\":\"de\"}]}<\/script>\n<!-- \/ Yoast SEO plugin. -->","yoast_head_json":{"title":"B&B Arezzo - Bottiglia di Rosato Jeroboam - Gran ducato Collection","description":"Scopri il nostro Rosato Jeroboam da 3 litri \u2013 un formato esclusivo per occasioni speciali. Alta qualit\u00e0 Acquista ora su GranducatoCollection.com!","robots":{"index":"index","follow":"follow","max-snippet":"max-snippet:-1","max-image-preview":"max-image-preview:large","max-video-preview":"max-video-preview:-1"},"canonical":"https:\/\/www.granducatocollection.com\/de\/product\/bottiglia-di-rosato-jeroboam\/","og_locale":"de_DE","og_type":"article","og_title":"B&B Arezzo - Bottiglia di Rosato Jeroboam - Gran ducato Collection","og_description":"Scopri il nostro Rosato Jeroboam da 3 litri \u2013 un formato esclusivo per occasioni speciali. Alta qualit\u00e0 Acquista ora su GranducatoCollection.com!","og_url":"https:\/\/www.granducatocollection.com\/de\/product\/bottiglia-di-rosato-jeroboam\/","og_site_name":"Granducato Collection","article_modified_time":"2026-03-30T16:27:09+00:00","og_image":[{"width":700,"height":700,"url":"https:\/\/www.granducatocollection.com\/wp-content\/uploads\/2025\/04\/granducatocollection-borgunto-rosato-magnum-arezzo-BB-suitelets-soggiornare-in-toscana.webp","type":"image\/webp"}],"twitter_card":"summary_large_image","twitter_misc":{"Gesch\u00e4tzte Lesezeit":"1\u00a0Minute"},"schema":{"@context":"https:\/\/schema.org","@graph":[{"@type":"WebPage","@id":"https:\/\/www.granducatocollection.com\/prodotto\/bottiglia-di-rosato-jeroboam\/","url":"https:\/\/www.granducatocollection.com\/prodotto\/bottiglia-di-rosato-jeroboam\/","name":"B&B Arezzo - Bottiglia di Rosato Jeroboam - Gran ducato Collection","isPartOf":{"@id":"https:\/\/www.granducatocollection.com\/#website"},"primaryImageOfPage":{"@id":"https:\/\/www.granducatocollection.com\/prodotto\/bottiglia-di-rosato-jeroboam\/#primaryimage"},"image":{"@id":"https:\/\/www.granducatocollection.com\/prodotto\/bottiglia-di-rosato-jeroboam\/#primaryimage"},"thumbnailUrl":"https:\/\/www.granducatocollection.com\/wp-content\/uploads\/2025\/04\/granducatocollection-borgunto-rosato-magnum-arezzo-bb-suitelets-soggiornare-in-toscana.webp.webp","datePublished":"2025-04-26T13:00:43+00:00","dateModified":"2026-03-30T16:27:09+00:00","description":"Scopri il nostro Rosato Jeroboam da 3 litri \u2013 un formato esclusivo per occasioni speciali. Alta qualit\u00e0 Acquista ora su GranducatoCollection.com!","breadcrumb":{"@id":"https:\/\/www.granducatocollection.com\/prodotto\/bottiglia-di-rosato-jeroboam\/#breadcrumb"},"inLanguage":"de","potentialAction":[{"@type":"ReadAction","target":["https:\/\/www.granducatocollection.com\/prodotto\/bottiglia-di-rosato-jeroboam\/"]}]},{"@type":"ImageObject","inLanguage":"de","@id":"https:\/\/www.granducatocollection.com\/prodotto\/bottiglia-di-rosato-jeroboam\/#primaryimage","url":"https:\/\/www.granducatocollection.com\/wp-content\/uploads\/2025\/04\/granducatocollection-borgunto-rosato-magnum-arezzo-bb-suitelets-soggiornare-in-toscana.webp.webp","contentUrl":"https:\/\/www.granducatocollection.com\/wp-content\/uploads\/2025\/04\/granducatocollection-borgunto-rosato-magnum-arezzo-bb-suitelets-soggiornare-in-toscana.webp.webp","width":700,"height":700,"caption":"Bottiglia Jeroboam Rosato formato grande vino rosato italiano per occasioni speciali"},{"@type":"BreadcrumbList","@id":"https:\/\/www.granducatocollection.com\/prodotto\/bottiglia-di-rosato-jeroboam\/#breadcrumb","itemListElement":[{"@type":"ListItem","position":1,"name":"Home","item":"https:\/\/www.granducatocollection.com\/"},{"@type":"ListItem","position":2,"name":"Shop","item":"https:\/\/www.granducatocollection.com\/negozio\/"},{"@type":"ListItem","position":3,"name":"Bottiglia di Rosato Jeroboam"}]},{"@type":"WebSite","@id":"https:\/\/www.granducatocollection.com\/#website","url":"https:\/\/www.granducatocollection.com\/","name":"GranDucato Collection","description":"Prenota la tua vacanza e vivi un&#039;esperienza unica","potentialAction":[{"@type":"SearchAction","target":{"@type":"EntryPoint","urlTemplate":"https:\/\/www.granducatocollection.com\/?s={search_term_string}"},"query-input":{"@type":"PropertyValueSpecification","valueRequired":true,"valueName":"search_term_string"}}],"inLanguage":"de"}]}},"_links":{"self":[{"href":"https:\/\/www.granducatocollection.com\/de\/wp-json\/wp\/v2\/product\/6871","targetHints":{"allow":["GET"]}}],"collection":[{"href":"https:\/\/www.granducatocollection.com\/de\/wp-json\/wp\/v2\/product"}],"about":[{"href":"https:\/\/www.granducatocollection.com\/de\/wp-json\/wp\/v2\/types\/product"}],"wp:featuredmedia":[{"embeddable":true,"href":"https:\/\/www.granducatocollection.com\/de\/wp-json\/wp\/v2\/media\/8353"}],"wp:attachment":[{"href":"https:\/\/www.granducatocollection.com\/de\/wp-json\/wp\/v2\/media?parent=6871"}],"wp:term":[{"taxonomy":"product_brand","embeddable":true,"href":"https:\/\/www.granducatocollection.com\/de\/wp-json\/wp\/v2\/product_brand?post=6871"},{"taxonomy":"product_cat","embeddable":true,"href":"https:\/\/www.granducatocollection.com\/de\/wp-json\/wp\/v2\/product_cat?post=6871"},{"taxonomy":"product_tag","embeddable":true,"href":"https:\/\/www.granducatocollection.com\/de\/wp-json\/wp\/v2\/product_tag?post=6871"}],"curies":[{"name":"wp","href":"https:\/\/api.w.org\/{rel}","templated":true}]}}