{"id":6714,"date":"2025-04-18T13:46:15","date_gmt":"2025-04-18T13:46:15","guid":{"rendered":"https:\/\/www.granducatocollection.com\/?post_type=product&#038;p=6714"},"modified":"2026-04-06T09:07:27","modified_gmt":"2026-04-06T09:07:27","slug":"borgunto-box-standard","status":"publish","type":"product","link":"https:\/\/www.granducatocollection.com\/de\/product\/borgunto-box-standard\/","title":{"rendered":"Borgunto Box (Standard)"},"content":{"rendered":"<p><script type=\"application\/ld+json\">{\n    \"@context\": \"https:\\\/\\\/schema.org\",\n    \"@type\": \"Product\",\n    \"@id\": \"https:\\\/\\\/www.granducatocollection.com\\\/prodotto\\\/borgunto-box-standard\\\/\",\n    \"name\": \"Borgunto Box Standard \\u2013 Selezione Gourmet Toscana\",\n    \"image\": \"https:\\\/\\\/www.granducatocollection.com\\\/wp-content\\\/uploads\\\/2026\\\/01\\\/borgunto-box-standard.jpg\",\n    \"description\": \"Box gourmet toscano con Chianti Riserva DOCG, burro al tartufo bianco, maionese al tartufo nero e pasta artigianale. Prodotto ad Arezzo, senza conservanti. Perfetto come regalo enogastronomico.\",\n    \"brand\": {\n        \"@type\": \"Organization\",\n        \"name\": \"Borgunto\"\n    },\n    \"offers\": {\n        \"@type\": \"Offer\",\n        \"url\": \"https:\\\/\\\/www.granducatocollection.com\\\/prodotto\\\/borgunto-box-standard\\\/\",\n        \"priceCurrency\": \"EUR\",\n        \"price\": \"75.00\",\n        \"itemCondition\": \"https:\\\/\\\/schema.org\\\/NewCondition\",\n        \"availability\": \"https:\\\/\\\/schema.org\\\/InStock\",\n        \"seller\": {\n            \"@type\": \"Organization\",\n            \"name\": \"Granducato Collection\"\n        }\n    },\n    \"sku\": \"BORGUNTO-BOX-STANDARD\"\n}<\/script><\/p>\n<h1>Borgunto Standard Box \u2013 Toskanische Gourmet-Auswahl<\/h1>\n<h2>Ein komplettes kulinarisches Erlebnis, zusammengestellt in Arezzo<\/h2>\n<p class=\"translation-block\">Die <strong>Borgunto Standard Box<\/strong> ist eine sinnliche Reise durch die authentischsten Aromen der Toskana. Hergestellt in Arezzo von <strong>Borgunto<\/strong>, enth\u00e4lt diese Premium-Auswahl: eine Flasche samtig-weichen und vollmundigen <strong>Chianti Riserva DOCG Vignavecchia<\/strong>; ein Glas <strong>wei\u00dfe Tr\u00fcffelbutter<\/strong> mit edlem Bianchetto-Tr\u00fcffel; eine <strong>schwarze Sommertr\u00fcffel-Mayonnaise<\/strong>; und eine Packung <strong>handwerklich hergestellte toskanische Pasta<\/strong>, in Bronzeformen gezogen und r\u00fcckverfolgbar. Alle Produkte werden nach <strong>traditionellen Methoden und ohne Konservierungsstoffe<\/strong> hergestellt.<\/p>\n<h3>Das perfekte Geschenk f\u00fcr wahre Feinschmecker und Weinkenner.<\/h3>\n<p class=\"translation-block\">Die elegante, sorgf\u00e4ltig gefertigte und handverpackte Borgunto-Box ist die ideale Geschenkidee f\u00fcr Feinschmecker und Weinliebhaber zu Weihnachten, Jubil\u00e4en oder anderen besonderen Anl\u00e4ssen. Jedes einzelne St\u00fcck spiegelt die Leidenschaft f\u00fcr die Region, die Tradition und die Exzellenz toskanischer Produkte wider.<\/p>\n<h3>Symbol der Kollektion des Gro\u00dfherzogtums: Territorium, Qualit\u00e4t und R\u00fcckverfolgbarkeit<\/h3>\n<p class=\"translation-block\">Diese Box verk\u00f6rpert die Werte der Granducato Collection: direkte Kontrolle der Lieferkette, Respekt vor der Region Arezzo und limitierte Produktion. Eine Hommage an die l\u00e4ndliche Kultur der Toskana, entworfen f\u00fcr all jene, die Authentizit\u00e4t, Qualit\u00e4t und ein unvergessliches kulinarisches Erlebnis suchen.<\/p>","protected":false},"excerpt":{"rendered":"<h1>Borgunto Standard Box<\/h1>\n<p class=\"translation-block\">Die <strong>Borgunto Box Standard<\/strong> ist ein vollst\u00e4ndiges Gourmet-Erlebnis: Sie enth\u00e4lt <strong>Chianti Riserva DOCG<\/strong>, <strong>Butter mit wei\u00dfem Tr\u00fcffel<\/strong>, <strong>Mayonnaise mit schwarzem Tr\u00fcffel<\/strong> und <strong>handgemachte toskanische Pasta<\/strong>. Perfekt als <strong>gastronomisches Geschenk<\/strong> oder um die Exzellenz der <strong>Toskana<\/strong> auf den Tisch zu bringen \u2013 mit handwerklich hergestellten Produkten aus <strong>Arezzo<\/strong>.<\/p>","protected":false},"featured_media":11372,"template":"","meta":{"_acf_changed":false},"product_brand":[764],"product_cat":[843],"product_tag":[811,664,138,685],"class_list":{"0":"post-6714","1":"product","2":"type-product","3":"status-publish","4":"has-post-thumbnail","6":"product_brand-granducato-collection","7":"product_cat-box-e-degustazioni","8":"product_tag-box-prodotti","9":"product_tag-cooking-box","10":"product_tag-cucina-italiana","11":"product_tag-cucina-toscana","13":"first","14":"instock","15":"shipping-taxable","16":"purchasable","17":"product-type-simple"},"acf":[],"yoast_head":"<!-- This site is optimized with the Yoast SEO plugin v26.7 - https:\/\/yoast.com\/wordpress\/plugins\/seo\/ -->\n<title>B&amp;B Arezzo - Borgunto Box (Standard) - Gran Ducato Collection<\/title>\n<meta name=\"description\" content=\"Trasfoma la tua tavola in un ristorante stellato con una selezione premium di prodotti Borgunto vini raffinati i, tartufi pregiati e pasta d&#039;autore.\" \/>\n<meta name=\"robots\" content=\"index, follow, max-snippet:-1, max-image-preview:large, max-video-preview:-1\" \/>\n<link rel=\"canonical\" href=\"https:\/\/www.granducatocollection.com\/de\/product\/borgunto-box-standard\/\" \/>\n<meta property=\"og:locale\" content=\"de_DE\" \/>\n<meta property=\"og:type\" content=\"article\" \/>\n<meta property=\"og:title\" content=\"B&amp;B Arezzo - Borgunto Box (Standard) - Gran Ducato Collection\" \/>\n<meta property=\"og:description\" content=\"Trasfoma la tua tavola in un ristorante stellato con una selezione premium di prodotti Borgunto vini raffinati i, tartufi pregiati e pasta d&#039;autore.\" \/>\n<meta property=\"og:url\" content=\"https:\/\/www.granducatocollection.com\/de\/product\/borgunto-box-standard\/\" \/>\n<meta property=\"og:site_name\" content=\"Granducato Collection\" \/>\n<meta property=\"article:modified_time\" content=\"2026-04-06T09:07:27+00:00\" \/>\n<meta property=\"og:image\" content=\"https:\/\/www.granducatocollection.com\/wp-content\/uploads\/2025\/04\/borgunto-box-base-chianti-olio-evo-pasta-marmellata.webp\" \/>\n\t<meta property=\"og:image:width\" content=\"280\" \/>\n\t<meta property=\"og:image:height\" content=\"232\" \/>\n\t<meta property=\"og:image:type\" content=\"image\/webp\" \/>\n<meta name=\"twitter:card\" content=\"summary_large_image\" \/>\n<meta name=\"twitter:label1\" content=\"Gesch\u00e4tzte Lesezeit\" \/>\n\t<meta name=\"twitter:data1\" content=\"2\u00a0Minuten\" \/>\n<script type=\"application\/ld+json\" class=\"yoast-schema-graph\">{\"@context\":\"https:\/\/schema.org\",\"@graph\":[{\"@type\":\"WebPage\",\"@id\":\"https:\/\/www.granducatocollection.com\/prodotto\/borgunto-box-standard\/\",\"url\":\"https:\/\/www.granducatocollection.com\/prodotto\/borgunto-box-standard\/\",\"name\":\"B&B Arezzo - Borgunto Box (Standard) - Gran Ducato Collection\",\"isPartOf\":{\"@id\":\"https:\/\/www.granducatocollection.com\/#website\"},\"primaryImageOfPage\":{\"@id\":\"https:\/\/www.granducatocollection.com\/prodotto\/borgunto-box-standard\/#primaryimage\"},\"image\":{\"@id\":\"https:\/\/www.granducatocollection.com\/prodotto\/borgunto-box-standard\/#primaryimage\"},\"thumbnailUrl\":\"https:\/\/www.granducatocollection.com\/wp-content\/uploads\/2025\/04\/borgunto-box-base-chianti-olio-evo-pasta-marmellata.webp\",\"datePublished\":\"2025-04-18T13:46:15+00:00\",\"dateModified\":\"2026-04-06T09:07:27+00:00\",\"description\":\"Trasfoma la tua tavola in un ristorante stellato con una selezione premium di prodotti Borgunto vini raffinati i, tartufi pregiati e pasta d'autore.\",\"breadcrumb\":{\"@id\":\"https:\/\/www.granducatocollection.com\/prodotto\/borgunto-box-standard\/#breadcrumb\"},\"inLanguage\":\"de\",\"potentialAction\":[{\"@type\":\"ReadAction\",\"target\":[\"https:\/\/www.granducatocollection.com\/prodotto\/borgunto-box-standard\/\"]}]},{\"@type\":\"ImageObject\",\"inLanguage\":\"de\",\"@id\":\"https:\/\/www.granducatocollection.com\/prodotto\/borgunto-box-standard\/#primaryimage\",\"url\":\"https:\/\/www.granducatocollection.com\/wp-content\/uploads\/2025\/04\/borgunto-box-base-chianti-olio-evo-pasta-marmellata.webp\",\"contentUrl\":\"https:\/\/www.granducatocollection.com\/wp-content\/uploads\/2025\/04\/borgunto-box-base-chianti-olio-evo-pasta-marmellata.webp\",\"width\":280,\"height\":232,\"caption\":\"cooking box standard granducato arezzo\"},{\"@type\":\"BreadcrumbList\",\"@id\":\"https:\/\/www.granducatocollection.com\/prodotto\/borgunto-box-standard\/#breadcrumb\",\"itemListElement\":[{\"@type\":\"ListItem\",\"position\":1,\"name\":\"Home\",\"item\":\"https:\/\/www.granducatocollection.com\/\"},{\"@type\":\"ListItem\",\"position\":2,\"name\":\"Shop\",\"item\":\"https:\/\/www.granducatocollection.com\/negozio\/\"},{\"@type\":\"ListItem\",\"position\":3,\"name\":\"Borgunto Box (Standard)\"}]},{\"@type\":\"WebSite\",\"@id\":\"https:\/\/www.granducatocollection.com\/#website\",\"url\":\"https:\/\/www.granducatocollection.com\/\",\"name\":\"GranDucato Collection\",\"description\":\"Prenota la tua vacanza e vivi un&#039;esperienza unica\",\"potentialAction\":[{\"@type\":\"SearchAction\",\"target\":{\"@type\":\"EntryPoint\",\"urlTemplate\":\"https:\/\/www.granducatocollection.com\/?s={search_term_string}\"},\"query-input\":{\"@type\":\"PropertyValueSpecification\",\"valueRequired\":true,\"valueName\":\"search_term_string\"}}],\"inLanguage\":\"de\"}]}<\/script>\n<!-- \/ Yoast SEO plugin. -->","yoast_head_json":{"title":"B&B Arezzo - Borgunto Box (Standard) - Gran Ducato Collection","description":"Trasfoma la tua tavola in un ristorante stellato con una selezione premium di prodotti Borgunto vini raffinati i, tartufi pregiati e pasta d'autore.","robots":{"index":"index","follow":"follow","max-snippet":"max-snippet:-1","max-image-preview":"max-image-preview:large","max-video-preview":"max-video-preview:-1"},"canonical":"https:\/\/www.granducatocollection.com\/de\/product\/borgunto-box-standard\/","og_locale":"de_DE","og_type":"article","og_title":"B&B Arezzo - Borgunto Box (Standard) - Gran Ducato Collection","og_description":"Trasfoma la tua tavola in un ristorante stellato con una selezione premium di prodotti Borgunto vini raffinati i, tartufi pregiati e pasta d'autore.","og_url":"https:\/\/www.granducatocollection.com\/de\/product\/borgunto-box-standard\/","og_site_name":"Granducato Collection","article_modified_time":"2026-04-06T09:07:27+00:00","og_image":[{"width":280,"height":232,"url":"https:\/\/www.granducatocollection.com\/wp-content\/uploads\/2025\/04\/borgunto-box-base-chianti-olio-evo-pasta-marmellata.webp","type":"image\/webp"}],"twitter_card":"summary_large_image","twitter_misc":{"Gesch\u00e4tzte Lesezeit":"2\u00a0Minuten"},"schema":{"@context":"https:\/\/schema.org","@graph":[{"@type":"WebPage","@id":"https:\/\/www.granducatocollection.com\/prodotto\/borgunto-box-standard\/","url":"https:\/\/www.granducatocollection.com\/prodotto\/borgunto-box-standard\/","name":"B&B Arezzo - Borgunto Box (Standard) - Gran Ducato Collection","isPartOf":{"@id":"https:\/\/www.granducatocollection.com\/#website"},"primaryImageOfPage":{"@id":"https:\/\/www.granducatocollection.com\/prodotto\/borgunto-box-standard\/#primaryimage"},"image":{"@id":"https:\/\/www.granducatocollection.com\/prodotto\/borgunto-box-standard\/#primaryimage"},"thumbnailUrl":"https:\/\/www.granducatocollection.com\/wp-content\/uploads\/2025\/04\/borgunto-box-base-chianti-olio-evo-pasta-marmellata.webp","datePublished":"2025-04-18T13:46:15+00:00","dateModified":"2026-04-06T09:07:27+00:00","description":"Trasfoma la tua tavola in un ristorante stellato con una selezione premium di prodotti Borgunto vini raffinati i, tartufi pregiati e pasta d'autore.","breadcrumb":{"@id":"https:\/\/www.granducatocollection.com\/prodotto\/borgunto-box-standard\/#breadcrumb"},"inLanguage":"de","potentialAction":[{"@type":"ReadAction","target":["https:\/\/www.granducatocollection.com\/prodotto\/borgunto-box-standard\/"]}]},{"@type":"ImageObject","inLanguage":"de","@id":"https:\/\/www.granducatocollection.com\/prodotto\/borgunto-box-standard\/#primaryimage","url":"https:\/\/www.granducatocollection.com\/wp-content\/uploads\/2025\/04\/borgunto-box-base-chianti-olio-evo-pasta-marmellata.webp","contentUrl":"https:\/\/www.granducatocollection.com\/wp-content\/uploads\/2025\/04\/borgunto-box-base-chianti-olio-evo-pasta-marmellata.webp","width":280,"height":232,"caption":"cooking box standard granducato arezzo"},{"@type":"BreadcrumbList","@id":"https:\/\/www.granducatocollection.com\/prodotto\/borgunto-box-standard\/#breadcrumb","itemListElement":[{"@type":"ListItem","position":1,"name":"Home","item":"https:\/\/www.granducatocollection.com\/"},{"@type":"ListItem","position":2,"name":"Shop","item":"https:\/\/www.granducatocollection.com\/negozio\/"},{"@type":"ListItem","position":3,"name":"Borgunto Box (Standard)"}]},{"@type":"WebSite","@id":"https:\/\/www.granducatocollection.com\/#website","url":"https:\/\/www.granducatocollection.com\/","name":"GranDucato Collection","description":"Prenota la tua vacanza e vivi un&#039;esperienza unica","potentialAction":[{"@type":"SearchAction","target":{"@type":"EntryPoint","urlTemplate":"https:\/\/www.granducatocollection.com\/?s={search_term_string}"},"query-input":{"@type":"PropertyValueSpecification","valueRequired":true,"valueName":"search_term_string"}}],"inLanguage":"de"}]}},"_links":{"self":[{"href":"https:\/\/www.granducatocollection.com\/de\/wp-json\/wp\/v2\/product\/6714","targetHints":{"allow":["GET"]}}],"collection":[{"href":"https:\/\/www.granducatocollection.com\/de\/wp-json\/wp\/v2\/product"}],"about":[{"href":"https:\/\/www.granducatocollection.com\/de\/wp-json\/wp\/v2\/types\/product"}],"wp:featuredmedia":[{"embeddable":true,"href":"https:\/\/www.granducatocollection.com\/de\/wp-json\/wp\/v2\/media\/11372"}],"wp:attachment":[{"href":"https:\/\/www.granducatocollection.com\/de\/wp-json\/wp\/v2\/media?parent=6714"}],"wp:term":[{"taxonomy":"product_brand","embeddable":true,"href":"https:\/\/www.granducatocollection.com\/de\/wp-json\/wp\/v2\/product_brand?post=6714"},{"taxonomy":"product_cat","embeddable":true,"href":"https:\/\/www.granducatocollection.com\/de\/wp-json\/wp\/v2\/product_cat?post=6714"},{"taxonomy":"product_tag","embeddable":true,"href":"https:\/\/www.granducatocollection.com\/de\/wp-json\/wp\/v2\/product_tag?post=6714"}],"curies":[{"name":"wp","href":"https:\/\/api.w.org\/{rel}","templated":true}]}}