{"id":6713,"date":"2025-04-18T13:25:27","date_gmt":"2025-04-18T13:25:27","guid":{"rendered":"https:\/\/www.granducatocollection.com\/?post_type=product&#038;p=6713"},"modified":"2026-04-06T09:03:43","modified_gmt":"2026-04-06T09:03:43","slug":"borgunto-box","status":"publish","type":"product","link":"https:\/\/www.granducatocollection.com\/de\/product\/borgunto-box\/","title":{"rendered":"Borgunto-Box"},"content":{"rendered":"<p><script type=\"application\/ld+json\">{\n    \"@context\": \"https:\\\/\\\/schema.org\",\n    \"@type\": \"Product\",\n    \"@id\": \"https:\\\/\\\/www.granducatocollection.com\\\/prodotto\\\/borgunto-box\\\/\",\n    \"name\": \"Borgunto Box \\u2013 Kit Gourmet Italiano\",\n    \"image\": \"https:\\\/\\\/www.granducatocollection.com\\\/wp-content\\\/uploads\\\/2026\\\/01\\\/borgunto-box-kit-gourmet.jpg\",\n    \"description\": \"Kit gourmet italiano con prodotti artigianali toscani: confetture, sughi tradizionali, pesche sciroppate e pasta degli Agricoltori. Perfetto come regalo gourmet completo. Spedizione inclusa.\",\n    \"brand\": {\n        \"@type\": \"Organization\",\n        \"name\": \"Borgunto\"\n    },\n    \"offers\": {\n        \"@type\": \"Offer\",\n        \"url\": \"https:\\\/\\\/www.granducatocollection.com\\\/prodotto\\\/borgunto-box\\\/\",\n        \"priceCurrency\": \"EUR\",\n        \"price\": \"49.00\",\n        \"itemCondition\": \"https:\\\/\\\/schema.org\\\/NewCondition\",\n        \"availability\": \"https:\\\/\\\/schema.org\\\/InStock\",\n        \"seller\": {\n            \"@type\": \"Organization\",\n            \"name\": \"Granducato Collection\"\n        }\n    },\n    \"sku\": \"BORGUNTO-BOX-KIT-GOURMET\"\n}<\/script><\/p>\n<h1>Kochbox \u2013 Italienisches Gourmet-Set<\/h1>\n<h2>Ein komplettes Gourmet-Geschenk mit handwerklich hergestellten toskanischen Produkten aus Arezzo<\/h2>\n<p class=\"translation-block\">Die <strong>Borgunto Box<\/strong> ist ein gastronomisches Erlebnis, das in <strong>Arezzo<\/strong>, in der <strong>Toskana<\/strong>, im Rahmen der <strong>Granducato Collection<\/strong> zusammengestellt wird. Sie vereint die besten <strong>handwerklichen Spezialit\u00e4ten der Toskana<\/strong> in einer einzigen Geschenkbox, konzipiert f\u00fcr alle, die authentische K\u00fcche, Qualit\u00e4t und das Vergn\u00fcgen lieben, echte Geschmackserlebnisse zu entdecken.<\/p>\n<h3>Was die Borgunto-Box enth\u00e4lt:<\/h3>\n<ul>\n<li class=\"translation-block\"><strong>2 handgemachte Marmeladen<\/strong> \u2013 Selbstgemachte S\u00fc\u00dfigkeiten, perfekt f\u00fcr ein traumhaftes Fr\u00fchst\u00fcck oder raffinierte Snacks<\/li>\n<li class=\"translation-block\"><strong>2 traditionelle italienische Saucen<\/strong> \u2013 Der authentische Geschmack der toskanischen K\u00fcche, bereit, jeden ersten Gang zu verfeinern<\/li>\n<li class=\"translation-block\"><strong>1 Glas handwerklich hergestellte Pfirsiche in Sirup<\/strong> \u2013 Die sommerliche S\u00fc\u00dfe der italienischen Landschaft, ideal als Dessert oder als Leckerei<\/li>\n<li class=\"translation-block\"><strong>1 Packung Farmers' Pasta (500 g)<\/strong> \u2013 Ausgew\u00e4hlter Hartweizengrie\u00df, in Bronzeformen gezogen f\u00fcr exzellente Pasta<\/li>\n<\/ul>\n<h3>Das perfekte Feinschmeckergeschenk \u2013 inklusive Versand<\/h3>\n<p class=\"translation-block\">Die Borgunto Box ist das perfekte Gourmet-Geschenk f\u00fcr Weihnachten, Jubil\u00e4en, Geburtstage oder einfach als besonderes Geschenk. Jedes Produkt wird sorgf\u00e4ltig ausgew\u00e4hlt, elegant verpackt und versandkostenfrei direkt zu Ihnen nach Hause geliefert.<\/p>","protected":false},"excerpt":{"rendered":"<h1><strong>Borgunto-Box<\/strong><\/h1>\n<p class=\"translation-block\">Die <strong>Borgunto Box<\/strong> ist ein <strong>italienisches Gourmet-Set<\/strong>, zusammengestellt von <strong>Borgunto<\/strong> aus <strong>Arezzo<\/strong>, in der <strong>Toskana<\/strong>. Sie enth\u00e4lt <strong>handgemachte Marmeladen<\/strong>, <strong>traditionelle Saucen<\/strong>, <strong>eingemachte Pfirsiche<\/strong> und <strong>Pasta der Landwirte<\/strong> \u2014 das <strong>komplette Gourmet-Geschenk<\/strong> f\u00fcr Liebhaber authentischer K\u00fcche. <strong>Versand inklusive<\/strong>.<\/p>","protected":false},"featured_media":11371,"template":"","meta":{"_acf_changed":false},"product_brand":[764],"product_cat":[843],"product_tag":[811,664,726],"class_list":{"0":"post-6713","1":"product","2":"type-product","3":"status-publish","4":"has-post-thumbnail","6":"product_brand-granducato-collection","7":"product_cat-box-e-degustazioni","8":"product_tag-box-prodotti","9":"product_tag-cooking-box","10":"product_tag-prodotti-deccellenza","12":"first","13":"instock","14":"shipping-taxable","15":"purchasable","16":"product-type-simple"},"acf":[],"yoast_head":"<!-- This site is optimized with the Yoast SEO plugin v26.7 - https:\/\/yoast.com\/wordpress\/plugins\/seo\/ -->\n<title>Borgunto Box - Granducato Collection<\/title>\n<meta name=\"robots\" content=\"index, follow, max-snippet:-1, max-image-preview:large, max-video-preview:-1\" \/>\n<link rel=\"canonical\" href=\"https:\/\/www.granducatocollection.com\/de\/product\/borgunto-box\/\" \/>\n<meta property=\"og:locale\" content=\"de_DE\" \/>\n<meta property=\"og:type\" content=\"article\" \/>\n<meta property=\"og:title\" content=\"Borgunto Box - Granducato Collection\" \/>\n<meta property=\"og:description\" content=\"Borgunto Box La Borgunto Box \u00e8 un kit gourmet italiano curato da Borgunto ad Arezzo, in Toscana. Include confetture artigianali, sughi tradizionali, pesche sciroppate e pasta degli Agricoltori \u2014 il regalo gourmet completo per amanti della cucina autentica. Spedizione inclusa.\" \/>\n<meta property=\"og:url\" content=\"https:\/\/www.granducatocollection.com\/de\/product\/borgunto-box\/\" \/>\n<meta property=\"og:site_name\" content=\"Granducato Collection\" \/>\n<meta property=\"article:modified_time\" content=\"2026-04-06T09:03:43+00:00\" \/>\n<meta property=\"og:image\" content=\"https:\/\/www.granducatocollection.com\/wp-content\/uploads\/2025\/04\/cookingbox-granducatogestioni-borgunto-prodotti-olio-vino-pasta-confettura-chianti-arezzo-toscana-viar.webp\" \/>\n\t<meta property=\"og:image:width\" content=\"2560\" \/>\n\t<meta property=\"og:image:height\" content=\"1920\" \/>\n\t<meta property=\"og:image:type\" content=\"image\/webp\" \/>\n<meta name=\"twitter:card\" content=\"summary_large_image\" \/>\n<meta name=\"twitter:label1\" content=\"Gesch\u00e4tzte Lesezeit\" \/>\n\t<meta name=\"twitter:data1\" content=\"2\u00a0Minuten\" \/>\n<script type=\"application\/ld+json\" class=\"yoast-schema-graph\">{\"@context\":\"https:\/\/schema.org\",\"@graph\":[{\"@type\":\"WebPage\",\"@id\":\"https:\/\/www.granducatocollection.com\/prodotto\/borgunto-box\/\",\"url\":\"https:\/\/www.granducatocollection.com\/prodotto\/borgunto-box\/\",\"name\":\"Borgunto Box - Granducato Collection\",\"isPartOf\":{\"@id\":\"https:\/\/www.granducatocollection.com\/#website\"},\"primaryImageOfPage\":{\"@id\":\"https:\/\/www.granducatocollection.com\/prodotto\/borgunto-box\/#primaryimage\"},\"image\":{\"@id\":\"https:\/\/www.granducatocollection.com\/prodotto\/borgunto-box\/#primaryimage\"},\"thumbnailUrl\":\"https:\/\/www.granducatocollection.com\/wp-content\/uploads\/2025\/04\/cookingbox-granducatogestioni-borgunto-prodotti-olio-vino-pasta-confettura-chianti-arezzo-toscana-viar.webp\",\"datePublished\":\"2025-04-18T13:25:27+00:00\",\"dateModified\":\"2026-04-06T09:03:43+00:00\",\"breadcrumb\":{\"@id\":\"https:\/\/www.granducatocollection.com\/prodotto\/borgunto-box\/#breadcrumb\"},\"inLanguage\":\"de\",\"potentialAction\":[{\"@type\":\"ReadAction\",\"target\":[\"https:\/\/www.granducatocollection.com\/prodotto\/borgunto-box\/\"]}]},{\"@type\":\"ImageObject\",\"inLanguage\":\"de\",\"@id\":\"https:\/\/www.granducatocollection.com\/prodotto\/borgunto-box\/#primaryimage\",\"url\":\"https:\/\/www.granducatocollection.com\/wp-content\/uploads\/2025\/04\/cookingbox-granducatogestioni-borgunto-prodotti-olio-vino-pasta-confettura-chianti-arezzo-toscana-viar.webp\",\"contentUrl\":\"https:\/\/www.granducatocollection.com\/wp-content\/uploads\/2025\/04\/cookingbox-granducatogestioni-borgunto-prodotti-olio-vino-pasta-confettura-chianti-arezzo-toscana-viar.webp\",\"width\":2560,\"height\":1920,\"caption\":\"borgunto box granducato collection\"},{\"@type\":\"BreadcrumbList\",\"@id\":\"https:\/\/www.granducatocollection.com\/prodotto\/borgunto-box\/#breadcrumb\",\"itemListElement\":[{\"@type\":\"ListItem\",\"position\":1,\"name\":\"Home\",\"item\":\"https:\/\/www.granducatocollection.com\/\"},{\"@type\":\"ListItem\",\"position\":2,\"name\":\"Shop\",\"item\":\"https:\/\/www.granducatocollection.com\/negozio\/\"},{\"@type\":\"ListItem\",\"position\":3,\"name\":\"Borgunto Box\"}]},{\"@type\":\"WebSite\",\"@id\":\"https:\/\/www.granducatocollection.com\/#website\",\"url\":\"https:\/\/www.granducatocollection.com\/\",\"name\":\"GranDucato Collection\",\"description\":\"Prenota la tua vacanza e vivi un&#039;esperienza unica\",\"potentialAction\":[{\"@type\":\"SearchAction\",\"target\":{\"@type\":\"EntryPoint\",\"urlTemplate\":\"https:\/\/www.granducatocollection.com\/?s={search_term_string}\"},\"query-input\":{\"@type\":\"PropertyValueSpecification\",\"valueRequired\":true,\"valueName\":\"search_term_string\"}}],\"inLanguage\":\"de\"}]}<\/script>\n<!-- \/ Yoast SEO plugin. -->","yoast_head_json":{"title":"Borgunto Box - Granducato Collection","robots":{"index":"index","follow":"follow","max-snippet":"max-snippet:-1","max-image-preview":"max-image-preview:large","max-video-preview":"max-video-preview:-1"},"canonical":"https:\/\/www.granducatocollection.com\/de\/product\/borgunto-box\/","og_locale":"de_DE","og_type":"article","og_title":"Borgunto Box - Granducato Collection","og_description":"Borgunto Box La Borgunto Box \u00e8 un kit gourmet italiano curato da Borgunto ad Arezzo, in Toscana. Include confetture artigianali, sughi tradizionali, pesche sciroppate e pasta degli Agricoltori \u2014 il regalo gourmet completo per amanti della cucina autentica. Spedizione inclusa.","og_url":"https:\/\/www.granducatocollection.com\/de\/product\/borgunto-box\/","og_site_name":"Granducato Collection","article_modified_time":"2026-04-06T09:03:43+00:00","og_image":[{"width":2560,"height":1920,"url":"https:\/\/www.granducatocollection.com\/wp-content\/uploads\/2025\/04\/cookingbox-granducatogestioni-borgunto-prodotti-olio-vino-pasta-confettura-chianti-arezzo-toscana-viar.webp","type":"image\/webp"}],"twitter_card":"summary_large_image","twitter_misc":{"Gesch\u00e4tzte Lesezeit":"2\u00a0Minuten"},"schema":{"@context":"https:\/\/schema.org","@graph":[{"@type":"WebPage","@id":"https:\/\/www.granducatocollection.com\/prodotto\/borgunto-box\/","url":"https:\/\/www.granducatocollection.com\/prodotto\/borgunto-box\/","name":"Borgunto Box - Granducato Collection","isPartOf":{"@id":"https:\/\/www.granducatocollection.com\/#website"},"primaryImageOfPage":{"@id":"https:\/\/www.granducatocollection.com\/prodotto\/borgunto-box\/#primaryimage"},"image":{"@id":"https:\/\/www.granducatocollection.com\/prodotto\/borgunto-box\/#primaryimage"},"thumbnailUrl":"https:\/\/www.granducatocollection.com\/wp-content\/uploads\/2025\/04\/cookingbox-granducatogestioni-borgunto-prodotti-olio-vino-pasta-confettura-chianti-arezzo-toscana-viar.webp","datePublished":"2025-04-18T13:25:27+00:00","dateModified":"2026-04-06T09:03:43+00:00","breadcrumb":{"@id":"https:\/\/www.granducatocollection.com\/prodotto\/borgunto-box\/#breadcrumb"},"inLanguage":"de","potentialAction":[{"@type":"ReadAction","target":["https:\/\/www.granducatocollection.com\/prodotto\/borgunto-box\/"]}]},{"@type":"ImageObject","inLanguage":"de","@id":"https:\/\/www.granducatocollection.com\/prodotto\/borgunto-box\/#primaryimage","url":"https:\/\/www.granducatocollection.com\/wp-content\/uploads\/2025\/04\/cookingbox-granducatogestioni-borgunto-prodotti-olio-vino-pasta-confettura-chianti-arezzo-toscana-viar.webp","contentUrl":"https:\/\/www.granducatocollection.com\/wp-content\/uploads\/2025\/04\/cookingbox-granducatogestioni-borgunto-prodotti-olio-vino-pasta-confettura-chianti-arezzo-toscana-viar.webp","width":2560,"height":1920,"caption":"borgunto box granducato collection"},{"@type":"BreadcrumbList","@id":"https:\/\/www.granducatocollection.com\/prodotto\/borgunto-box\/#breadcrumb","itemListElement":[{"@type":"ListItem","position":1,"name":"Home","item":"https:\/\/www.granducatocollection.com\/"},{"@type":"ListItem","position":2,"name":"Shop","item":"https:\/\/www.granducatocollection.com\/negozio\/"},{"@type":"ListItem","position":3,"name":"Borgunto Box"}]},{"@type":"WebSite","@id":"https:\/\/www.granducatocollection.com\/#website","url":"https:\/\/www.granducatocollection.com\/","name":"GranDucato Collection","description":"Prenota la tua vacanza e vivi un&#039;esperienza unica","potentialAction":[{"@type":"SearchAction","target":{"@type":"EntryPoint","urlTemplate":"https:\/\/www.granducatocollection.com\/?s={search_term_string}"},"query-input":{"@type":"PropertyValueSpecification","valueRequired":true,"valueName":"search_term_string"}}],"inLanguage":"de"}]}},"_links":{"self":[{"href":"https:\/\/www.granducatocollection.com\/de\/wp-json\/wp\/v2\/product\/6713","targetHints":{"allow":["GET"]}}],"collection":[{"href":"https:\/\/www.granducatocollection.com\/de\/wp-json\/wp\/v2\/product"}],"about":[{"href":"https:\/\/www.granducatocollection.com\/de\/wp-json\/wp\/v2\/types\/product"}],"wp:featuredmedia":[{"embeddable":true,"href":"https:\/\/www.granducatocollection.com\/de\/wp-json\/wp\/v2\/media\/11371"}],"wp:attachment":[{"href":"https:\/\/www.granducatocollection.com\/de\/wp-json\/wp\/v2\/media?parent=6713"}],"wp:term":[{"taxonomy":"product_brand","embeddable":true,"href":"https:\/\/www.granducatocollection.com\/de\/wp-json\/wp\/v2\/product_brand?post=6713"},{"taxonomy":"product_cat","embeddable":true,"href":"https:\/\/www.granducatocollection.com\/de\/wp-json\/wp\/v2\/product_cat?post=6713"},{"taxonomy":"product_tag","embeddable":true,"href":"https:\/\/www.granducatocollection.com\/de\/wp-json\/wp\/v2\/product_tag?post=6713"}],"curies":[{"name":"wp","href":"https:\/\/api.w.org\/{rel}","templated":true}]}}