{"id":6709,"date":"2025-04-18T12:20:27","date_gmt":"2025-04-18T12:20:27","guid":{"rendered":"https:\/\/www.granducatocollection.com\/?post_type=product&#038;p=6709"},"modified":"2026-04-06T11:05:00","modified_gmt":"2026-04-06T11:05:00","slug":"prodotti-borgunto-standard","status":"publish","type":"product","link":"https:\/\/www.granducatocollection.com\/de\/product\/prodotti-borgunto-standard\/","title":{"rendered":"Borgunto-Produkte (Standard)"},"content":{"rendered":"<p><script type=\"application\/ld+json\">{\n    \"@context\": \"https:\\\/\\\/schema.org\",\n    \"@type\": \"Product\",\n    \"@id\": \"https:\\\/\\\/www.granducatocollection.com\\\/prodotto\\\/prodotti-borgunto-standard\\\/\",\n    \"name\": \"Pacchetto Tartufo e Miele \\u2013 Prodotti Borgunto Standard\",\n    \"image\": \"https:\\\/\\\/www.granducatocollection.com\\\/wp-content\\\/uploads\\\/2026\\\/01\\\/pacchetto-tartufo-miele-borgunto.jpg\",\n    \"description\": \"Pacchetto tartufo e miele artigianale toscano da Arezzo. Include grappa al miele di millefiori, miele al tartufo nero estivo e popcorn al tartufo. Regalo gourmet italiano con spedizione inclusa.\",\n    \"brand\": {\n        \"@type\": \"Organization\",\n        \"name\": \"Borgunto\"\n    },\n    \"offers\": {\n        \"@type\": \"Offer\",\n        \"url\": \"https:\\\/\\\/www.granducatocollection.com\\\/prodotto\\\/prodotti-borgunto-standard\\\/\",\n        \"priceCurrency\": \"EUR\",\n        \"price\": \"49.00\",\n        \"itemCondition\": \"https:\\\/\\\/schema.org\\\/NewCondition\",\n        \"availability\": \"https:\\\/\\\/schema.org\\\/InStock\",\n        \"seller\": {\n            \"@type\": \"Organization\",\n            \"name\": \"Granducato Collection\"\n        }\n    },\n    \"sku\": \"PACCHETTO-TARTUFO-MIELE-STANDARD\"\n}<\/script><\/p>\n<h1>Tr\u00fcffel- und Honigpaket \u2013 Borgunto Standardprodukte<\/h1>\n<h2>Italienisches Gourmet-Geschenk mit handwerklich hergestellten toskanischen Produkten aus Arezzo<\/h2>\n<p class=\"translation-block\">Entdecken Sie die perfekte Harmonie von Tr\u00fcffeln und Honig mit diesem exklusiven Tr\u00fcffel-Honig-Paket, zusammengestellt von Borgonto im Herzen der Toskana. Hergestellt in Arezzo, vereint es drei handwerklich hergestellte toskanische Produkte h\u00f6chster Qualit\u00e4t \u2013 perfekt, um wahre Kenner zu \u00fcberraschen oder besondere Anl\u00e4sse mit einem Hauch italienischer Authentizit\u00e4t zu bereichern.<\/p>\n<h3>Was ist im Paket enthalten?<\/h3>\n<ul>\n<li class=\"translation-block\">Grappa mit Wildbl\u00fctenhonig (50 cl) \u2013 ein weiches und aromatisches Destillat<\/li>\n<li class=\"translation-block\"><strong>Schwarzer Sommertr\u00fcffelhonig<\/strong> \u2013 umh\u00fcllende S\u00fc\u00dfe mit erdigen Noten<\/li>\n<li class=\"translation-block\"><strong>Popcorn mit schwarzem Sommertr\u00fcffel<\/strong> \u2013 ein unwiderstehlicher Gourmet-Snack<\/li>\n<\/ul>\n<h3>Symbol der Granducato-Kollektion: Eleganz, Regionalit\u00e4t und handwerkliche Sorgfalt<\/h3>\n<p class=\"translation-block\">Jedes Element dieses italienischen Feinschmeckergeschenks wurde sorgf\u00e4ltig von der Granducato Collection ausgew\u00e4hlt \u2013 einem Projekt, das kulinarische Exzellenz, R\u00fcckverfolgbarkeit und Respekt vor der Toskana vereint. Der Versand ist im Preis inbegriffen. Die elegante Geschenkverpackung erm\u00f6glicht den Versand innerhalb Italiens und Europas.<\/p>","protected":false},"excerpt":{"rendered":"<h1 data-start=\"591\" data-end=\"820\">Box Borgunto<\/h1>\n<p class=\"\" data-start=\"591\" data-end=\"820\">Eine Harmonie intensiver und exquisiter Aromen, entwickelt f\u00fcr diejenigen, die Exzellenz lieben und die perfekte Kombination aus Honig und Tr\u00fcffel entdecken m\u00f6chten. Ein exklusives Paket, das Tradition und Raffinesse vereint, auch perfekt als Gourmet-Geschenk!<\/p>","protected":false},"featured_media":8134,"template":"","meta":{"_acf_changed":false},"product_brand":[764],"product_cat":[843],"product_tag":[664,821,584,791],"class_list":{"0":"post-6709","1":"product","2":"type-product","3":"status-publish","4":"has-post-thumbnail","6":"product_brand-granducato-collection","7":"product_cat-box-e-degustazioni","8":"product_tag-cooking-box","9":"product_tag-prodotti-gourmet","10":"product_tag-prodotti-tipici","11":"product_tag-prodotti-toscani","13":"first","14":"instock","15":"shipping-taxable","16":"purchasable","17":"product-type-simple"},"acf":[],"yoast_head":"<!-- This site is optimized with the Yoast SEO plugin v26.7 - https:\/\/yoast.com\/wordpress\/plugins\/seo\/ -->\n<title>Prodotti Borgunto (Standard) - Granducato Collection<\/title>\n<meta name=\"robots\" content=\"index, follow, max-snippet:-1, max-image-preview:large, max-video-preview:-1\" \/>\n<link rel=\"canonical\" href=\"https:\/\/www.granducatocollection.com\/de\/product\/prodotti-borgunto-standard\/\" \/>\n<meta property=\"og:locale\" content=\"de_DE\" \/>\n<meta property=\"og:type\" content=\"article\" \/>\n<meta property=\"og:title\" content=\"Prodotti Borgunto (Standard) - Granducato Collection\" \/>\n<meta property=\"og:description\" content=\"Box Borgunto Un&#039;armonia di sapori intensi e pregiati, pensata per chi ama l&#039;eccellenza e vuole scoprire il connubio perfetto tra miele e tartufo. Un pacchetto esclusivo che unisce tradizione e raffinatezza, perfetto anche come regalo gourmet!\" \/>\n<meta property=\"og:url\" content=\"https:\/\/www.granducatocollection.com\/de\/product\/prodotti-borgunto-standard\/\" \/>\n<meta property=\"og:site_name\" content=\"Granducato Collection\" \/>\n<meta property=\"article:modified_time\" content=\"2026-04-06T11:05:00+00:00\" \/>\n<meta property=\"og:image\" content=\"https:\/\/www.granducatocollection.com\/wp-content\/uploads\/2025\/07\/cookingbox-granducatogestioni-borgunto-prodotti-olio-vino-pasta-confettura-chianti-arezzo-toscana-vi.webp\" \/>\n\t<meta property=\"og:image:width\" content=\"600\" \/>\n\t<meta property=\"og:image:height\" content=\"450\" \/>\n\t<meta property=\"og:image:type\" content=\"image\/webp\" \/>\n<meta name=\"twitter:card\" content=\"summary_large_image\" \/>\n<meta name=\"twitter:label1\" content=\"Gesch\u00e4tzte Lesezeit\" \/>\n\t<meta name=\"twitter:data1\" content=\"1\u00a0Minute\" \/>\n<script type=\"application\/ld+json\" class=\"yoast-schema-graph\">{\"@context\":\"https:\/\/schema.org\",\"@graph\":[{\"@type\":\"WebPage\",\"@id\":\"https:\/\/www.granducatocollection.com\/prodotto\/prodotti-borgunto-standard\/\",\"url\":\"https:\/\/www.granducatocollection.com\/prodotto\/prodotti-borgunto-standard\/\",\"name\":\"Prodotti Borgunto (Standard) - Granducato Collection\",\"isPartOf\":{\"@id\":\"https:\/\/www.granducatocollection.com\/#website\"},\"primaryImageOfPage\":{\"@id\":\"https:\/\/www.granducatocollection.com\/prodotto\/prodotti-borgunto-standard\/#primaryimage\"},\"image\":{\"@id\":\"https:\/\/www.granducatocollection.com\/prodotto\/prodotti-borgunto-standard\/#primaryimage\"},\"thumbnailUrl\":\"https:\/\/www.granducatocollection.com\/wp-content\/uploads\/2025\/07\/cookingbox-granducatogestioni-borgunto-prodotti-olio-vino-pasta-confettura-chianti-arezzo-toscana-vi.webp\",\"datePublished\":\"2025-04-18T12:20:27+00:00\",\"dateModified\":\"2026-04-06T11:05:00+00:00\",\"breadcrumb\":{\"@id\":\"https:\/\/www.granducatocollection.com\/prodotto\/prodotti-borgunto-standard\/#breadcrumb\"},\"inLanguage\":\"de\",\"potentialAction\":[{\"@type\":\"ReadAction\",\"target\":[\"https:\/\/www.granducatocollection.com\/prodotto\/prodotti-borgunto-standard\/\"]}]},{\"@type\":\"ImageObject\",\"inLanguage\":\"de\",\"@id\":\"https:\/\/www.granducatocollection.com\/prodotto\/prodotti-borgunto-standard\/#primaryimage\",\"url\":\"https:\/\/www.granducatocollection.com\/wp-content\/uploads\/2025\/07\/cookingbox-granducatogestioni-borgunto-prodotti-olio-vino-pasta-confettura-chianti-arezzo-toscana-vi.webp\",\"contentUrl\":\"https:\/\/www.granducatocollection.com\/wp-content\/uploads\/2025\/07\/cookingbox-granducatogestioni-borgunto-prodotti-olio-vino-pasta-confettura-chianti-arezzo-toscana-vi.webp\",\"width\":600,\"height\":450,\"caption\":\"Cooking box kit for dinner with Chianti wine, pasta, olive oil and sauce\"},{\"@type\":\"BreadcrumbList\",\"@id\":\"https:\/\/www.granducatocollection.com\/prodotto\/prodotti-borgunto-standard\/#breadcrumb\",\"itemListElement\":[{\"@type\":\"ListItem\",\"position\":1,\"name\":\"Home\",\"item\":\"https:\/\/www.granducatocollection.com\/\"},{\"@type\":\"ListItem\",\"position\":2,\"name\":\"Shop\",\"item\":\"https:\/\/www.granducatocollection.com\/negozio\/\"},{\"@type\":\"ListItem\",\"position\":3,\"name\":\"Prodotti Borgunto (Standard)\"}]},{\"@type\":\"WebSite\",\"@id\":\"https:\/\/www.granducatocollection.com\/#website\",\"url\":\"https:\/\/www.granducatocollection.com\/\",\"name\":\"GranDucato Collection\",\"description\":\"Prenota la tua vacanza e vivi un&#039;esperienza unica\",\"potentialAction\":[{\"@type\":\"SearchAction\",\"target\":{\"@type\":\"EntryPoint\",\"urlTemplate\":\"https:\/\/www.granducatocollection.com\/?s={search_term_string}\"},\"query-input\":{\"@type\":\"PropertyValueSpecification\",\"valueRequired\":true,\"valueName\":\"search_term_string\"}}],\"inLanguage\":\"de\"}]}<\/script>\n<!-- \/ Yoast SEO plugin. -->","yoast_head_json":{"title":"Prodotti Borgunto (Standard) - Granducato Collection","robots":{"index":"index","follow":"follow","max-snippet":"max-snippet:-1","max-image-preview":"max-image-preview:large","max-video-preview":"max-video-preview:-1"},"canonical":"https:\/\/www.granducatocollection.com\/de\/product\/prodotti-borgunto-standard\/","og_locale":"de_DE","og_type":"article","og_title":"Prodotti Borgunto (Standard) - Granducato Collection","og_description":"Box Borgunto Un'armonia di sapori intensi e pregiati, pensata per chi ama l'eccellenza e vuole scoprire il connubio perfetto tra miele e tartufo. Un pacchetto esclusivo che unisce tradizione e raffinatezza, perfetto anche come regalo gourmet!","og_url":"https:\/\/www.granducatocollection.com\/de\/product\/prodotti-borgunto-standard\/","og_site_name":"Granducato Collection","article_modified_time":"2026-04-06T11:05:00+00:00","og_image":[{"width":600,"height":450,"url":"https:\/\/www.granducatocollection.com\/wp-content\/uploads\/2025\/07\/cookingbox-granducatogestioni-borgunto-prodotti-olio-vino-pasta-confettura-chianti-arezzo-toscana-vi.webp","type":"image\/webp"}],"twitter_card":"summary_large_image","twitter_misc":{"Gesch\u00e4tzte Lesezeit":"1\u00a0Minute"},"schema":{"@context":"https:\/\/schema.org","@graph":[{"@type":"WebPage","@id":"https:\/\/www.granducatocollection.com\/prodotto\/prodotti-borgunto-standard\/","url":"https:\/\/www.granducatocollection.com\/prodotto\/prodotti-borgunto-standard\/","name":"Prodotti Borgunto (Standard) - Granducato Collection","isPartOf":{"@id":"https:\/\/www.granducatocollection.com\/#website"},"primaryImageOfPage":{"@id":"https:\/\/www.granducatocollection.com\/prodotto\/prodotti-borgunto-standard\/#primaryimage"},"image":{"@id":"https:\/\/www.granducatocollection.com\/prodotto\/prodotti-borgunto-standard\/#primaryimage"},"thumbnailUrl":"https:\/\/www.granducatocollection.com\/wp-content\/uploads\/2025\/07\/cookingbox-granducatogestioni-borgunto-prodotti-olio-vino-pasta-confettura-chianti-arezzo-toscana-vi.webp","datePublished":"2025-04-18T12:20:27+00:00","dateModified":"2026-04-06T11:05:00+00:00","breadcrumb":{"@id":"https:\/\/www.granducatocollection.com\/prodotto\/prodotti-borgunto-standard\/#breadcrumb"},"inLanguage":"de","potentialAction":[{"@type":"ReadAction","target":["https:\/\/www.granducatocollection.com\/prodotto\/prodotti-borgunto-standard\/"]}]},{"@type":"ImageObject","inLanguage":"de","@id":"https:\/\/www.granducatocollection.com\/prodotto\/prodotti-borgunto-standard\/#primaryimage","url":"https:\/\/www.granducatocollection.com\/wp-content\/uploads\/2025\/07\/cookingbox-granducatogestioni-borgunto-prodotti-olio-vino-pasta-confettura-chianti-arezzo-toscana-vi.webp","contentUrl":"https:\/\/www.granducatocollection.com\/wp-content\/uploads\/2025\/07\/cookingbox-granducatogestioni-borgunto-prodotti-olio-vino-pasta-confettura-chianti-arezzo-toscana-vi.webp","width":600,"height":450,"caption":"Cooking box kit for dinner with Chianti wine, pasta, olive oil and sauce"},{"@type":"BreadcrumbList","@id":"https:\/\/www.granducatocollection.com\/prodotto\/prodotti-borgunto-standard\/#breadcrumb","itemListElement":[{"@type":"ListItem","position":1,"name":"Home","item":"https:\/\/www.granducatocollection.com\/"},{"@type":"ListItem","position":2,"name":"Shop","item":"https:\/\/www.granducatocollection.com\/negozio\/"},{"@type":"ListItem","position":3,"name":"Prodotti Borgunto (Standard)"}]},{"@type":"WebSite","@id":"https:\/\/www.granducatocollection.com\/#website","url":"https:\/\/www.granducatocollection.com\/","name":"GranDucato Collection","description":"Prenota la tua vacanza e vivi un&#039;esperienza unica","potentialAction":[{"@type":"SearchAction","target":{"@type":"EntryPoint","urlTemplate":"https:\/\/www.granducatocollection.com\/?s={search_term_string}"},"query-input":{"@type":"PropertyValueSpecification","valueRequired":true,"valueName":"search_term_string"}}],"inLanguage":"de"}]}},"_links":{"self":[{"href":"https:\/\/www.granducatocollection.com\/de\/wp-json\/wp\/v2\/product\/6709","targetHints":{"allow":["GET"]}}],"collection":[{"href":"https:\/\/www.granducatocollection.com\/de\/wp-json\/wp\/v2\/product"}],"about":[{"href":"https:\/\/www.granducatocollection.com\/de\/wp-json\/wp\/v2\/types\/product"}],"wp:featuredmedia":[{"embeddable":true,"href":"https:\/\/www.granducatocollection.com\/de\/wp-json\/wp\/v2\/media\/8134"}],"wp:attachment":[{"href":"https:\/\/www.granducatocollection.com\/de\/wp-json\/wp\/v2\/media?parent=6709"}],"wp:term":[{"taxonomy":"product_brand","embeddable":true,"href":"https:\/\/www.granducatocollection.com\/de\/wp-json\/wp\/v2\/product_brand?post=6709"},{"taxonomy":"product_cat","embeddable":true,"href":"https:\/\/www.granducatocollection.com\/de\/wp-json\/wp\/v2\/product_cat?post=6709"},{"taxonomy":"product_tag","embeddable":true,"href":"https:\/\/www.granducatocollection.com\/de\/wp-json\/wp\/v2\/product_tag?post=6709"}],"curies":[{"name":"wp","href":"https:\/\/api.w.org\/{rel}","templated":true}]}}