{"id":6692,"date":"2025-04-18T09:06:50","date_gmt":"2025-04-18T09:06:50","guid":{"rendered":"https:\/\/www.granducatocollection.com\/?post_type=product&#038;p=6692"},"modified":"2026-02-16T12:22:40","modified_gmt":"2026-02-16T12:22:40","slug":"prodotti-allegra-toscana-completo","status":"publish","type":"product","link":"https:\/\/www.granducatocollection.com\/de\/product\/prodotti-allegra-toscana-completo\/","title":{"rendered":"Allegra Toscana Produkte (komplett)"},"content":{"rendered":"<p><script type=\"application\/ld+json\">{\n    \"@context\": \"https:\\\/\\\/schema.org\",\n    \"@type\": \"Product\",\n    \"@id\": \"https:\\\/\\\/www.granducatocollection.com\\\/prodotto\\\/prodotti-allegra-toscana-completo\\\/\",\n    \"name\": \"Box Regalo Allegra Toscana \\u2013 Pacchetto Enogastronomico Toscano\",\n    \"image\": \"https:\\\/\\\/www.granducatocollection.com\\\/wp-content\\\/uploads\\\/2026\\\/01\\\/box-allegra-toscana-completo.jpg\",\n    \"description\": \"Box regalo toscano con Chianti Colli Aretini DOCG, Chianti Riserva DOCG e Olio Extra Vergine di Oliva Borgunto. Prodotto artigianale da Arezzo, perfetto come regalo esperienziale in Toscana. Spedizione inclusa.\",\n    \"brand\": {\n        \"@type\": \"Organization\",\n        \"name\": \"Borgunto\"\n    },\n    \"offers\": {\n        \"@type\": \"Offer\",\n        \"url\": \"https:\\\/\\\/www.granducatocollection.com\\\/prodotto\\\/prodotti-allegra-toscana-completo\\\/\",\n        \"priceCurrency\": \"EUR\",\n        \"price\": \"59.00\",\n        \"itemCondition\": \"https:\\\/\\\/schema.org\\\/NewCondition\",\n        \"availability\": \"https:\\\/\\\/schema.org\\\/InStock\",\n        \"seller\": {\n            \"@type\": \"Organization\",\n            \"name\": \"Granducato Collection\"\n        }\n    },\n    \"sku\": \"BOX-ALLEGRA-TOSCANA-COMPLETO\"\n}<\/script><\/p>\n<h1>\u201eAllegra Toscana\u201c-Geschenkbox \u2013 Toskanisches Speisen- und Weinpaket<\/h1>\n<h2>Ein authentisches toskanisches Erlebnis, verpackt in Arezzo<\/h2>\n<p class=\"translation-block\">Die \u201eAllegra Toscana\u201c-Geschenkbox ist ein exklusives Wein- und Genusspaket, zusammengestellt von Borgunto im Herzen von Arezzo. Sie vereint drei handwerkliche K\u00f6stlichkeiten: eine Flasche Chianti Colli Aretini DOCG, eine Flasche Chianti Riserva DOCG und eine 500-ml-Flasche Borgunto Natives Oliven\u00f6l Extra. Jedes Produkt zeugt von der Leidenschaft f\u00fcr die Region, die Tradition und kompromisslose Qualit\u00e4t.<\/p>\n<h3>Das perfekte Erlebnisgeschenk f\u00fcr Toskana-Liebhaber<\/h3>\n<p class=\"translation-block\">Diese Box ist das ideale Geschenk zu Weihnachten, Jubil\u00e4en, Geburtstagen oder einfach als liebevolle Geste. Sie l\u00e4dt Sie ein, die toskanische K\u00fcche und Weine in Ihren eigenen vier W\u00e4nden zu genie\u00dfen. Perfekt f\u00fcr alle, die Authentizit\u00e4t, Eleganz und italienisches Lebensgef\u00fchl suchen.<\/p>\n<h3>Symbol der Granducato-Kollektion: Handwerkskunst, R\u00fcckverfolgbarkeit, inklusive Versand.<\/h3>\n<p class=\"translation-block\">Die von der <strong>Granducato Collection<\/strong> zusammengestellte Box enth\u00e4lt ausschlie\u00dflich <strong>handwerkliche Produkte aus Arezzo<\/strong>, deren Lieferkette vom Feld bis zum Teller kontrolliert wird. <strong>Der Versand ist im Preis inbegriffen<\/strong>, sodass Sie toskanische K\u00f6stlichkeiten direkt nach Hause geliefert bekommen \u2013 in ganz Italien.<\/p>","protected":false},"excerpt":{"rendered":"<h1 data-start=\"102\" data-end=\"331\"><strong data-start=\"102\" data-end=\"148\">Allegra Toskana-Paket<\/strong><\/h1>\n<p class=\"translation-block\" data-start=\"102\" data-end=\"331\"><strong data-start=\"102\" data-end=\"148\">Inhalt des Pakets \"Allegra Toscana\":<\/strong><br data-start=\"148\" data-end=\"151\">\ud83c\udf77 1 Flasche Chianti <em data-start=\"177\" data-end=\"192\">Colli Aretini<\/em> DOCG \u2013 13 % vol.<br data-start=\"208\" data-end=\"211\">\ud83c\udf77 1 Flasche Chianti <em data-start=\"237\" data-end=\"246\">Riserva<\/em> DOCG \u2013 14 % vol.<br data-start=\"262\" data-end=\"265\">\ud83e\uded2 1 500-ml-Flasche natives Oliven\u00f6l extra <em data-start=\"321\" data-end=\"331\">Borgunto<\/em><\/p>\n<p class=\"translation-block\" data-start=\"333\" data-end=\"370\">\ud83d\udce6 <strong data-start=\"336\" data-end=\"370\">Versand im Preis inbegriffen!<\/strong><\/p>","protected":false},"featured_media":8100,"template":"","meta":{"_acf_changed":false},"product_brand":[764],"product_cat":[843],"product_tag":[664,819,584,791],"class_list":{"0":"post-6692","1":"product","2":"type-product","3":"status-publish","4":"has-post-thumbnail","6":"product_brand-granducato-collection","7":"product_cat-box-e-degustazioni","8":"product_tag-cooking-box","9":"product_tag-cooking-box-arezzo","10":"product_tag-prodotti-tipici","11":"product_tag-prodotti-toscani","13":"first","14":"instock","15":"shipping-taxable","16":"purchasable","17":"product-type-simple"},"acf":[],"yoast_head":"<!-- This site is optimized with the Yoast SEO plugin v26.7 - https:\/\/yoast.com\/wordpress\/plugins\/seo\/ -->\n<title>Prodotti Allegra Toscana (Completo) - Granducato Collection<\/title>\n<meta name=\"robots\" content=\"index, follow, max-snippet:-1, max-image-preview:large, max-video-preview:-1\" \/>\n<link rel=\"canonical\" href=\"https:\/\/www.granducatocollection.com\/de\/product\/prodotti-allegra-toscana-completo\/\" \/>\n<meta property=\"og:locale\" content=\"de_DE\" \/>\n<meta property=\"og:type\" content=\"article\" \/>\n<meta property=\"og:title\" content=\"Prodotti Allegra Toscana (Completo) - Granducato Collection\" \/>\n<meta property=\"og:description\" content=\"Pacchetto Allegra Toscana Contenuto del Pacchetto &quot;Allegra Toscana&quot;:\ud83c\udf77 1 bottiglia di Chianti Colli Aretini DOCG \u2013 13% vol.\ud83c\udf77 1 bottiglia di Chianti Riserva DOCG \u2013 14% vol.\ud83e\uded2 1 bottiglia da 500 ml di Olio Extra Vergine di Oliva Borgunto \ud83d\udce6 Spedizione inclusa nel prezzo!\" \/>\n<meta property=\"og:url\" content=\"https:\/\/www.granducatocollection.com\/de\/product\/prodotti-allegra-toscana-completo\/\" \/>\n<meta property=\"og:site_name\" content=\"Granducato Collection\" \/>\n<meta property=\"article:modified_time\" content=\"2026-02-16T12:22:40+00:00\" \/>\n<meta property=\"og:image\" content=\"https:\/\/www.granducatocollection.com\/wp-content\/uploads\/2025\/07\/Senzanome3.webp\" \/>\n\t<meta property=\"og:image:width\" content=\"280\" \/>\n\t<meta property=\"og:image:height\" content=\"232\" \/>\n\t<meta property=\"og:image:type\" content=\"image\/webp\" \/>\n<meta name=\"twitter:card\" content=\"summary_large_image\" \/>\n<meta name=\"twitter:label1\" content=\"Gesch\u00e4tzte Lesezeit\" \/>\n\t<meta name=\"twitter:data1\" content=\"2\u00a0Minuten\" \/>\n<script type=\"application\/ld+json\" class=\"yoast-schema-graph\">{\"@context\":\"https:\/\/schema.org\",\"@graph\":[{\"@type\":\"WebPage\",\"@id\":\"https:\/\/www.granducatocollection.com\/prodotto\/prodotti-allegra-toscana-completo\/\",\"url\":\"https:\/\/www.granducatocollection.com\/prodotto\/prodotti-allegra-toscana-completo\/\",\"name\":\"Prodotti Allegra Toscana (Completo) - Granducato Collection\",\"isPartOf\":{\"@id\":\"https:\/\/www.granducatocollection.com\/#website\"},\"primaryImageOfPage\":{\"@id\":\"https:\/\/www.granducatocollection.com\/prodotto\/prodotti-allegra-toscana-completo\/#primaryimage\"},\"image\":{\"@id\":\"https:\/\/www.granducatocollection.com\/prodotto\/prodotti-allegra-toscana-completo\/#primaryimage\"},\"thumbnailUrl\":\"https:\/\/www.granducatocollection.com\/wp-content\/uploads\/2025\/07\/Senzanome3.webp\",\"datePublished\":\"2025-04-18T09:06:50+00:00\",\"dateModified\":\"2026-02-16T12:22:40+00:00\",\"breadcrumb\":{\"@id\":\"https:\/\/www.granducatocollection.com\/prodotto\/prodotti-allegra-toscana-completo\/#breadcrumb\"},\"inLanguage\":\"de\",\"potentialAction\":[{\"@type\":\"ReadAction\",\"target\":[\"https:\/\/www.granducatocollection.com\/prodotto\/prodotti-allegra-toscana-completo\/\"]}]},{\"@type\":\"ImageObject\",\"inLanguage\":\"de\",\"@id\":\"https:\/\/www.granducatocollection.com\/prodotto\/prodotti-allegra-toscana-completo\/#primaryimage\",\"url\":\"https:\/\/www.granducatocollection.com\/wp-content\/uploads\/2025\/07\/Senzanome3.webp\",\"contentUrl\":\"https:\/\/www.granducatocollection.com\/wp-content\/uploads\/2025\/07\/Senzanome3.webp\",\"width\":280,\"height\":232},{\"@type\":\"BreadcrumbList\",\"@id\":\"https:\/\/www.granducatocollection.com\/prodotto\/prodotti-allegra-toscana-completo\/#breadcrumb\",\"itemListElement\":[{\"@type\":\"ListItem\",\"position\":1,\"name\":\"Home\",\"item\":\"https:\/\/www.granducatocollection.com\/\"},{\"@type\":\"ListItem\",\"position\":2,\"name\":\"Shop\",\"item\":\"https:\/\/www.granducatocollection.com\/negozio\/\"},{\"@type\":\"ListItem\",\"position\":3,\"name\":\"Prodotti Allegra Toscana (Completo)\"}]},{\"@type\":\"WebSite\",\"@id\":\"https:\/\/www.granducatocollection.com\/#website\",\"url\":\"https:\/\/www.granducatocollection.com\/\",\"name\":\"GranDucato Collection\",\"description\":\"Prenota la tua vacanza e vivi un&#039;esperienza unica\",\"potentialAction\":[{\"@type\":\"SearchAction\",\"target\":{\"@type\":\"EntryPoint\",\"urlTemplate\":\"https:\/\/www.granducatocollection.com\/?s={search_term_string}\"},\"query-input\":{\"@type\":\"PropertyValueSpecification\",\"valueRequired\":true,\"valueName\":\"search_term_string\"}}],\"inLanguage\":\"de\"}]}<\/script>\n<!-- \/ Yoast SEO plugin. -->","yoast_head_json":{"title":"Prodotti Allegra Toscana (Completo) - Granducato Collection","robots":{"index":"index","follow":"follow","max-snippet":"max-snippet:-1","max-image-preview":"max-image-preview:large","max-video-preview":"max-video-preview:-1"},"canonical":"https:\/\/www.granducatocollection.com\/de\/product\/prodotti-allegra-toscana-completo\/","og_locale":"de_DE","og_type":"article","og_title":"Prodotti Allegra Toscana (Completo) - Granducato Collection","og_description":"Pacchetto Allegra Toscana Contenuto del Pacchetto \"Allegra Toscana\":\ud83c\udf77 1 bottiglia di Chianti Colli Aretini DOCG \u2013 13% vol.\ud83c\udf77 1 bottiglia di Chianti Riserva DOCG \u2013 14% vol.\ud83e\uded2 1 bottiglia da 500 ml di Olio Extra Vergine di Oliva Borgunto \ud83d\udce6 Spedizione inclusa nel prezzo!","og_url":"https:\/\/www.granducatocollection.com\/de\/product\/prodotti-allegra-toscana-completo\/","og_site_name":"Granducato Collection","article_modified_time":"2026-02-16T12:22:40+00:00","og_image":[{"width":280,"height":232,"url":"https:\/\/www.granducatocollection.com\/wp-content\/uploads\/2025\/07\/Senzanome3.webp","type":"image\/webp"}],"twitter_card":"summary_large_image","twitter_misc":{"Gesch\u00e4tzte Lesezeit":"2\u00a0Minuten"},"schema":{"@context":"https:\/\/schema.org","@graph":[{"@type":"WebPage","@id":"https:\/\/www.granducatocollection.com\/prodotto\/prodotti-allegra-toscana-completo\/","url":"https:\/\/www.granducatocollection.com\/prodotto\/prodotti-allegra-toscana-completo\/","name":"Prodotti Allegra Toscana (Completo) - Granducato Collection","isPartOf":{"@id":"https:\/\/www.granducatocollection.com\/#website"},"primaryImageOfPage":{"@id":"https:\/\/www.granducatocollection.com\/prodotto\/prodotti-allegra-toscana-completo\/#primaryimage"},"image":{"@id":"https:\/\/www.granducatocollection.com\/prodotto\/prodotti-allegra-toscana-completo\/#primaryimage"},"thumbnailUrl":"https:\/\/www.granducatocollection.com\/wp-content\/uploads\/2025\/07\/Senzanome3.webp","datePublished":"2025-04-18T09:06:50+00:00","dateModified":"2026-02-16T12:22:40+00:00","breadcrumb":{"@id":"https:\/\/www.granducatocollection.com\/prodotto\/prodotti-allegra-toscana-completo\/#breadcrumb"},"inLanguage":"de","potentialAction":[{"@type":"ReadAction","target":["https:\/\/www.granducatocollection.com\/prodotto\/prodotti-allegra-toscana-completo\/"]}]},{"@type":"ImageObject","inLanguage":"de","@id":"https:\/\/www.granducatocollection.com\/prodotto\/prodotti-allegra-toscana-completo\/#primaryimage","url":"https:\/\/www.granducatocollection.com\/wp-content\/uploads\/2025\/07\/Senzanome3.webp","contentUrl":"https:\/\/www.granducatocollection.com\/wp-content\/uploads\/2025\/07\/Senzanome3.webp","width":280,"height":232},{"@type":"BreadcrumbList","@id":"https:\/\/www.granducatocollection.com\/prodotto\/prodotti-allegra-toscana-completo\/#breadcrumb","itemListElement":[{"@type":"ListItem","position":1,"name":"Home","item":"https:\/\/www.granducatocollection.com\/"},{"@type":"ListItem","position":2,"name":"Shop","item":"https:\/\/www.granducatocollection.com\/negozio\/"},{"@type":"ListItem","position":3,"name":"Prodotti Allegra Toscana (Completo)"}]},{"@type":"WebSite","@id":"https:\/\/www.granducatocollection.com\/#website","url":"https:\/\/www.granducatocollection.com\/","name":"GranDucato Collection","description":"Prenota la tua vacanza e vivi un&#039;esperienza unica","potentialAction":[{"@type":"SearchAction","target":{"@type":"EntryPoint","urlTemplate":"https:\/\/www.granducatocollection.com\/?s={search_term_string}"},"query-input":{"@type":"PropertyValueSpecification","valueRequired":true,"valueName":"search_term_string"}}],"inLanguage":"de"}]}},"_links":{"self":[{"href":"https:\/\/www.granducatocollection.com\/de\/wp-json\/wp\/v2\/product\/6692","targetHints":{"allow":["GET"]}}],"collection":[{"href":"https:\/\/www.granducatocollection.com\/de\/wp-json\/wp\/v2\/product"}],"about":[{"href":"https:\/\/www.granducatocollection.com\/de\/wp-json\/wp\/v2\/types\/product"}],"wp:featuredmedia":[{"embeddable":true,"href":"https:\/\/www.granducatocollection.com\/de\/wp-json\/wp\/v2\/media\/8100"}],"wp:attachment":[{"href":"https:\/\/www.granducatocollection.com\/de\/wp-json\/wp\/v2\/media?parent=6692"}],"wp:term":[{"taxonomy":"product_brand","embeddable":true,"href":"https:\/\/www.granducatocollection.com\/de\/wp-json\/wp\/v2\/product_brand?post=6692"},{"taxonomy":"product_cat","embeddable":true,"href":"https:\/\/www.granducatocollection.com\/de\/wp-json\/wp\/v2\/product_cat?post=6692"},{"taxonomy":"product_tag","embeddable":true,"href":"https:\/\/www.granducatocollection.com\/de\/wp-json\/wp\/v2\/product_tag?post=6692"}],"curies":[{"name":"wp","href":"https:\/\/api.w.org\/{rel}","templated":true}]}}