{"id":6547,"date":"2025-04-12T09:42:10","date_gmt":"2025-04-12T09:42:10","guid":{"rendered":"https:\/\/www.granducatocollection.com\/?post_type=product&#038;p=6547"},"modified":"2026-02-16T12:25:54","modified_gmt":"2026-02-16T12:25:54","slug":"degustazione-gran-selezione","status":"publish","type":"product","link":"https:\/\/www.granducatocollection.com\/de\/product\/degustazione-gran-selezione\/","title":{"rendered":"Umfassende Wein- und Tr\u00fcffelverkostung \u2013 Toskanisches Erlebnis in Arezzo (+18)"},"content":{"rendered":"<h1>Komplette Wein- und Tr\u00fcffelverkostung<\/h1>\n<p>Entdecken Sie die authentischen Aromen der Toskana mit unserer Komplettverkostung: Drei Gl\u00e4ser edler Weine (Chianti Colli Aretini DOCG, Rosato IGT und Chianti Riserva DOCG) werden mit einer Gourmet-Auswahl an handgemachter Bruschetta mit Borgunto-Oliven\u00f6l extra vergine, Tr\u00fcffelmayonnaise, Tr\u00fcffelbutter, Tr\u00fcffelpopcorn, Pappa al Pomodoro, toskanischer Ribollita und K\u00e4se mit Tr\u00fcffelhonig kombiniert. Ein exklusives Sinneserlebnis im Herzen von Arezzo \u2013 ideal f\u00fcr wahre Genie\u00dfer.<\/p>","protected":false},"excerpt":{"rendered":"<h1>Komplette Wein- und Tr\u00fcffelverkostung<\/h1>\n<p class=\"translation-block\">Entdecken Sie das Beste der toskanischen Ess- und Weintradition mit unserer <strong>Gran Selezione Verkostung<\/strong>, einem Erlebnis f\u00fcr alle, die hochwertige Produkte in einem eleganten Ambiente genie\u00dfen m\u00f6chten.<\/p>\n<h2>Was die Auswahl beinhaltet:<\/h2>\n<ul>\n<li class=\"translation-block\"><strong>Kostbare lokale Weine<\/strong>: Chianti, Toskanischer Rotwein, Ros\u00e9<\/li>\n<li><strong>Bruschette<\/strong> con olio extravergine d\u2019oliva e tartufo<\/li>\n<li><strong>Specialit\u00e0 toscane artigianali<\/strong><\/li>\n<\/ul>\n<p>Perfetta per <em>coppie<\/em>, <em>piccoli gruppi<\/em> o per chi desidera vivere un <strong>momento esclusivo all\u2019insegna del gusto<\/strong>.<\/p>\n<div class=\"product-highlights\">\n<p><strong>\ud83d\udccd Siamo ad Arezzo<\/strong>, nel cuore della Toscana.<\/p>\n<p><strong>\ud83d\udcc5 Prenotazione<\/strong>: Richiedi la degustazione compilando il form di prenotazione online.<\/p>\n<p><strong>\ud83d\udca1 Consiglio speciale<\/strong>: Ideale anche come regalo o come esperienza da abbinare al soggiorno nelle nostre suite.<\/p>\n<\/div>\n<p><strong>Prenota ora la tua Degustazione Gran Selezione<\/strong> e lasciati conquistare dai sapori autentici della Toscana.<\/p>","protected":false},"featured_media":6541,"template":"","meta":{"_acf_changed":false},"product_brand":[764],"product_cat":[843],"product_tag":[360,794,723,796,420],"class_list":{"0":"post-6547","1":"product","2":"type-product","3":"status-publish","4":"has-post-thumbnail","6":"product_brand-granducato-collection","7":"product_cat-box-e-degustazioni","8":"product_tag-degustazione-arezzo","9":"product_tag-degustazione-centro-storico","10":"product_tag-degustazione-chianti","11":"product_tag-degustazione-prodotti-tipici","12":"product_tag-degustazione-toscana","14":"first","15":"instock","16":"shipping-taxable","17":"purchasable","18":"product-type-simple"},"acf":[],"yoast_head":"<!-- This site is optimized with the Yoast SEO plugin v26.7 - https:\/\/yoast.com\/wordpress\/plugins\/seo\/ -->\n<title>B&amp;B Arezzo - Degustazione Degustazione Completa di Vini e Tartufo \u2013 Esperienza Toscana ad Arezzo (+18) - Granducato Collection<\/title>\n<meta name=\"description\" content=\"Vivi l\u2019eccellenza toscana con la Degustazione Gran Selezione. Compila il form e prenota un\u2019esperienza enogastronomica indimenticabile.\" \/>\n<meta name=\"robots\" content=\"index, follow, max-snippet:-1, max-image-preview:large, max-video-preview:-1\" \/>\n<link rel=\"canonical\" href=\"https:\/\/www.granducatocollection.com\/de\/product\/gran-selezione\/\" \/>\n<meta property=\"og:locale\" content=\"de_DE\" \/>\n<meta property=\"og:type\" content=\"article\" \/>\n<meta property=\"og:title\" content=\"B&amp;B Arezzo - Degustazione Degustazione Completa di Vini e Tartufo \u2013 Esperienza Toscana ad Arezzo (+18) - Granducato Collection\" \/>\n<meta property=\"og:description\" content=\"Vivi l\u2019eccellenza toscana con la Degustazione Gran Selezione. Compila il form e prenota un\u2019esperienza enogastronomica indimenticabile.\" \/>\n<meta property=\"og:url\" content=\"https:\/\/www.granducatocollection.com\/de\/product\/gran-selezione\/\" \/>\n<meta property=\"og:site_name\" content=\"Granducato Collection\" \/>\n<meta property=\"article:modified_time\" content=\"2026-02-16T12:25:54+00:00\" \/>\n<meta property=\"og:image\" content=\"https:\/\/www.granducatocollection.com\/wp-content\/uploads\/2025\/04\/degustazione_borgunto_granducatogestioni_Arezzo_firenze_toscana_viareggio_alloggi_bb.jpg\" \/>\n\t<meta property=\"og:image:width\" content=\"1280\" \/>\n\t<meta property=\"og:image:height\" content=\"854\" \/>\n\t<meta property=\"og:image:type\" content=\"image\/jpeg\" \/>\n<meta name=\"twitter:card\" content=\"summary_large_image\" \/>\n<meta name=\"twitter:label1\" content=\"Gesch\u00e4tzte Lesezeit\" \/>\n\t<meta name=\"twitter:data1\" content=\"1\u00a0Minute\" \/>\n<script type=\"application\/ld+json\" class=\"yoast-schema-graph\">{\"@context\":\"https:\/\/schema.org\",\"@graph\":[{\"@type\":\"WebPage\",\"@id\":\"https:\/\/www.granducatocollection.com\/prodotto\/degustazione-gran-selezione\/\",\"url\":\"https:\/\/www.granducatocollection.com\/prodotto\/gran-selezione\/\",\"name\":\"B&B Arezzo - Degustazione Degustazione Completa di Vini e Tartufo \u2013 Esperienza Toscana ad Arezzo (+18) - Granducato Collection\",\"isPartOf\":{\"@id\":\"https:\/\/www.granducatocollection.com\/#website\"},\"primaryImageOfPage\":{\"@id\":\"https:\/\/www.granducatocollection.com\/prodotto\/gran-selezione\/#primaryimage\"},\"image\":{\"@id\":\"https:\/\/www.granducatocollection.com\/prodotto\/gran-selezione\/#primaryimage\"},\"thumbnailUrl\":\"https:\/\/www.granducatocollection.com\/wp-content\/uploads\/2025\/04\/degustazione_borgunto_granducatogestioni_Arezzo_firenze_toscana_viareggio_alloggi_bb.jpg\",\"datePublished\":\"2025-04-12T09:42:10+00:00\",\"dateModified\":\"2026-02-16T12:25:54+00:00\",\"description\":\"Vivi l\u2019eccellenza toscana con la Degustazione Gran Selezione. Compila il form e prenota un\u2019esperienza enogastronomica indimenticabile.\",\"breadcrumb\":{\"@id\":\"https:\/\/www.granducatocollection.com\/prodotto\/gran-selezione\/#breadcrumb\"},\"inLanguage\":\"de\",\"potentialAction\":[{\"@type\":\"ReadAction\",\"target\":[\"https:\/\/www.granducatocollection.com\/prodotto\/gran-selezione\/\"]}]},{\"@type\":\"ImageObject\",\"inLanguage\":\"de\",\"@id\":\"https:\/\/www.granducatocollection.com\/prodotto\/gran-selezione\/#primaryimage\",\"url\":\"https:\/\/www.granducatocollection.com\/wp-content\/uploads\/2025\/04\/degustazione_borgunto_granducatogestioni_Arezzo_firenze_toscana_viareggio_alloggi_bb.jpg\",\"contentUrl\":\"https:\/\/www.granducatocollection.com\/wp-content\/uploads\/2025\/04\/degustazione_borgunto_granducatogestioni_Arezzo_firenze_toscana_viareggio_alloggi_bb.jpg\",\"width\":1280,\"height\":854,\"caption\":\"Degustazione Classica Toscana \u2013 Vino Chianti, Bruschette all\u2019Olio EVO e Tartufo (+18)\"},{\"@type\":\"BreadcrumbList\",\"@id\":\"https:\/\/www.granducatocollection.com\/prodotto\/gran-selezione\/#breadcrumb\",\"itemListElement\":[{\"@type\":\"ListItem\",\"position\":1,\"name\":\"Home\",\"item\":\"https:\/\/www.granducatocollection.com\/\"},{\"@type\":\"ListItem\",\"position\":2,\"name\":\"Shop\",\"item\":\"https:\/\/www.granducatocollection.com\/negozio\/\"},{\"@type\":\"ListItem\",\"position\":3,\"name\":\"Degustazione Completa di Vini e Tartufo \u2013 Esperienza Toscana ad Arezzo (+18)\"}]},{\"@type\":\"WebSite\",\"@id\":\"https:\/\/www.granducatocollection.com\/#website\",\"url\":\"https:\/\/www.granducatocollection.com\/\",\"name\":\"GranDucato Collection\",\"description\":\"Prenota la tua vacanza e vivi un&#039;esperienza unica\",\"potentialAction\":[{\"@type\":\"SearchAction\",\"target\":{\"@type\":\"EntryPoint\",\"urlTemplate\":\"https:\/\/www.granducatocollection.com\/?s={search_term_string}\"},\"query-input\":{\"@type\":\"PropertyValueSpecification\",\"valueRequired\":true,\"valueName\":\"search_term_string\"}}],\"inLanguage\":\"de\"}]}<\/script>\n<!-- \/ Yoast SEO plugin. -->","yoast_head_json":{"title":"B&B Arezzo - Degustazione Degustazione Completa di Vini e Tartufo \u2013 Esperienza Toscana ad Arezzo (+18) - Granducato Collection","description":"Vivi l\u2019eccellenza toscana con la Degustazione Gran Selezione. Compila il form e prenota un\u2019esperienza enogastronomica indimenticabile.","robots":{"index":"index","follow":"follow","max-snippet":"max-snippet:-1","max-image-preview":"max-image-preview:large","max-video-preview":"max-video-preview:-1"},"canonical":"https:\/\/www.granducatocollection.com\/de\/product\/gran-selezione\/","og_locale":"de_DE","og_type":"article","og_title":"B&B Arezzo - Degustazione Degustazione Completa di Vini e Tartufo \u2013 Esperienza Toscana ad Arezzo (+18) - Granducato Collection","og_description":"Vivi l\u2019eccellenza toscana con la Degustazione Gran Selezione. Compila il form e prenota un\u2019esperienza enogastronomica indimenticabile.","og_url":"https:\/\/www.granducatocollection.com\/de\/product\/gran-selezione\/","og_site_name":"Granducato Collection","article_modified_time":"2026-02-16T12:25:54+00:00","og_image":[{"width":1280,"height":854,"url":"https:\/\/www.granducatocollection.com\/wp-content\/uploads\/2025\/04\/degustazione_borgunto_granducatogestioni_Arezzo_firenze_toscana_viareggio_alloggi_bb.jpg","type":"image\/jpeg"}],"twitter_card":"summary_large_image","twitter_misc":{"Gesch\u00e4tzte Lesezeit":"1\u00a0Minute"},"schema":{"@context":"https:\/\/schema.org","@graph":[{"@type":"WebPage","@id":"https:\/\/www.granducatocollection.com\/prodotto\/degustazione-gran-selezione\/","url":"https:\/\/www.granducatocollection.com\/prodotto\/gran-selezione\/","name":"B&B Arezzo - Degustazione Degustazione Completa di Vini e Tartufo \u2013 Esperienza Toscana ad Arezzo (+18) - Granducato Collection","isPartOf":{"@id":"https:\/\/www.granducatocollection.com\/#website"},"primaryImageOfPage":{"@id":"https:\/\/www.granducatocollection.com\/prodotto\/gran-selezione\/#primaryimage"},"image":{"@id":"https:\/\/www.granducatocollection.com\/prodotto\/gran-selezione\/#primaryimage"},"thumbnailUrl":"https:\/\/www.granducatocollection.com\/wp-content\/uploads\/2025\/04\/degustazione_borgunto_granducatogestioni_Arezzo_firenze_toscana_viareggio_alloggi_bb.jpg","datePublished":"2025-04-12T09:42:10+00:00","dateModified":"2026-02-16T12:25:54+00:00","description":"Vivi l\u2019eccellenza toscana con la Degustazione Gran Selezione. Compila il form e prenota un\u2019esperienza enogastronomica indimenticabile.","breadcrumb":{"@id":"https:\/\/www.granducatocollection.com\/prodotto\/gran-selezione\/#breadcrumb"},"inLanguage":"de","potentialAction":[{"@type":"ReadAction","target":["https:\/\/www.granducatocollection.com\/prodotto\/gran-selezione\/"]}]},{"@type":"ImageObject","inLanguage":"de","@id":"https:\/\/www.granducatocollection.com\/prodotto\/gran-selezione\/#primaryimage","url":"https:\/\/www.granducatocollection.com\/wp-content\/uploads\/2025\/04\/degustazione_borgunto_granducatogestioni_Arezzo_firenze_toscana_viareggio_alloggi_bb.jpg","contentUrl":"https:\/\/www.granducatocollection.com\/wp-content\/uploads\/2025\/04\/degustazione_borgunto_granducatogestioni_Arezzo_firenze_toscana_viareggio_alloggi_bb.jpg","width":1280,"height":854,"caption":"Degustazione Classica Toscana \u2013 Vino Chianti, Bruschette all\u2019Olio EVO e Tartufo (+18)"},{"@type":"BreadcrumbList","@id":"https:\/\/www.granducatocollection.com\/prodotto\/gran-selezione\/#breadcrumb","itemListElement":[{"@type":"ListItem","position":1,"name":"Home","item":"https:\/\/www.granducatocollection.com\/"},{"@type":"ListItem","position":2,"name":"Shop","item":"https:\/\/www.granducatocollection.com\/negozio\/"},{"@type":"ListItem","position":3,"name":"Degustazione Completa di Vini e Tartufo \u2013 Esperienza Toscana ad Arezzo (+18)"}]},{"@type":"WebSite","@id":"https:\/\/www.granducatocollection.com\/#website","url":"https:\/\/www.granducatocollection.com\/","name":"GranDucato Collection","description":"Prenota la tua vacanza e vivi un&#039;esperienza unica","potentialAction":[{"@type":"SearchAction","target":{"@type":"EntryPoint","urlTemplate":"https:\/\/www.granducatocollection.com\/?s={search_term_string}"},"query-input":{"@type":"PropertyValueSpecification","valueRequired":true,"valueName":"search_term_string"}}],"inLanguage":"de"}]}},"_links":{"self":[{"href":"https:\/\/www.granducatocollection.com\/de\/wp-json\/wp\/v2\/product\/6547","targetHints":{"allow":["GET"]}}],"collection":[{"href":"https:\/\/www.granducatocollection.com\/de\/wp-json\/wp\/v2\/product"}],"about":[{"href":"https:\/\/www.granducatocollection.com\/de\/wp-json\/wp\/v2\/types\/product"}],"wp:featuredmedia":[{"embeddable":true,"href":"https:\/\/www.granducatocollection.com\/de\/wp-json\/wp\/v2\/media\/6541"}],"wp:attachment":[{"href":"https:\/\/www.granducatocollection.com\/de\/wp-json\/wp\/v2\/media?parent=6547"}],"wp:term":[{"taxonomy":"product_brand","embeddable":true,"href":"https:\/\/www.granducatocollection.com\/de\/wp-json\/wp\/v2\/product_brand?post=6547"},{"taxonomy":"product_cat","embeddable":true,"href":"https:\/\/www.granducatocollection.com\/de\/wp-json\/wp\/v2\/product_cat?post=6547"},{"taxonomy":"product_tag","embeddable":true,"href":"https:\/\/www.granducatocollection.com\/de\/wp-json\/wp\/v2\/product_tag?post=6547"}],"curies":[{"name":"wp","href":"https:\/\/api.w.org\/{rel}","templated":true}]}}