{"id":6476,"date":"2025-04-10T10:41:19","date_gmt":"2025-04-10T10:41:19","guid":{"rendered":"https:\/\/www.granducatocollection.com\/?post_type=product&#038;p=6476"},"modified":"2026-04-06T09:31:34","modified_gmt":"2026-04-06T09:31:34","slug":"cooking-box-tutti-i-prodotti-borgunto","status":"publish","type":"product","link":"https:\/\/www.granducatocollection.com\/de\/product\/cooking-box-tutti-i-prodotti-borgunto\/","title":{"rendered":"Borgunto Kochbox \u2013 Typische toskanische Handwerksprodukte | Chianti DOCG, Natives Oliven\u00f6l extra, Tr\u00fcffel"},"content":{"rendered":"<p><script type=\"application\/ld+json\">{\n    \"@context\": \"https:\\\/\\\/schema.org\",\n    \"@type\": \"Product\",\n    \"@id\": \"https:\\\/\\\/www.granducatocollection.com\\\/prodotto\\\/cooking-box-tutti-i-prodotti-borgunto\\\/\",\n    \"name\": \"Cooking Box Borgunto \\u2013 Esperienza Enogastronomica Toscana\",\n    \"image\": \"https:\\\/\\\/www.granducatocollection.com\\\/wp-content\\\/uploads\\\/2026\\\/01\\\/cooking-box-borgunto-granducato-collection.jpg\",\n    \"description\": \"Box regalo food italiano con prodotti tipici toscani a km 0, realizzati artigianalmente nell\\u2019azienda agricola di Arezzo. Perfetta come regalo gourmet Toscana o per un\\u2019esperienza enogastronomica italiana autentica.\",\n    \"brand\": {\n        \"@type\": \"Organization\",\n        \"name\": \"Borgunto\"\n    },\n    \"offers\": {\n        \"@type\": \"Offer\",\n        \"url\": \"https:\\\/\\\/www.granducatocollection.com\\\/prodotto\\\/cooking-box-tutti-i-prodotti-borgunto\\\/\",\n        \"priceCurrency\": \"EUR\",\n        \"price\": \"120.00\",\n        \"itemCondition\": \"https:\\\/\\\/schema.org\\\/NewCondition\",\n        \"availability\": \"https:\\\/\\\/schema.org\\\/InStock\",\n        \"seller\": {\n            \"@type\": \"Organization\",\n            \"name\": \"Granducato Collection\"\n        }\n    },\n    \"sku\": \"COOKING-BOX-TUTTI-PRODOTTI-BORGUNTO\"\n}<\/script><\/p>\n<h1>Borgunto Kochbox \u2013 Toskanisches Ess- und Weinerlebnis<\/h1>\n<h2>Italienische Geschenkbox mit typischen toskanischen Produkten aus 0 km Entfernung<\/h2>\n<p class=\"translation-block\">Die <strong>Borgunto Kochbox<\/strong> ist eine sinnliche Reise in die authentische toskanische K\u00fcche, zusammengestellt von der <strong>Granducato Collection<\/strong>. Hergestellt auf dem <strong>Arezzo-Bauernhof<\/strong>, im Herzen des <strong>Chianti Aretino<\/strong>, vereint diese exklusive Auswahl die besten <strong>typisch toskanischen Produkte aus der Region<\/strong>: DOCG-Weine, natives Oliven\u00f6l extra, handgemachte Saucen, Marmeladen, Tr\u00fcffelspezialit\u00e4ten und traditionelle Fertiggerichte vom Land.<\/p>\n<h3>Ein toskanisches Gourmet-Geschenk f\u00fcr wahre Kenner.<\/h3>\n<p class=\"translation-block\">Die liebevoll und stilvoll verpackte Kochbox ist das perfekte toskanische Gourmet-Geschenk f\u00fcr Weihnachten, Jubil\u00e4en oder andere besondere Anl\u00e4sse. Jede Zutat erz\u00e4hlt eine Geschichte von Region, Leidenschaft und Handwerkskunst \u2013 ideal f\u00fcr alle, die authentische italienische K\u00fcche und Weine in den eigenen vier W\u00e4nden genie\u00dfen m\u00f6chten.<\/p>\n<h3>Toskanische Handwerksprodukte der Granducato-Kollektion<\/h3>\n<p>Tutti i prodotti sono realizzati con metodi sostenibili, senza conservanti e nel rispetto della tradizione contadina. La <strong>Kochbox Borgunto<\/strong> non \u00e8 solo una selezione di eccellenze: \u00e8 un omaggio alla biodiversit\u00e0 della Toscana, firmato da un brand che unisce <strong>artigianalit\u00e0 toscana<\/strong>, tracciabilit\u00e0 e amore per il territorio.<\/p>","protected":false},"excerpt":{"rendered":"<h1>Kochbox Borgunto<\/h1>\n<p class=\"translation-block\">Die Borgunto Kochbox bietet ein umfassendes Genusserlebnis: eine Auswahl typisch toskanischer Produkte aus der Region, handgefertigt auf dem Bauernhof in Arezzo. Ideal als toskanisches Feinschmeckergeschenk oder um die authentische K\u00fcche des Chianti-Gebiets Arezzo direkt zu Hause zu genie\u00dfen.<\/p>","protected":false},"featured_media":11378,"template":"","meta":{"_acf_changed":false},"product_brand":[764],"product_cat":[843],"product_tag":[311,673,351,422,666,664,138,670,590,668,591,667,560,587,672,233,584,669,671,665],"class_list":{"0":"post-6476","1":"product","2":"type-product","3":"status-publish","4":"has-post-thumbnail","6":"product_brand-granducato-collection","7":"product_cat-box-e-degustazioni","8":"product_tag-borgunto","9":"product_tag-box-esperienziale","10":"product_tag-box-gourmet","11":"product_tag-box-regalo","12":"product_tag-cibo-di-qualita","13":"product_tag-cooking-box","14":"product_tag-cucina-italiana","15":"product_tag-cucina-tradizionale","16":"product_tag-eccellenze-italiane","17":"product_tag-esperienza-culinaria","18":"product_tag-gourmet","19":"product_tag-ingredienti-selezionati","20":"product_tag-made-in-italy","21":"product_tag-prodotti-artigianali","22":"product_tag-prodotti-dop","23":"product_tag-prodotti-italiani","24":"product_tag-prodotti-tipici","25":"product_tag-regalo-food","26":"product_tag-sapori-autentici","27":"product_tag-specialita-regionali","29":"first","30":"instock","31":"shipping-taxable","32":"purchasable","33":"product-type-simple"},"acf":[],"yoast_head":"<!-- This site is optimized with the Yoast SEO plugin v26.7 - https:\/\/yoast.com\/wordpress\/plugins\/seo\/ -->\n<title>B&amp;B Arezzo - Cooking Box Borgunto - Gran ducato Collection<\/title>\n<meta name=\"description\" content=\"Cooking Box Borgunto \u2013 Gusto autentico in un unico cofanetto.Perfetto per portare il sapore della tradizione a casa tua. Ordina online ora!\" \/>\n<meta name=\"robots\" content=\"index, follow, max-snippet:-1, max-image-preview:large, max-video-preview:-1\" \/>\n<link rel=\"canonical\" href=\"https:\/\/www.granducatocollection.com\/de\/product\/cooking-box-tutti-i-prodotti-borgunto\/\" \/>\n<meta property=\"og:locale\" content=\"de_DE\" \/>\n<meta property=\"og:type\" content=\"article\" \/>\n<meta property=\"og:title\" content=\"B&amp;B Arezzo - Cooking Box Borgunto - Gran ducato Collection\" \/>\n<meta property=\"og:description\" content=\"Cooking Box Borgunto \u2013 Gusto autentico in un unico cofanetto.Perfetto per portare il sapore della tradizione a casa tua. Ordina online ora!\" \/>\n<meta property=\"og:url\" content=\"https:\/\/www.granducatocollection.com\/de\/product\/cooking-box-tutti-i-prodotti-borgunto\/\" \/>\n<meta property=\"og:site_name\" content=\"Granducato Collection\" \/>\n<meta property=\"article:modified_time\" content=\"2026-04-06T09:31:34+00:00\" \/>\n<meta property=\"og:image\" content=\"https:\/\/www.granducatocollection.com\/wp-content\/uploads\/2025\/04\/cookingbox_borgunto_granducatogestioni_arezzo_viareggio_toscana_alloggi_bb-300x200-1.webp\" \/>\n\t<meta property=\"og:image:width\" content=\"300\" \/>\n\t<meta property=\"og:image:height\" content=\"200\" \/>\n\t<meta property=\"og:image:type\" content=\"image\/webp\" \/>\n<meta name=\"twitter:card\" content=\"summary_large_image\" \/>\n<meta name=\"twitter:label1\" content=\"Gesch\u00e4tzte Lesezeit\" \/>\n\t<meta name=\"twitter:data1\" content=\"2\u00a0Minuten\" \/>\n<script type=\"application\/ld+json\" class=\"yoast-schema-graph\">{\"@context\":\"https:\/\/schema.org\",\"@graph\":[{\"@type\":\"WebPage\",\"@id\":\"https:\/\/www.granducatocollection.com\/prodotto\/cooking-box-tutti-i-prodotti-borgunto\/\",\"url\":\"https:\/\/www.granducatocollection.com\/prodotto\/cooking-box-tutti-i-prodotti-borgunto\/\",\"name\":\"B&B Arezzo - Cooking Box Borgunto - Gran ducato Collection\",\"isPartOf\":{\"@id\":\"https:\/\/www.granducatocollection.com\/#website\"},\"primaryImageOfPage\":{\"@id\":\"https:\/\/www.granducatocollection.com\/prodotto\/cooking-box-tutti-i-prodotti-borgunto\/#primaryimage\"},\"image\":{\"@id\":\"https:\/\/www.granducatocollection.com\/prodotto\/cooking-box-tutti-i-prodotti-borgunto\/#primaryimage\"},\"thumbnailUrl\":\"https:\/\/www.granducatocollection.com\/wp-content\/uploads\/2025\/04\/cookingbox_borgunto_granducatogestioni_arezzo_viareggio_toscana_alloggi_bb-300x200-1.webp\",\"datePublished\":\"2025-04-10T10:41:19+00:00\",\"dateModified\":\"2026-04-06T09:31:34+00:00\",\"description\":\"Cooking Box Borgunto \u2013 Gusto autentico in un unico cofanetto.Perfetto per portare il sapore della tradizione a casa tua. Ordina online ora!\",\"breadcrumb\":{\"@id\":\"https:\/\/www.granducatocollection.com\/prodotto\/cooking-box-tutti-i-prodotti-borgunto\/#breadcrumb\"},\"inLanguage\":\"de\",\"potentialAction\":[{\"@type\":\"ReadAction\",\"target\":[\"https:\/\/www.granducatocollection.com\/prodotto\/cooking-box-tutti-i-prodotti-borgunto\/\"]}]},{\"@type\":\"ImageObject\",\"inLanguage\":\"de\",\"@id\":\"https:\/\/www.granducatocollection.com\/prodotto\/cooking-box-tutti-i-prodotti-borgunto\/#primaryimage\",\"url\":\"https:\/\/www.granducatocollection.com\/wp-content\/uploads\/2025\/04\/cookingbox_borgunto_granducatogestioni_arezzo_viareggio_toscana_alloggi_bb-300x200-1.webp\",\"contentUrl\":\"https:\/\/www.granducatocollection.com\/wp-content\/uploads\/2025\/04\/cookingbox_borgunto_granducatogestioni_arezzo_viareggio_toscana_alloggi_bb-300x200-1.webp\",\"width\":300,\"height\":200,\"caption\":\"box ragu di chianina granducato collection borgunto\"},{\"@type\":\"BreadcrumbList\",\"@id\":\"https:\/\/www.granducatocollection.com\/prodotto\/cooking-box-tutti-i-prodotti-borgunto\/#breadcrumb\",\"itemListElement\":[{\"@type\":\"ListItem\",\"position\":1,\"name\":\"Home\",\"item\":\"https:\/\/www.granducatocollection.com\/\"},{\"@type\":\"ListItem\",\"position\":2,\"name\":\"Shop\",\"item\":\"https:\/\/www.granducatocollection.com\/negozio\/\"},{\"@type\":\"ListItem\",\"position\":3,\"name\":\"Cooking Box Borgunto \u2013 Prodotti Tipici Toscani Artigianali | Chianti DOCG, Olio EVO, Tartufo\"}]},{\"@type\":\"WebSite\",\"@id\":\"https:\/\/www.granducatocollection.com\/#website\",\"url\":\"https:\/\/www.granducatocollection.com\/\",\"name\":\"GranDucato Collection\",\"description\":\"Prenota la tua vacanza e vivi un&#039;esperienza unica\",\"potentialAction\":[{\"@type\":\"SearchAction\",\"target\":{\"@type\":\"EntryPoint\",\"urlTemplate\":\"https:\/\/www.granducatocollection.com\/?s={search_term_string}\"},\"query-input\":{\"@type\":\"PropertyValueSpecification\",\"valueRequired\":true,\"valueName\":\"search_term_string\"}}],\"inLanguage\":\"de\"}]}<\/script>\n<!-- \/ Yoast SEO plugin. -->","yoast_head_json":{"title":"B&B Arezzo - Cooking Box Borgunto - Gran ducato Collection","description":"Cooking Box Borgunto \u2013 Gusto autentico in un unico cofanetto.Perfetto per portare il sapore della tradizione a casa tua. Ordina online ora!","robots":{"index":"index","follow":"follow","max-snippet":"max-snippet:-1","max-image-preview":"max-image-preview:large","max-video-preview":"max-video-preview:-1"},"canonical":"https:\/\/www.granducatocollection.com\/de\/product\/cooking-box-tutti-i-prodotti-borgunto\/","og_locale":"de_DE","og_type":"article","og_title":"B&B Arezzo - Cooking Box Borgunto - Gran ducato Collection","og_description":"Cooking Box Borgunto \u2013 Gusto autentico in un unico cofanetto.Perfetto per portare il sapore della tradizione a casa tua. Ordina online ora!","og_url":"https:\/\/www.granducatocollection.com\/de\/product\/cooking-box-tutti-i-prodotti-borgunto\/","og_site_name":"Granducato Collection","article_modified_time":"2026-04-06T09:31:34+00:00","og_image":[{"width":300,"height":200,"url":"https:\/\/www.granducatocollection.com\/wp-content\/uploads\/2025\/04\/cookingbox_borgunto_granducatogestioni_arezzo_viareggio_toscana_alloggi_bb-300x200-1.webp","type":"image\/webp"}],"twitter_card":"summary_large_image","twitter_misc":{"Gesch\u00e4tzte Lesezeit":"2\u00a0Minuten"},"schema":{"@context":"https:\/\/schema.org","@graph":[{"@type":"WebPage","@id":"https:\/\/www.granducatocollection.com\/prodotto\/cooking-box-tutti-i-prodotti-borgunto\/","url":"https:\/\/www.granducatocollection.com\/prodotto\/cooking-box-tutti-i-prodotti-borgunto\/","name":"B&B Arezzo - Cooking Box Borgunto - Gran ducato Collection","isPartOf":{"@id":"https:\/\/www.granducatocollection.com\/#website"},"primaryImageOfPage":{"@id":"https:\/\/www.granducatocollection.com\/prodotto\/cooking-box-tutti-i-prodotti-borgunto\/#primaryimage"},"image":{"@id":"https:\/\/www.granducatocollection.com\/prodotto\/cooking-box-tutti-i-prodotti-borgunto\/#primaryimage"},"thumbnailUrl":"https:\/\/www.granducatocollection.com\/wp-content\/uploads\/2025\/04\/cookingbox_borgunto_granducatogestioni_arezzo_viareggio_toscana_alloggi_bb-300x200-1.webp","datePublished":"2025-04-10T10:41:19+00:00","dateModified":"2026-04-06T09:31:34+00:00","description":"Cooking Box Borgunto \u2013 Gusto autentico in un unico cofanetto.Perfetto per portare il sapore della tradizione a casa tua. Ordina online ora!","breadcrumb":{"@id":"https:\/\/www.granducatocollection.com\/prodotto\/cooking-box-tutti-i-prodotti-borgunto\/#breadcrumb"},"inLanguage":"de","potentialAction":[{"@type":"ReadAction","target":["https:\/\/www.granducatocollection.com\/prodotto\/cooking-box-tutti-i-prodotti-borgunto\/"]}]},{"@type":"ImageObject","inLanguage":"de","@id":"https:\/\/www.granducatocollection.com\/prodotto\/cooking-box-tutti-i-prodotti-borgunto\/#primaryimage","url":"https:\/\/www.granducatocollection.com\/wp-content\/uploads\/2025\/04\/cookingbox_borgunto_granducatogestioni_arezzo_viareggio_toscana_alloggi_bb-300x200-1.webp","contentUrl":"https:\/\/www.granducatocollection.com\/wp-content\/uploads\/2025\/04\/cookingbox_borgunto_granducatogestioni_arezzo_viareggio_toscana_alloggi_bb-300x200-1.webp","width":300,"height":200,"caption":"box ragu di chianina granducato collection borgunto"},{"@type":"BreadcrumbList","@id":"https:\/\/www.granducatocollection.com\/prodotto\/cooking-box-tutti-i-prodotti-borgunto\/#breadcrumb","itemListElement":[{"@type":"ListItem","position":1,"name":"Home","item":"https:\/\/www.granducatocollection.com\/"},{"@type":"ListItem","position":2,"name":"Shop","item":"https:\/\/www.granducatocollection.com\/negozio\/"},{"@type":"ListItem","position":3,"name":"Cooking Box Borgunto \u2013 Prodotti Tipici Toscani Artigianali | Chianti DOCG, Olio EVO, Tartufo"}]},{"@type":"WebSite","@id":"https:\/\/www.granducatocollection.com\/#website","url":"https:\/\/www.granducatocollection.com\/","name":"GranDucato Collection","description":"Prenota la tua vacanza e vivi un&#039;esperienza unica","potentialAction":[{"@type":"SearchAction","target":{"@type":"EntryPoint","urlTemplate":"https:\/\/www.granducatocollection.com\/?s={search_term_string}"},"query-input":{"@type":"PropertyValueSpecification","valueRequired":true,"valueName":"search_term_string"}}],"inLanguage":"de"}]}},"_links":{"self":[{"href":"https:\/\/www.granducatocollection.com\/de\/wp-json\/wp\/v2\/product\/6476","targetHints":{"allow":["GET"]}}],"collection":[{"href":"https:\/\/www.granducatocollection.com\/de\/wp-json\/wp\/v2\/product"}],"about":[{"href":"https:\/\/www.granducatocollection.com\/de\/wp-json\/wp\/v2\/types\/product"}],"wp:featuredmedia":[{"embeddable":true,"href":"https:\/\/www.granducatocollection.com\/de\/wp-json\/wp\/v2\/media\/11378"}],"wp:attachment":[{"href":"https:\/\/www.granducatocollection.com\/de\/wp-json\/wp\/v2\/media?parent=6476"}],"wp:term":[{"taxonomy":"product_brand","embeddable":true,"href":"https:\/\/www.granducatocollection.com\/de\/wp-json\/wp\/v2\/product_brand?post=6476"},{"taxonomy":"product_cat","embeddable":true,"href":"https:\/\/www.granducatocollection.com\/de\/wp-json\/wp\/v2\/product_cat?post=6476"},{"taxonomy":"product_tag","embeddable":true,"href":"https:\/\/www.granducatocollection.com\/de\/wp-json\/wp\/v2\/product_tag?post=6476"}],"curies":[{"name":"wp","href":"https:\/\/api.w.org\/{rel}","templated":true}]}}