{"id":6474,"date":"2025-04-10T10:33:59","date_gmt":"2025-04-10T10:33:59","guid":{"rendered":"https:\/\/www.granducatocollection.com\/?post_type=product&#038;p=6474"},"modified":"2026-04-06T10:49:44","modified_gmt":"2026-04-06T10:49:44","slug":"pappa-al-pomodoro-ribollita-pesche-sciroppate","status":"publish","type":"product","link":"https:\/\/www.granducatocollection.com\/de\/product\/pappa-al-pomodoro-ribollita-pesche-sciroppate\/","title":{"rendered":"Toskanische Fertiggerichte \u2013 Ribollita, Pappa al Pomodoro und Pfirsiche in Sirup | Borgunto"},"content":{"rendered":"<p><script type=\"application\/ld+json\">{\n    \"@context\": \"https:\\\/\\\/schema.org\",\n    \"@type\": \"Product\",\n    \"@id\": \"https:\\\/\\\/www.granducatocollection.com\\\/prodotto\\\/pappa-al-pomodoro-ribollita-pesche-sciroppate\\\/\",\n    \"name\": \"Set Tradizione Toscana \\u2013 Pappa al Pomodoro, Ribollita e Pesche Sciroppate\",\n    \"image\": \"https:\\\/\\\/www.granducatocollection.com\\\/wp-content\\\/uploads\\\/2026\\\/01\\\/set-tradizione-toscana-borgunto.jpg\",\n    \"description\": \"Set di specialit\\u00e0 toscane artigianali: pappa al pomodoro, ribollita toscana e pesche sciroppate. Prodotto ad Arezzo da Borgunto, perfetto come regalo gourmet o per assaporare la vera cucina contadina toscana a casa.\",\n    \"brand\": {\n        \"@type\": \"Organization\",\n        \"name\": \"Borgunto\"\n    },\n    \"offers\": {\n        \"@type\": \"Offer\",\n        \"url\": \"https:\\\/\\\/www.granducatocollection.com\\\/prodotto\\\/pappa-al-pomodoro-ribollita-pesche-sciroppate\\\/\",\n        \"priceCurrency\": \"EUR\",\n        \"price\": \"32.00\",\n        \"itemCondition\": \"https:\\\/\\\/schema.org\\\/NewCondition\",\n        \"availability\": \"https:\\\/\\\/schema.org\\\/InStock\",\n        \"seller\": {\n            \"@type\": \"Organization\",\n            \"name\": \"Granducato Collection\"\n        }\n    },\n    \"sku\": \"SET-TRADIZIONE-TOSCANA\"\n}<\/script><\/p>\n<h1>Toskanisches Traditionsset \u2013 Pappa al Pomodoro, Ribollita und Pfirsiche in Sirup<\/h1>\n<h2>Handwerkliche Spezialit\u00e4ten der toskanischen Bauernk\u00fcche, zubereitet in Arezzo<\/h2>\n<p class=\"translation-block\">Dieses exklusive Set vereint drei Grundpfeiler der toskanischen Bauernk\u00fcche: Pappa al Pomodoro (mit reifen Tomaten, toskanischem Brot und Basilikum), toskanische Ribollita (reich an Schwarzkohl, Bohnen und altbackenem Brot) und handwerklich hergestellte Pfirsiche in Sirup, die aus den Obstg\u00e4rten des Chianti-Gebiets bei Arezzo stammen. Jedes Gericht wird von Borgonto in Arezzo mit lokalen Zutaten, nach traditionellen Methoden und ohne Konservierungsstoffe zubereitet.<\/p>\n<h3>Sofort aufheizbar, perfekt f\u00fcr ein authentisches Erlebnis zu Hause<\/h3>\n<p class=\"translation-block\">Diese einzeln verpackten und verzehrfertigen Gerichte bringen Ihnen das toskanische Flair direkt auf den Tisch. Ideal f\u00fcr ein ungezwungenes Abendessen, ein romantisches Dinner oder einfach, um die authentischen Aromen der Toskana zu genie\u00dfen.<\/p>\n<h3>Ein Gourmet-Geschenk, das die Granducato-Kollektion w\u00fcrdigt<\/h3>\n<p class=\"translation-block\">Dieses elegante und bedeutungsvolle Set ist auch ein au\u00dfergew\u00f6hnliches Geschenk f\u00fcr toskanische Feinschmecker. Perfekt f\u00fcr Weihnachten, Jubil\u00e4en oder als \u00dcberraschung f\u00fcr einen Gourmet. Eine Hommage an die Region, die Tradition und die Exzellenz der Granducato-Kollektion.<\/p>","protected":false},"excerpt":{"rendered":"<h1>Angelbox, Ribollita, Tomatensuppe<\/h1>\n<p class=\"translation-block\">Ein Set toskanischer Spezialit\u00e4ten: Pappa al Pomodoro, toskanische Ribollita und handverlesene Pfirsiche in Sirup. Zubereitet von Borgunto in Arezzo mit regionalen Zutaten und nach traditionellen Methoden. Perfekt, um die toskanische Bauernk\u00fcche zu Hause zu genie\u00dfen oder als authentisches Gourmet-Geschenk.<\/p>","protected":false},"featured_media":6475,"template":"","meta":{"_acf_changed":false},"product_brand":[764],"product_cat":[843],"product_tag":[695,694,690,687,688,685,560,318,280,686,691,233,584,689,247,684,130,665,693,692],"class_list":{"0":"post-6474","1":"product","2":"type-product","3":"status-publish","4":"has-post-thumbnail","6":"product_brand-granducato-collection","7":"product_cat-box-e-degustazioni","8":"product_tag-autentico-sapore-toscano","9":"product_tag-box-regionale","10":"product_tag-cibo-della-nonna","11":"product_tag-comfort-food","12":"product_tag-conserve-artigianali","13":"product_tag-cucina-toscana","14":"product_tag-made-in-italy","15":"product_tag-pappa-al-pomodoro","16":"product_tag-pesche-sciroppate","17":"product_tag-piatti-tradizionali","18":"product_tag-prodotti-genuini","19":"product_tag-prodotti-italiani","20":"product_tag-prodotti-tipici","21":"product_tag-pronti-da-scaldare","22":"product_tag-regalo-enogastronomico","23":"product_tag-ribollita","24":"product_tag-senza-conservanti","25":"product_tag-specialita-regionali","26":"product_tag-street-food-gourmet","27":"product_tag-vegetariano","29":"first","30":"instock","31":"shipping-taxable","32":"purchasable","33":"product-type-simple"},"acf":[],"yoast_head":"<!-- This site is optimized with the Yoast SEO plugin v26.7 - https:\/\/yoast.com\/wordpress\/plugins\/seo\/ -->\n<title>B&amp;B Arezzo - Piatti Pronti Toscani \u2013 Ribollita, Pappa al Pomodoro e Pesche Sciroppate | Borgunto - Granducato Collection<\/title>\n<meta name=\"description\" content=\"Scopri la tradizione toscana con la nostra Pappa al Pomodoro, Ribollita e Pesche Sciroppate \u2013 qualit\u00e0 artigianale su granducatocollection.com. Ordina ora!\" \/>\n<meta name=\"robots\" content=\"index, follow, max-snippet:-1, max-image-preview:large, max-video-preview:-1\" \/>\n<link rel=\"canonical\" href=\"https:\/\/www.granducatocollection.com\/de\/product\/pappa-al-pomodoro-ribollita-pesche-sciroppate\/\" \/>\n<meta property=\"og:locale\" content=\"de_DE\" \/>\n<meta property=\"og:type\" content=\"article\" \/>\n<meta property=\"og:title\" content=\"B&amp;B Arezzo - Piatti Pronti Toscani \u2013 Ribollita, Pappa al Pomodoro e Pesche Sciroppate | Borgunto - Granducato Collection\" \/>\n<meta property=\"og:description\" content=\"Scopri la tradizione toscana con la nostra Pappa al Pomodoro, Ribollita e Pesche Sciroppate \u2013 qualit\u00e0 artigianale su granducatocollection.com. Ordina ora!\" \/>\n<meta property=\"og:url\" content=\"https:\/\/www.granducatocollection.com\/de\/product\/pappa-al-pomodoro-ribollita-pesche-sciroppate\/\" \/>\n<meta property=\"og:site_name\" content=\"Granducato Collection\" \/>\n<meta property=\"article:modified_time\" content=\"2026-04-06T10:49:44+00:00\" \/>\n<meta property=\"og:image\" content=\"https:\/\/www.granducatocollection.com\/wp-content\/uploads\/2025\/04\/pappa_al_pomodoro-ribollita_toscana_pesche_sciroppate_granducatocollection_borgunto_arezzo_toscana_viareggio_alloggi_bb.jpg\" \/>\n\t<meta property=\"og:image:width\" content=\"1600\" \/>\n\t<meta property=\"og:image:height\" content=\"1067\" \/>\n\t<meta property=\"og:image:type\" content=\"image\/jpeg\" \/>\n<meta name=\"twitter:card\" content=\"summary_large_image\" \/>\n<meta name=\"twitter:label1\" content=\"Gesch\u00e4tzte Lesezeit\" \/>\n\t<meta name=\"twitter:data1\" content=\"2\u00a0Minuten\" \/>\n<script type=\"application\/ld+json\" class=\"yoast-schema-graph\">{\"@context\":\"https:\/\/schema.org\",\"@graph\":[{\"@type\":\"WebPage\",\"@id\":\"https:\/\/www.granducatocollection.com\/prodotto\/pappa-al-pomodoro-ribollita-pesche-sciroppate\/\",\"url\":\"https:\/\/www.granducatocollection.com\/prodotto\/pappa-al-pomodoro-ribollita-pesche-sciroppate\/\",\"name\":\"B&B Arezzo - Piatti Pronti Toscani \u2013 Ribollita, Pappa al Pomodoro e Pesche Sciroppate | Borgunto - Granducato Collection\",\"isPartOf\":{\"@id\":\"https:\/\/www.granducatocollection.com\/#website\"},\"primaryImageOfPage\":{\"@id\":\"https:\/\/www.granducatocollection.com\/prodotto\/pappa-al-pomodoro-ribollita-pesche-sciroppate\/#primaryimage\"},\"image\":{\"@id\":\"https:\/\/www.granducatocollection.com\/prodotto\/pappa-al-pomodoro-ribollita-pesche-sciroppate\/#primaryimage\"},\"thumbnailUrl\":\"https:\/\/www.granducatocollection.com\/wp-content\/uploads\/2025\/04\/pappa_al_pomodoro-ribollita_toscana_pesche_sciroppate_granducatocollection_borgunto_arezzo_toscana_viareggio_alloggi_bb.jpg\",\"datePublished\":\"2025-04-10T10:33:59+00:00\",\"dateModified\":\"2026-04-06T10:49:44+00:00\",\"description\":\"Scopri la tradizione toscana con la nostra Pappa al Pomodoro, Ribollita e Pesche Sciroppate \u2013 qualit\u00e0 artigianale su granducatocollection.com. Ordina ora!\",\"breadcrumb\":{\"@id\":\"https:\/\/www.granducatocollection.com\/prodotto\/pappa-al-pomodoro-ribollita-pesche-sciroppate\/#breadcrumb\"},\"inLanguage\":\"de\",\"potentialAction\":[{\"@type\":\"ReadAction\",\"target\":[\"https:\/\/www.granducatocollection.com\/prodotto\/pappa-al-pomodoro-ribollita-pesche-sciroppate\/\"]}]},{\"@type\":\"ImageObject\",\"inLanguage\":\"de\",\"@id\":\"https:\/\/www.granducatocollection.com\/prodotto\/pappa-al-pomodoro-ribollita-pesche-sciroppate\/#primaryimage\",\"url\":\"https:\/\/www.granducatocollection.com\/wp-content\/uploads\/2025\/04\/pappa_al_pomodoro-ribollita_toscana_pesche_sciroppate_granducatocollection_borgunto_arezzo_toscana_viareggio_alloggi_bb.jpg\",\"contentUrl\":\"https:\/\/www.granducatocollection.com\/wp-content\/uploads\/2025\/04\/pappa_al_pomodoro-ribollita_toscana_pesche_sciroppate_granducatocollection_borgunto_arezzo_toscana_viareggio_alloggi_bb.jpg\",\"width\":1600,\"height\":1067},{\"@type\":\"BreadcrumbList\",\"@id\":\"https:\/\/www.granducatocollection.com\/prodotto\/pappa-al-pomodoro-ribollita-pesche-sciroppate\/#breadcrumb\",\"itemListElement\":[{\"@type\":\"ListItem\",\"position\":1,\"name\":\"Home\",\"item\":\"https:\/\/www.granducatocollection.com\/\"},{\"@type\":\"ListItem\",\"position\":2,\"name\":\"Shop\",\"item\":\"https:\/\/www.granducatocollection.com\/negozio\/\"},{\"@type\":\"ListItem\",\"position\":3,\"name\":\"Piatti Pronti Toscani \u2013 Ribollita, Pappa al Pomodoro e Pesche Sciroppate | Borgunto\"}]},{\"@type\":\"WebSite\",\"@id\":\"https:\/\/www.granducatocollection.com\/#website\",\"url\":\"https:\/\/www.granducatocollection.com\/\",\"name\":\"GranDucato Collection\",\"description\":\"Prenota la tua vacanza e vivi un&#039;esperienza unica\",\"potentialAction\":[{\"@type\":\"SearchAction\",\"target\":{\"@type\":\"EntryPoint\",\"urlTemplate\":\"https:\/\/www.granducatocollection.com\/?s={search_term_string}\"},\"query-input\":{\"@type\":\"PropertyValueSpecification\",\"valueRequired\":true,\"valueName\":\"search_term_string\"}}],\"inLanguage\":\"de\"}]}<\/script>\n<!-- \/ Yoast SEO plugin. -->","yoast_head_json":{"title":"B&B Arezzo - Piatti Pronti Toscani \u2013 Ribollita, Pappa al Pomodoro e Pesche Sciroppate | Borgunto - Granducato Collection","description":"Scopri la tradizione toscana con la nostra Pappa al Pomodoro, Ribollita e Pesche Sciroppate \u2013 qualit\u00e0 artigianale su granducatocollection.com. Ordina ora!","robots":{"index":"index","follow":"follow","max-snippet":"max-snippet:-1","max-image-preview":"max-image-preview:large","max-video-preview":"max-video-preview:-1"},"canonical":"https:\/\/www.granducatocollection.com\/de\/product\/pappa-al-pomodoro-ribollita-pesche-sciroppate\/","og_locale":"de_DE","og_type":"article","og_title":"B&B Arezzo - Piatti Pronti Toscani \u2013 Ribollita, Pappa al Pomodoro e Pesche Sciroppate | Borgunto - Granducato Collection","og_description":"Scopri la tradizione toscana con la nostra Pappa al Pomodoro, Ribollita e Pesche Sciroppate \u2013 qualit\u00e0 artigianale su granducatocollection.com. Ordina ora!","og_url":"https:\/\/www.granducatocollection.com\/de\/product\/pappa-al-pomodoro-ribollita-pesche-sciroppate\/","og_site_name":"Granducato Collection","article_modified_time":"2026-04-06T10:49:44+00:00","og_image":[{"width":1600,"height":1067,"url":"https:\/\/www.granducatocollection.com\/wp-content\/uploads\/2025\/04\/pappa_al_pomodoro-ribollita_toscana_pesche_sciroppate_granducatocollection_borgunto_arezzo_toscana_viareggio_alloggi_bb.jpg","type":"image\/jpeg"}],"twitter_card":"summary_large_image","twitter_misc":{"Gesch\u00e4tzte Lesezeit":"2\u00a0Minuten"},"schema":{"@context":"https:\/\/schema.org","@graph":[{"@type":"WebPage","@id":"https:\/\/www.granducatocollection.com\/prodotto\/pappa-al-pomodoro-ribollita-pesche-sciroppate\/","url":"https:\/\/www.granducatocollection.com\/prodotto\/pappa-al-pomodoro-ribollita-pesche-sciroppate\/","name":"B&B Arezzo - Piatti Pronti Toscani \u2013 Ribollita, Pappa al Pomodoro e Pesche Sciroppate | Borgunto - Granducato Collection","isPartOf":{"@id":"https:\/\/www.granducatocollection.com\/#website"},"primaryImageOfPage":{"@id":"https:\/\/www.granducatocollection.com\/prodotto\/pappa-al-pomodoro-ribollita-pesche-sciroppate\/#primaryimage"},"image":{"@id":"https:\/\/www.granducatocollection.com\/prodotto\/pappa-al-pomodoro-ribollita-pesche-sciroppate\/#primaryimage"},"thumbnailUrl":"https:\/\/www.granducatocollection.com\/wp-content\/uploads\/2025\/04\/pappa_al_pomodoro-ribollita_toscana_pesche_sciroppate_granducatocollection_borgunto_arezzo_toscana_viareggio_alloggi_bb.jpg","datePublished":"2025-04-10T10:33:59+00:00","dateModified":"2026-04-06T10:49:44+00:00","description":"Scopri la tradizione toscana con la nostra Pappa al Pomodoro, Ribollita e Pesche Sciroppate \u2013 qualit\u00e0 artigianale su granducatocollection.com. Ordina ora!","breadcrumb":{"@id":"https:\/\/www.granducatocollection.com\/prodotto\/pappa-al-pomodoro-ribollita-pesche-sciroppate\/#breadcrumb"},"inLanguage":"de","potentialAction":[{"@type":"ReadAction","target":["https:\/\/www.granducatocollection.com\/prodotto\/pappa-al-pomodoro-ribollita-pesche-sciroppate\/"]}]},{"@type":"ImageObject","inLanguage":"de","@id":"https:\/\/www.granducatocollection.com\/prodotto\/pappa-al-pomodoro-ribollita-pesche-sciroppate\/#primaryimage","url":"https:\/\/www.granducatocollection.com\/wp-content\/uploads\/2025\/04\/pappa_al_pomodoro-ribollita_toscana_pesche_sciroppate_granducatocollection_borgunto_arezzo_toscana_viareggio_alloggi_bb.jpg","contentUrl":"https:\/\/www.granducatocollection.com\/wp-content\/uploads\/2025\/04\/pappa_al_pomodoro-ribollita_toscana_pesche_sciroppate_granducatocollection_borgunto_arezzo_toscana_viareggio_alloggi_bb.jpg","width":1600,"height":1067},{"@type":"BreadcrumbList","@id":"https:\/\/www.granducatocollection.com\/prodotto\/pappa-al-pomodoro-ribollita-pesche-sciroppate\/#breadcrumb","itemListElement":[{"@type":"ListItem","position":1,"name":"Home","item":"https:\/\/www.granducatocollection.com\/"},{"@type":"ListItem","position":2,"name":"Shop","item":"https:\/\/www.granducatocollection.com\/negozio\/"},{"@type":"ListItem","position":3,"name":"Piatti Pronti Toscani \u2013 Ribollita, Pappa al Pomodoro e Pesche Sciroppate | Borgunto"}]},{"@type":"WebSite","@id":"https:\/\/www.granducatocollection.com\/#website","url":"https:\/\/www.granducatocollection.com\/","name":"GranDucato Collection","description":"Prenota la tua vacanza e vivi un&#039;esperienza unica","potentialAction":[{"@type":"SearchAction","target":{"@type":"EntryPoint","urlTemplate":"https:\/\/www.granducatocollection.com\/?s={search_term_string}"},"query-input":{"@type":"PropertyValueSpecification","valueRequired":true,"valueName":"search_term_string"}}],"inLanguage":"de"}]}},"_links":{"self":[{"href":"https:\/\/www.granducatocollection.com\/de\/wp-json\/wp\/v2\/product\/6474","targetHints":{"allow":["GET"]}}],"collection":[{"href":"https:\/\/www.granducatocollection.com\/de\/wp-json\/wp\/v2\/product"}],"about":[{"href":"https:\/\/www.granducatocollection.com\/de\/wp-json\/wp\/v2\/types\/product"}],"wp:featuredmedia":[{"embeddable":true,"href":"https:\/\/www.granducatocollection.com\/de\/wp-json\/wp\/v2\/media\/6475"}],"wp:attachment":[{"href":"https:\/\/www.granducatocollection.com\/de\/wp-json\/wp\/v2\/media?parent=6474"}],"wp:term":[{"taxonomy":"product_brand","embeddable":true,"href":"https:\/\/www.granducatocollection.com\/de\/wp-json\/wp\/v2\/product_brand?post=6474"},{"taxonomy":"product_cat","embeddable":true,"href":"https:\/\/www.granducatocollection.com\/de\/wp-json\/wp\/v2\/product_cat?post=6474"},{"taxonomy":"product_tag","embeddable":true,"href":"https:\/\/www.granducatocollection.com\/de\/wp-json\/wp\/v2\/product_tag?post=6474"}],"curies":[{"name":"wp","href":"https:\/\/api.w.org\/{rel}","templated":true}]}}