{"id":6461,"date":"2025-04-10T08:46:14","date_gmt":"2025-04-10T08:46:14","guid":{"rendered":"https:\/\/www.granducatocollection.com\/?post_type=product&#038;p=6461"},"modified":"2026-04-06T09:10:17","modified_gmt":"2026-04-06T09:10:17","slug":"offerta-prodotti-del-chianti","status":"publish","type":"product","link":"https:\/\/www.granducatocollection.com\/de\/product\/offerta-prodotti-del-chianti\/","title":{"rendered":"Chianti DOCG Verkostungsbox \u2013 Wein, natives Oliven\u00f6l extra und handgemachte Marmeladen | Borgunto"},"content":{"rendered":"<p><script type=\"application\/ld+json\">{\n    \"@context\": \"https:\\\/\\\/schema.org\",\n    \"@type\": \"Product\",\n    \"@id\": \"https:\\\/\\\/www.granducatocollection.com\\\/prodotto\\\/offerta-prodotti-del-chianti\\\/\",\n    \"name\": \"Offerta Prodotti del Chianti \\u2013 Borgunto\",\n    \"image\": \"https:\\\/\\\/www.granducatocollection.com\\\/wp-content\\\/uploads\\\/2026\\\/01\\\/offerta-prodotti-del-chianti-borgunto.jpg\",\n    \"description\": \"Offerta enogastronomica con Chianti DOCG e olio extravergine d\\u2019oliva toscano, prodotti artigianali di Borgunto ad Arezzo. Perfetta come regalo enogastronomico Toscana, con confezione regalo e spedizione in 24\\u201348h.\",\n    \"brand\": {\n        \"@type\": \"Organization\",\n        \"name\": \"Borgunto\"\n    },\n    \"offers\": {\n        \"@type\": \"Offer\",\n        \"url\": \"https:\\\/\\\/www.granducatocollection.com\\\/prodotto\\\/offerta-prodotti-del-chianti\\\/\",\n        \"priceCurrency\": \"EUR\",\n        \"price\": \"45.00\",\n        \"itemCondition\": \"https:\\\/\\\/schema.org\\\/NewCondition\",\n        \"availability\": \"https:\\\/\\\/schema.org\\\/InStock\",\n        \"seller\": {\n            \"@type\": \"Organization\",\n            \"name\": \"Granducato Collection\"\n        }\n    },\n    \"sku\": \"OFFERTA-PRODOTTI-DEL-CHIANTI\"\n}<\/script><\/p>\n<h1>Angebot von Chianti-Produkten \u2013 Borgunto<\/h1>\n<h2>Eine kulinarische Reise durch die authentische Toskana, von Arezzo aus<\/h2>\n<p class=\"translation-block\">Dieses <strong>Chianti-Produktangebot<\/strong> ist eine Hommage an die authentischsten Aromen der <strong>Toskana<\/strong>. Es wurde von <strong>Borgunto<\/strong> aus <strong>Arezzo<\/strong> zusammengestellt und ist Teil der <strong>Granducato Collection<\/strong>. Es umfasst eine Auswahl typisch <strong>toskanischer Produkte<\/strong>: eine Flasche <strong>Chianti DOCG<\/strong> und ein edles <strong>toskanisches natives Oliven\u00f6l extra<\/strong>, beide handwerklich hergestellt und aus kontrollierten Rohstoffen gewonnen.<\/p>\n<h3>Die perfekte Wahl f\u00fcr ein Geschenk mit toskanischem Essen und Wein.<\/h3>\n<p class=\"translation-block\">Elegant, komplett und bereit zum Verschenken \u2013 dieses Angebot ist ideal als Geschenk f\u00fcr toskanische Feinschmecker und Weinliebhaber zu besonderen Anl\u00e4ssen, Weihnachten oder einfach als aufmerksame Geste. Jede Box wird von Hand zusammengestellt und in einer edlen Geschenkverpackung pr\u00e4sentiert \u2013 eine \u00dcberraschung f\u00fcr jeden Liebhaber der italienischen K\u00fcche.<\/p>\n<h3>Schneller Versand und handwerkliche Perfektion bis ins kleinste Detail<\/h3>\n<p class=\"translation-block\">Bestellen Sie noch heute und erhalten Sie Ihr Paket in nur 24\u201348 Stunden. Schneller Versand und die handwerkliche Qualit\u00e4t jedes einzelnen Produkts garantieren ein perfektes Einkaufserlebnis. Holen Sie sich oder Ihren Lieben ein St\u00fcck Toskana auf den Tisch \u2013 ganz einfach.<\/p>","protected":false},"excerpt":{"rendered":"<h1>Angebot von Chianti-Produkten<\/h1>\n<h2>Was umfasst das Angebot von Chianti Products?<\/h2>\n<p>Unser Angebot an Chianti-Produkten richtet sich an alle, die die authentischen Aromen der Toskana lieben...<\/p>\n<h2>Perfekt als Geschenk oder f\u00fcr kulinarische Erlebnisse.<\/h2>\n<p>Dieses Paket enth\u00e4lt eine Flasche Chianti DOCG, toskanisches natives Oliven\u00f6l extra...<\/p>\n<h2>Schneller Versand und Geschenkverpackung<\/h2>\n<p>Bestellen Sie noch heute Ihr Angebot f\u00fcr Chianti-Produkte und erhalten Sie es innerhalb von 24-48 Stunden...<\/p>","protected":false},"featured_media":11373,"template":"","meta":{"_acf_changed":false},"product_brand":[764],"product_cat":[843],"product_tag":[728,724,589,723,725,560,346,722,729,726,496,421,427,727,679],"class_list":{"0":"post-6461","1":"product","2":"type-product","3":"status-publish","4":"has-post-thumbnail","6":"product_brand-granducato-collection","7":"product_cat-box-e-degustazioni","8":"product_tag-assaggio-vino-olio-marmellata","9":"product_tag-box-assaggio","10":"product_tag-confezione-regalo","11":"product_tag-degustazione-chianti","12":"product_tag-enogastronomia-toscana","13":"product_tag-made-in-italy","14":"product_tag-marmellata-artigianale","15":"product_tag-olio-extravergine-di-oliva","16":"product_tag-prodotti-artigianali-toscani","17":"product_tag-prodotti-deccellenza","18":"product_tag-prodotti-locali","19":"product_tag-prodotti-tipici-toscani","20":"product_tag-regalo-gourmet","21":"product_tag-specialita-chianti","22":"product_tag-vino-chianti","24":"first","25":"instock","26":"shipping-taxable","27":"purchasable","28":"product-type-simple"},"acf":[],"yoast_head":"<!-- This site is optimized with the Yoast SEO plugin v26.7 - https:\/\/yoast.com\/wordpress\/plugins\/seo\/ -->\n<title>B&amp;B Arezzo - Offerta Prodotti del Chianti \u2013 Granducato Collection<\/title>\n<meta name=\"description\" content=\"Assapora la Toscana con l&#039;Assaggio del Chianti: vino rosso, olio EVO e marmellata artigianale direttamente da Arezzo. Spedizione inclusa, gusto autentico.\" \/>\n<meta name=\"robots\" content=\"index, follow, max-snippet:-1, max-image-preview:large, max-video-preview:-1\" \/>\n<link rel=\"canonical\" href=\"https:\/\/www.granducatocollection.com\/de\/product\/offerta-prodotti-del-chianti\/\" \/>\n<meta property=\"og:locale\" content=\"de_DE\" \/>\n<meta property=\"og:type\" content=\"article\" \/>\n<meta property=\"og:title\" content=\"B&amp;B Arezzo - Offerta Prodotti del Chianti \u2013 Granducato Collection\" \/>\n<meta property=\"og:description\" content=\"Assapora la Toscana con l&#039;Assaggio del Chianti: vino rosso, olio EVO e marmellata artigianale direttamente da Arezzo. Spedizione inclusa, gusto autentico.\" \/>\n<meta property=\"og:url\" content=\"https:\/\/www.granducatocollection.com\/de\/product\/offerta-prodotti-del-chianti\/\" \/>\n<meta property=\"og:site_name\" content=\"Granducato Collection\" \/>\n<meta property=\"article:modified_time\" content=\"2026-04-06T09:10:17+00:00\" \/>\n<meta property=\"og:image\" content=\"https:\/\/www.granducatocollection.com\/wp-content\/uploads\/2025\/04\/Offerta-prodotti-chianti-granducatogestioni-borgunto-arezzo-firenze-toscana-beb-alloggi-300x300-1.webp\" \/>\n\t<meta property=\"og:image:width\" content=\"300\" \/>\n\t<meta property=\"og:image:height\" content=\"300\" \/>\n\t<meta property=\"og:image:type\" content=\"image\/webp\" \/>\n<meta name=\"twitter:card\" content=\"summary_large_image\" \/>\n<meta name=\"twitter:label1\" content=\"Gesch\u00e4tzte Lesezeit\" \/>\n\t<meta name=\"twitter:data1\" content=\"2\u00a0Minuten\" \/>\n<script type=\"application\/ld+json\" class=\"yoast-schema-graph\">{\"@context\":\"https:\/\/schema.org\",\"@graph\":[{\"@type\":\"WebPage\",\"@id\":\"https:\/\/www.granducatocollection.com\/prodotto\/offerta-prodotti-del-chianti\/\",\"url\":\"https:\/\/www.granducatocollection.com\/prodotto\/offerta-prodotti-del-chianti\/\",\"name\":\"B&B Arezzo - Offerta Prodotti del Chianti \u2013 Granducato Collection\",\"isPartOf\":{\"@id\":\"https:\/\/www.granducatocollection.com\/#website\"},\"primaryImageOfPage\":{\"@id\":\"https:\/\/www.granducatocollection.com\/prodotto\/offerta-prodotti-del-chianti\/#primaryimage\"},\"image\":{\"@id\":\"https:\/\/www.granducatocollection.com\/prodotto\/offerta-prodotti-del-chianti\/#primaryimage\"},\"thumbnailUrl\":\"https:\/\/www.granducatocollection.com\/wp-content\/uploads\/2025\/04\/offerta-prodotti-chianti-granducatogestioni-borgunto-arezzo-firenze-toscana-beb-alloggi-300x300-1.webp\",\"datePublished\":\"2025-04-10T08:46:14+00:00\",\"dateModified\":\"2026-04-06T09:10:17+00:00\",\"description\":\"Assapora la Toscana con l'Assaggio del Chianti: vino rosso, olio EVO e marmellata artigianale direttamente da Arezzo. Spedizione inclusa, gusto autentico.\",\"breadcrumb\":{\"@id\":\"https:\/\/www.granducatocollection.com\/prodotto\/offerta-prodotti-del-chianti\/#breadcrumb\"},\"inLanguage\":\"de\",\"potentialAction\":[{\"@type\":\"ReadAction\",\"target\":[\"https:\/\/www.granducatocollection.com\/prodotto\/offerta-prodotti-del-chianti\/\"]}]},{\"@type\":\"ImageObject\",\"inLanguage\":\"de\",\"@id\":\"https:\/\/www.granducatocollection.com\/prodotto\/offerta-prodotti-del-chianti\/#primaryimage\",\"url\":\"https:\/\/www.granducatocollection.com\/wp-content\/uploads\/2025\/04\/offerta-prodotti-chianti-granducatogestioni-borgunto-arezzo-firenze-toscana-beb-alloggi-300x300-1.webp\",\"contentUrl\":\"https:\/\/www.granducatocollection.com\/wp-content\/uploads\/2025\/04\/offerta-prodotti-chianti-granducatogestioni-borgunto-arezzo-firenze-toscana-beb-alloggi-300x300-1.webp\",\"width\":300,\"height\":300,\"caption\":\"Offerta Prodotti del Chianti Granducato Collection\"},{\"@type\":\"BreadcrumbList\",\"@id\":\"https:\/\/www.granducatocollection.com\/prodotto\/offerta-prodotti-del-chianti\/#breadcrumb\",\"itemListElement\":[{\"@type\":\"ListItem\",\"position\":1,\"name\":\"Home\",\"item\":\"https:\/\/www.granducatocollection.com\/\"},{\"@type\":\"ListItem\",\"position\":2,\"name\":\"Shop\",\"item\":\"https:\/\/www.granducatocollection.com\/negozio\/\"},{\"@type\":\"ListItem\",\"position\":3,\"name\":\"Box Assaggio Chianti DOCG \u2013 Vino, Olio EVO e Marmellate Artigianali | Borgunto\"}]},{\"@type\":\"WebSite\",\"@id\":\"https:\/\/www.granducatocollection.com\/#website\",\"url\":\"https:\/\/www.granducatocollection.com\/\",\"name\":\"GranDucato Collection\",\"description\":\"Prenota la tua vacanza e vivi un&#039;esperienza unica\",\"potentialAction\":[{\"@type\":\"SearchAction\",\"target\":{\"@type\":\"EntryPoint\",\"urlTemplate\":\"https:\/\/www.granducatocollection.com\/?s={search_term_string}\"},\"query-input\":{\"@type\":\"PropertyValueSpecification\",\"valueRequired\":true,\"valueName\":\"search_term_string\"}}],\"inLanguage\":\"de\"}]}<\/script>\n<!-- \/ Yoast SEO plugin. -->","yoast_head_json":{"title":"B&B Arezzo - Offerta Prodotti del Chianti \u2013 Granducato Collection","description":"Assapora la Toscana con l'Assaggio del Chianti: vino rosso, olio EVO e marmellata artigianale direttamente da Arezzo. Spedizione inclusa, gusto autentico.","robots":{"index":"index","follow":"follow","max-snippet":"max-snippet:-1","max-image-preview":"max-image-preview:large","max-video-preview":"max-video-preview:-1"},"canonical":"https:\/\/www.granducatocollection.com\/de\/product\/offerta-prodotti-del-chianti\/","og_locale":"de_DE","og_type":"article","og_title":"B&B Arezzo - Offerta Prodotti del Chianti \u2013 Granducato Collection","og_description":"Assapora la Toscana con l'Assaggio del Chianti: vino rosso, olio EVO e marmellata artigianale direttamente da Arezzo. Spedizione inclusa, gusto autentico.","og_url":"https:\/\/www.granducatocollection.com\/de\/product\/offerta-prodotti-del-chianti\/","og_site_name":"Granducato Collection","article_modified_time":"2026-04-06T09:10:17+00:00","og_image":[{"width":300,"height":300,"url":"https:\/\/www.granducatocollection.com\/wp-content\/uploads\/2025\/04\/Offerta-prodotti-chianti-granducatogestioni-borgunto-arezzo-firenze-toscana-beb-alloggi-300x300-1.webp","type":"image\/webp"}],"twitter_card":"summary_large_image","twitter_misc":{"Gesch\u00e4tzte Lesezeit":"2\u00a0Minuten"},"schema":{"@context":"https:\/\/schema.org","@graph":[{"@type":"WebPage","@id":"https:\/\/www.granducatocollection.com\/prodotto\/offerta-prodotti-del-chianti\/","url":"https:\/\/www.granducatocollection.com\/prodotto\/offerta-prodotti-del-chianti\/","name":"B&B Arezzo - Offerta Prodotti del Chianti \u2013 Granducato Collection","isPartOf":{"@id":"https:\/\/www.granducatocollection.com\/#website"},"primaryImageOfPage":{"@id":"https:\/\/www.granducatocollection.com\/prodotto\/offerta-prodotti-del-chianti\/#primaryimage"},"image":{"@id":"https:\/\/www.granducatocollection.com\/prodotto\/offerta-prodotti-del-chianti\/#primaryimage"},"thumbnailUrl":"https:\/\/www.granducatocollection.com\/wp-content\/uploads\/2025\/04\/offerta-prodotti-chianti-granducatogestioni-borgunto-arezzo-firenze-toscana-beb-alloggi-300x300-1.webp","datePublished":"2025-04-10T08:46:14+00:00","dateModified":"2026-04-06T09:10:17+00:00","description":"Assapora la Toscana con l'Assaggio del Chianti: vino rosso, olio EVO e marmellata artigianale direttamente da Arezzo. Spedizione inclusa, gusto autentico.","breadcrumb":{"@id":"https:\/\/www.granducatocollection.com\/prodotto\/offerta-prodotti-del-chianti\/#breadcrumb"},"inLanguage":"de","potentialAction":[{"@type":"ReadAction","target":["https:\/\/www.granducatocollection.com\/prodotto\/offerta-prodotti-del-chianti\/"]}]},{"@type":"ImageObject","inLanguage":"de","@id":"https:\/\/www.granducatocollection.com\/prodotto\/offerta-prodotti-del-chianti\/#primaryimage","url":"https:\/\/www.granducatocollection.com\/wp-content\/uploads\/2025\/04\/offerta-prodotti-chianti-granducatogestioni-borgunto-arezzo-firenze-toscana-beb-alloggi-300x300-1.webp","contentUrl":"https:\/\/www.granducatocollection.com\/wp-content\/uploads\/2025\/04\/offerta-prodotti-chianti-granducatogestioni-borgunto-arezzo-firenze-toscana-beb-alloggi-300x300-1.webp","width":300,"height":300,"caption":"Offerta Prodotti del Chianti Granducato Collection"},{"@type":"BreadcrumbList","@id":"https:\/\/www.granducatocollection.com\/prodotto\/offerta-prodotti-del-chianti\/#breadcrumb","itemListElement":[{"@type":"ListItem","position":1,"name":"Home","item":"https:\/\/www.granducatocollection.com\/"},{"@type":"ListItem","position":2,"name":"Shop","item":"https:\/\/www.granducatocollection.com\/negozio\/"},{"@type":"ListItem","position":3,"name":"Box Assaggio Chianti DOCG \u2013 Vino, Olio EVO e Marmellate Artigianali | Borgunto"}]},{"@type":"WebSite","@id":"https:\/\/www.granducatocollection.com\/#website","url":"https:\/\/www.granducatocollection.com\/","name":"GranDucato Collection","description":"Prenota la tua vacanza e vivi un&#039;esperienza unica","potentialAction":[{"@type":"SearchAction","target":{"@type":"EntryPoint","urlTemplate":"https:\/\/www.granducatocollection.com\/?s={search_term_string}"},"query-input":{"@type":"PropertyValueSpecification","valueRequired":true,"valueName":"search_term_string"}}],"inLanguage":"de"}]}},"_links":{"self":[{"href":"https:\/\/www.granducatocollection.com\/de\/wp-json\/wp\/v2\/product\/6461","targetHints":{"allow":["GET"]}}],"collection":[{"href":"https:\/\/www.granducatocollection.com\/de\/wp-json\/wp\/v2\/product"}],"about":[{"href":"https:\/\/www.granducatocollection.com\/de\/wp-json\/wp\/v2\/types\/product"}],"wp:featuredmedia":[{"embeddable":true,"href":"https:\/\/www.granducatocollection.com\/de\/wp-json\/wp\/v2\/media\/11373"}],"wp:attachment":[{"href":"https:\/\/www.granducatocollection.com\/de\/wp-json\/wp\/v2\/media?parent=6461"}],"wp:term":[{"taxonomy":"product_brand","embeddable":true,"href":"https:\/\/www.granducatocollection.com\/de\/wp-json\/wp\/v2\/product_brand?post=6461"},{"taxonomy":"product_cat","embeddable":true,"href":"https:\/\/www.granducatocollection.com\/de\/wp-json\/wp\/v2\/product_cat?post=6461"},{"taxonomy":"product_tag","embeddable":true,"href":"https:\/\/www.granducatocollection.com\/de\/wp-json\/wp\/v2\/product_tag?post=6461"}],"curies":[{"name":"wp","href":"https:\/\/api.w.org\/{rel}","templated":true}]}}