{"id":6569,"date":"2025-04-14T09:40:32","date_gmt":"2025-04-14T09:40:32","guid":{"rendered":"https:\/\/www.granducatocollection.com\/?page_id=6569"},"modified":"2025-10-16T10:53:37","modified_gmt":"2025-10-16T10:53:37","slug":"black-car-granducato-navetta-privata-toscana","status":"publish","type":"page","link":"https:\/\/www.granducatocollection.com\/de\/black-car-granducato-navetta-privata-toscana\/","title":{"rendered":"Transfer"},"content":{"rendered":"<h1 class=\"\" data-start=\"503\" data-end=\"583\">Privater Shuttle-Service Toskana \u2013 Granducato in schwarzer Limousine<\/h1>\n<p><center><img decoding=\"async\" class=\"lazyload alignnone size-full wp-image-6572\" src=\"data:image\/svg+xml,%3Csvg%20xmlns%3D%27http%3A%2F%2Fwww.w3.org%2F2000%2Fsvg%27%20width%3D%27400%27%20height%3D%27351%27%20viewBox%3D%270%200%20400%20351%27%3E%3Crect%20width%3D%27400%27%20height%3D%27351%27%20fill-opacity%3D%220%22%2F%3E%3C%2Fsvg%3E\" data-orig-src=\"https:\/\/www.granducatocollection.com\/wp-content\/uploads\/2025\/04\/black-car-granducato-arezzo-toscana-viareggio-affittacamere-bb.jpg\" alt=\"\" width=\"400\" height=\"351\" \/><\/center><\/p>\n<p>Suchen Sie einen privaten Shuttle in der Toskana? Black Car Granducato bietet elegante, ma\u00dfgeschneiderte Transfers von Arezzo, Florenz, Siena und anderen toskanischen St\u00e4dten nach Rom, Mailand und Turin.<\/p>\n<p class=\"translation-block\" data-start=\"585\" data-end=\"1013\">Wenn Sie stilvoll, komfortabel und p\u00fcnktlich reisen m\u00f6chten, ist der <strong data-start=\"653\" data-end=\"677\">Transferservice<\/strong> die ideale Wahl. Dieser exklusive Shuttleservice von <strong data-start=\"709\" data-end=\"732\">Granducato Gestioni<\/strong> ist f\u00fcr Ferntransfers in italienische Gro\u00dfst\u00e4dte wie <strong data-start=\"853\" data-end=\"878\">Rom, Mailand und Turin<\/strong> konzipiert und startet von den faszinierendsten Orten der <strong data-start=\"931\" data-end=\"942\">Toskana<\/strong>, darunter <strong data-start=\"952\" data-end=\"1012\">Arezzo, Florenz, Viareggio, Siena, Lucca und Montepulciano<\/strong>.<\/p>\n<p class=\"translation-block\" data-start=\"1015\" data-end=\"1245\">Dank eines <strong data-start=\"1028\" data-end=\"1074\">transparenten Tarifs von 2,20 \u20ac pro Kilometer<\/strong> und der M\u00f6glichkeit einer <strong data-start=\"1097\" data-end=\"1138\">einfachen und schnellen Online-Buchung<\/strong> ist Black Car Granducato perfekt f\u00fcr alle, die sich auf einen privaten, sicheren und professionellen Service verlassen m\u00f6chten.<\/p>\n<hr class=\"\" data-start=\"1247\" data-end=\"1250\" \/>\n<h3 class=\"\" data-start=\"1252\" data-end=\"1299\"><strong data-start=\"1256\" data-end=\"1299\">Komfort und Diskretion in jedem Detail<\/strong><\/h3>\n<p class=\"\" data-start=\"1301\" data-end=\"1524\">Unsere Priorit\u00e4t ist der Komfort der Passagiere. Egal, ob Sie Tourist, Berufst\u00e4tiger auf Gesch\u00e4ftsreise oder anspruchsvoller Reisender sind, Black Car Granducato garantiert ein tadelloses Erlebnis, das auf alle Bed\u00fcrfnisse zugeschnitten ist.<\/p>\n<p class=\"translation-block\" data-start=\"1526\" data-end=\"1747\">Viele unserer G\u00e4ste in <strong data-start=\"1559\" data-end=\"1593\">B&amp;Bs und Pensionen in der Toskana<\/strong> entscheiden sich f\u00fcr den Komfort unseres Services und vertrauen auf die Qualit\u00e4t und Vertraulichkeit, die das Angebot von <strong data-start=\"1723\" data-end=\"1746\">Granducato Gestioni<\/strong> seit jeher auszeichnen.<\/p>\n<hr class=\"\" data-start=\"1749\" data-end=\"1752\" \/>\n<h3 class=\"\" data-start=\"1754\" data-end=\"1797\"><strong data-start=\"1758\" data-end=\"1797\">Abdeckung und Hauptziele<\/strong><\/h3>\n<p class=\"translation-block\" data-start=\"1799\" data-end=\"1850\">Wir bieten direkte Verbindungen nach Reservierung von <strong data-start=\"1854\" data-end=\"1864\">Arezzo<\/strong>, dem Herzen der authentischen Toskana<\/p>\n<p class=\"\" data-start=\"2144\" data-end=\"2168\">Zu Zielen wie:<\/p>\n<ul data-start=\"2170\" data-end=\"2343\">\n<li class=\"\" data-start=\"2170\" data-end=\"2220\">\n<p class=\"translation-block\" data-start=\"2172\" data-end=\"2220\"><strong data-start=\"2172\" data-end=\"2180\">Roma<\/strong>, f\u00fcr Gesch\u00e4fts- und Urlaubsreisende<\/p>\n<\/li>\n<li class=\"\" data-start=\"2221\" data-end=\"2286\">\n<p class=\"translation-block\" data-start=\"2223\" data-end=\"2286\"><strong data-start=\"2223\" data-end=\"2233\">Mailand<\/strong>, Hauptstadt der Mode und internationaler Events<\/p>\n<\/li>\n<li class=\"\" data-start=\"2287\" data-end=\"2343\">\n<p class=\"translation-block\" data-start=\"2289\" data-end=\"2343\"><strong data-start=\"2289\" data-end=\"2299\">Turin<\/strong>, eine elegante Stadt mit starkem europ\u00e4ischen Flair<\/p>\n<\/li>\n<\/ul>\n<hr class=\"\" data-start=\"2345\" data-end=\"2348\" \/>\n<h3 class=\"\" data-start=\"2350\" data-end=\"2370\"><strong data-start=\"2354\" data-end=\"2370\">Reservierungen<\/strong><\/h3>\n<p class=\"translation-block\" data-start=\"2372\" data-end=\"2615\">ReservierungenDer Service ist <strong data-start=\"2398\" data-end=\"2417\">nach Reservierung<\/strong> zu jeder Tageszeit verf\u00fcgbar. Sie k\u00f6nnen <strong data-start=\"2461\" data-end=\"2504\">ein personalisiertes Angebot anfordern<\/strong> oder die Buchung direkt \u00fcber das entsprechende Formular unten auf dieser Seite durchf\u00fchren.<\/p>\n<hr class=\"\" data-start=\"2617\" data-end=\"2620\" \/>\n<h3 class=\"\" data-start=\"2622\" data-end=\"2667\"><strong data-start=\"2626\" data-end=\"2667\">Warum Black Car Granducato w\u00e4hlen<\/strong><\/h3>\n<ul data-start=\"2669\" data-end=\"2966\">\n<li class=\"\" data-start=\"2669\" data-end=\"2715\">\n<p class=\"\" data-start=\"2671\" data-end=\"2715\">Ma\u00dfgeschneiderter, privater und komfortabler Service<\/p>\n<\/li>\n<li class=\"\" data-start=\"2716\" data-end=\"2752\">\n<p class=\"translation-block\" data-start=\"2718\" data-end=\"2752\">Abfahrten aus der gesamten <strong data-start=\"2739\" data-end=\"2750\">Toskana<\/strong><\/p>\n<\/li>\n<li class=\"\" data-start=\"2753\" data-end=\"2801\">\n<p class=\"translation-block\" data-start=\"2755\" data-end=\"2801\">Ideal f\u00fcr G\u00e4ste von <strong data-start=\"2776\" data-end=\"2799\">B&amp;Bs und Pensionen<\/strong><\/p>\n<\/li>\n<li class=\"\" data-start=\"2802\" data-end=\"2866\">\n<p class=\"translation-block\" data-start=\"2804\" data-end=\"2866\">Betrieben von <strong data-start=\"2815\" data-end=\"2838\">Granducato Gestioni<\/strong>, eine Garantie f\u00fcr Zuverl\u00e4ssigkeit<\/p>\n<\/li>\n<li class=\"\" data-start=\"2867\" data-end=\"2913\">\n<p class=\"\" data-start=\"2869\" data-end=\"2913\">Kontinuierliche Betreuung und garantierte P\u00fcnktlichkeit<\/p>\n<\/li>\n<li class=\"\" data-start=\"2914\" data-end=\"2966\">\n<p class=\"\" data-start=\"2916\" data-end=\"2966\">Schnelle und einfache Buchung per Online-Formular<\/p>\n<\/li>\n<\/ul>","protected":false},"excerpt":{"rendered":"<p>Navetta Privata Toscana \u2013 Black Car Granducato Cerchi una navetta privata in Toscana? Il servizio Black Car Granducato offre transfer eleganti e su misura da Arezzo, Firenze, Siena e altre citt\u00e0 toscane verso Roma, Milano e Torino. Se desideri viaggiare [...]<\/p>\n","protected":false},"author":1,"featured_media":0,"parent":0,"menu_order":0,"comment_status":"closed","ping_status":"closed","template":"","meta":{"_acf_changed":false,"footnotes":""},"class_list":["post-6569","page","type-page","status-publish","hentry"],"acf":[],"yoast_head":"<!-- This site is optimized with the Yoast SEO plugin v26.7 - https:\/\/yoast.com\/wordpress\/plugins\/seo\/ -->\n<title>B&amp;B Arezzo - Navetta Privata Toscana | Granducato Collection<\/title>\n<meta name=\"description\" content=\"Transfer privato da Arezzo e Toscana verso Roma, Milano, Torino. Tariffa trasparente. Prenota online la tua navetta elegante e su misura\" \/>\n<meta name=\"robots\" content=\"index, follow, max-snippet:-1, max-image-preview:large, max-video-preview:-1\" \/>\n<link rel=\"canonical\" href=\"https:\/\/www.granducatocollection.com\/de\/black-car-granducato-navetta-privata-toscana\/\" \/>\n<meta property=\"og:locale\" content=\"de_DE\" \/>\n<meta property=\"og:type\" content=\"article\" \/>\n<meta property=\"og:title\" content=\"B&amp;B Arezzo - Navetta Privata Toscana | Granducato Collection\" \/>\n<meta property=\"og:description\" content=\"Transfer privato da Arezzo e Toscana verso Roma, Milano, Torino. Tariffa trasparente. Prenota online la tua navetta elegante e su misura\" \/>\n<meta property=\"og:url\" content=\"https:\/\/www.granducatocollection.com\/de\/black-car-granducato-navetta-privata-toscana\/\" \/>\n<meta property=\"og:site_name\" content=\"Granducato Collection\" \/>\n<meta property=\"article:modified_time\" content=\"2025-10-16T10:53:37+00:00\" \/>\n<meta property=\"og:image\" content=\"https:\/\/www.granducatocollection.com\/wp-content\/uploads\/2025\/04\/black-car-granducato-arezzo-toscana-viareggio-affittacamere-bb.jpg\" \/>\n<meta name=\"twitter:card\" content=\"summary_large_image\" \/>\n<meta name=\"twitter:label1\" content=\"Gesch\u00e4tzte Lesezeit\" \/>\n\t<meta name=\"twitter:data1\" content=\"2\u00a0Minuten\" \/>\n<script type=\"application\/ld+json\" class=\"yoast-schema-graph\">{\"@context\":\"https:\/\/schema.org\",\"@graph\":[{\"@type\":\"WebPage\",\"@id\":\"https:\/\/www.granducatocollection.com\/black-car-granducato-navetta-privata-toscana\/\",\"url\":\"https:\/\/www.granducatocollection.com\/black-car-granducato-navetta-privata-toscana\/\",\"name\":\"B&B Arezzo - Navetta Privata Toscana | Granducato Collection\",\"isPartOf\":{\"@id\":\"https:\/\/www.granducatocollection.com\/#website\"},\"primaryImageOfPage\":{\"@id\":\"https:\/\/www.granducatocollection.com\/black-car-granducato-navetta-privata-toscana\/#primaryimage\"},\"image\":{\"@id\":\"https:\/\/www.granducatocollection.com\/black-car-granducato-navetta-privata-toscana\/#primaryimage\"},\"thumbnailUrl\":\"https:\/\/www.granducatocollection.com\/wp-content\/uploads\/2025\/04\/black-car-granducato-arezzo-toscana-viareggio-affittacamere-bb.jpg\",\"datePublished\":\"2025-04-14T09:40:32+00:00\",\"dateModified\":\"2025-10-16T10:53:37+00:00\",\"description\":\"Transfer privato da Arezzo e Toscana verso Roma, Milano, Torino. Tariffa trasparente. Prenota online la tua navetta elegante e su misura\",\"breadcrumb\":{\"@id\":\"https:\/\/www.granducatocollection.com\/black-car-granducato-navetta-privata-toscana\/#breadcrumb\"},\"inLanguage\":\"de\",\"potentialAction\":[{\"@type\":\"ReadAction\",\"target\":[\"https:\/\/www.granducatocollection.com\/black-car-granducato-navetta-privata-toscana\/\"]}]},{\"@type\":\"ImageObject\",\"inLanguage\":\"de\",\"@id\":\"https:\/\/www.granducatocollection.com\/black-car-granducato-navetta-privata-toscana\/#primaryimage\",\"url\":\"https:\/\/www.granducatocollection.com\/wp-content\/uploads\/2025\/04\/black-car-granducato-arezzo-toscana-viareggio-affittacamere-bb.jpg\",\"contentUrl\":\"https:\/\/www.granducatocollection.com\/wp-content\/uploads\/2025\/04\/black-car-granducato-arezzo-toscana-viareggio-affittacamere-bb.jpg\"},{\"@type\":\"BreadcrumbList\",\"@id\":\"https:\/\/www.granducatocollection.com\/black-car-granducato-navetta-privata-toscana\/#breadcrumb\",\"itemListElement\":[{\"@type\":\"ListItem\",\"position\":1,\"name\":\"Home\",\"item\":\"https:\/\/www.granducatocollection.com\/\"},{\"@type\":\"ListItem\",\"position\":2,\"name\":\"Transfer\"}]},{\"@type\":\"WebSite\",\"@id\":\"https:\/\/www.granducatocollection.com\/#website\",\"url\":\"https:\/\/www.granducatocollection.com\/\",\"name\":\"GranDucato Collection\",\"description\":\"Prenota la tua vacanza e vivi un&#039;esperienza unica\",\"potentialAction\":[{\"@type\":\"SearchAction\",\"target\":{\"@type\":\"EntryPoint\",\"urlTemplate\":\"https:\/\/www.granducatocollection.com\/?s={search_term_string}\"},\"query-input\":{\"@type\":\"PropertyValueSpecification\",\"valueRequired\":true,\"valueName\":\"search_term_string\"}}],\"inLanguage\":\"de\"}]}<\/script>\n<!-- \/ Yoast SEO plugin. -->","yoast_head_json":{"title":"B&B Arezzo - Navetta Privata Toscana | Granducato Collection","description":"Transfer privato da Arezzo e Toscana verso Roma, Milano, Torino. Tariffa trasparente. Prenota online la tua navetta elegante e su misura","robots":{"index":"index","follow":"follow","max-snippet":"max-snippet:-1","max-image-preview":"max-image-preview:large","max-video-preview":"max-video-preview:-1"},"canonical":"https:\/\/www.granducatocollection.com\/de\/black-car-granducato-navetta-privata-toscana\/","og_locale":"de_DE","og_type":"article","og_title":"B&B Arezzo - Navetta Privata Toscana | Granducato Collection","og_description":"Transfer privato da Arezzo e Toscana verso Roma, Milano, Torino. Tariffa trasparente. Prenota online la tua navetta elegante e su misura","og_url":"https:\/\/www.granducatocollection.com\/de\/black-car-granducato-navetta-privata-toscana\/","og_site_name":"Granducato Collection","article_modified_time":"2025-10-16T10:53:37+00:00","og_image":[{"url":"https:\/\/www.granducatocollection.com\/wp-content\/uploads\/2025\/04\/black-car-granducato-arezzo-toscana-viareggio-affittacamere-bb.jpg","type":"","width":"","height":""}],"twitter_card":"summary_large_image","twitter_misc":{"Gesch\u00e4tzte Lesezeit":"2\u00a0Minuten"},"schema":{"@context":"https:\/\/schema.org","@graph":[{"@type":"WebPage","@id":"https:\/\/www.granducatocollection.com\/black-car-granducato-navetta-privata-toscana\/","url":"https:\/\/www.granducatocollection.com\/black-car-granducato-navetta-privata-toscana\/","name":"B&B Arezzo - Navetta Privata Toscana | Granducato Collection","isPartOf":{"@id":"https:\/\/www.granducatocollection.com\/#website"},"primaryImageOfPage":{"@id":"https:\/\/www.granducatocollection.com\/black-car-granducato-navetta-privata-toscana\/#primaryimage"},"image":{"@id":"https:\/\/www.granducatocollection.com\/black-car-granducato-navetta-privata-toscana\/#primaryimage"},"thumbnailUrl":"https:\/\/www.granducatocollection.com\/wp-content\/uploads\/2025\/04\/black-car-granducato-arezzo-toscana-viareggio-affittacamere-bb.jpg","datePublished":"2025-04-14T09:40:32+00:00","dateModified":"2025-10-16T10:53:37+00:00","description":"Transfer privato da Arezzo e Toscana verso Roma, Milano, Torino. Tariffa trasparente. Prenota online la tua navetta elegante e su misura","breadcrumb":{"@id":"https:\/\/www.granducatocollection.com\/black-car-granducato-navetta-privata-toscana\/#breadcrumb"},"inLanguage":"de","potentialAction":[{"@type":"ReadAction","target":["https:\/\/www.granducatocollection.com\/black-car-granducato-navetta-privata-toscana\/"]}]},{"@type":"ImageObject","inLanguage":"de","@id":"https:\/\/www.granducatocollection.com\/black-car-granducato-navetta-privata-toscana\/#primaryimage","url":"https:\/\/www.granducatocollection.com\/wp-content\/uploads\/2025\/04\/black-car-granducato-arezzo-toscana-viareggio-affittacamere-bb.jpg","contentUrl":"https:\/\/www.granducatocollection.com\/wp-content\/uploads\/2025\/04\/black-car-granducato-arezzo-toscana-viareggio-affittacamere-bb.jpg"},{"@type":"BreadcrumbList","@id":"https:\/\/www.granducatocollection.com\/black-car-granducato-navetta-privata-toscana\/#breadcrumb","itemListElement":[{"@type":"ListItem","position":1,"name":"Home","item":"https:\/\/www.granducatocollection.com\/"},{"@type":"ListItem","position":2,"name":"Transfer"}]},{"@type":"WebSite","@id":"https:\/\/www.granducatocollection.com\/#website","url":"https:\/\/www.granducatocollection.com\/","name":"GranDucato Collection","description":"Prenota la tua vacanza e vivi un&#039;esperienza unica","potentialAction":[{"@type":"SearchAction","target":{"@type":"EntryPoint","urlTemplate":"https:\/\/www.granducatocollection.com\/?s={search_term_string}"},"query-input":{"@type":"PropertyValueSpecification","valueRequired":true,"valueName":"search_term_string"}}],"inLanguage":"de"}]}},"_links":{"self":[{"href":"https:\/\/www.granducatocollection.com\/de\/wp-json\/wp\/v2\/pages\/6569","targetHints":{"allow":["GET"]}}],"collection":[{"href":"https:\/\/www.granducatocollection.com\/de\/wp-json\/wp\/v2\/pages"}],"about":[{"href":"https:\/\/www.granducatocollection.com\/de\/wp-json\/wp\/v2\/types\/page"}],"author":[{"embeddable":true,"href":"https:\/\/www.granducatocollection.com\/de\/wp-json\/wp\/v2\/users\/1"}],"replies":[{"embeddable":true,"href":"https:\/\/www.granducatocollection.com\/de\/wp-json\/wp\/v2\/comments?post=6569"}],"version-history":[{"count":9,"href":"https:\/\/www.granducatocollection.com\/de\/wp-json\/wp\/v2\/pages\/6569\/revisions"}],"predecessor-version":[{"id":8927,"href":"https:\/\/www.granducatocollection.com\/de\/wp-json\/wp\/v2\/pages\/6569\/revisions\/8927"}],"wp:attachment":[{"href":"https:\/\/www.granducatocollection.com\/de\/wp-json\/wp\/v2\/media?parent=6569"}],"curies":[{"name":"wp","href":"https:\/\/api.w.org\/{rel}","templated":true}]}}