{"id":5422,"date":"2025-02-18T14:32:30","date_gmt":"2025-02-18T14:32:30","guid":{"rendered":"https:\/\/www.granducatocollection.com\/?page_id=5422"},"modified":"2025-10-16T10:35:09","modified_gmt":"2025-10-16T10:35:09","slug":"domande-frequenti-bb-arezzo","status":"publish","type":"page","link":"https:\/\/www.granducatocollection.com\/de\/domande-frequenti-bb-arezzo\/","title":{"rendered":"FAQ"},"content":{"rendered":"<h1>H\u00e4ufig gestellte Fragen \u2013 B&amp;B Granducato Collection in Arezzo<\/h1>\n<h2>Le domande pi\u00f9 frequenti sui nostri B&amp;B ad Arezzo<\/h2>\n<p class=\"translation-block\">Haben Sie Fragen, bevor Sie Ihren Aufenthalt in unseren <strong>B&amp;Bs in Arezzo<\/strong> buchen?<br>\nHier finden Sie <strong>h\u00e4ufig gestellte Fragen<\/strong> unserer G\u00e4ste mit allen n\u00fctzlichen Informationen zu Check-in, Haustieren, Parken, Fr\u00fchst\u00fcck und Inklusivleistungen.<\/p>\n<h2>Welche Leistungen sind bei einem Aufenthalt in Ihren B&amp;Bs inbegriffen?<\/h2>\n<p>\u00dcbernachtung.<\/p>\n<h2>Verf\u00fcgen die Unterk\u00fcnfte \u00fcber WLAN und Klimaanlage?<\/h2>\n<p>Ja, beide Leistungen sind in allen unseren Apartments inklusive.<\/p>\n<h2>Wie sind die Check-in- und Check-out-Zeiten?<\/h2>\n<p>Check-in von 15:00 bis 19:30 Uhr, Check-out bis 10:00 Uhr.<\/p>\n<h2>Ist ein Check-in au\u00dferhalb der regul\u00e4ren \u00d6ffnungszeiten m\u00f6glich?<\/h2>\n<p>Ja, nach vorheriger Ank\u00fcndigung.<\/p>\n<h2>Bieten Sie in Ihren B&amp;Bs Fr\u00fchst\u00fcck an?<\/h2>\n<p>Ja, f\u00fcr 10 \u20ac pro Person. Das s\u00fc\u00dfe Fr\u00fchst\u00fcck beinhaltet:<\/p>\n<ul>\n<li>Zwieback<\/li>\n<li>Pfirsich- und Erdbeermarmelade<\/li>\n<li>Butter<\/li>\n<li>Kaffeesahne<\/li>\n<li>Kaffee- und Teepads<\/li>\n<li>Fruchtnektar Ihrer Wahl: Birne, Pfirsich, Apfel oder Erdbeere<\/li>\n<\/ul>\n<h2>Wie sind Ihre Stornierungsbedingungen?<\/h2>\n<p>Sie k\u00f6nnen innerhalb von 48 Stunden vor Ihrer Ankunft kostenlos stornieren. Nach Ablauf dieser Frist wird eine Strafe in H\u00f6he der vollen Kosten Ihres Aufenthalts erhoben.<\/p>\n<h2>Sind in Ihren B&amp;Bs Haustiere erlaubt?<\/h2>\n<p>Ja, wir akzeptieren Haustiere gegen einen Aufpreis von 25 \u20ac pro Aufenthalt.<\/p>\n<h2>Gibt es Parkpl\u00e4tze f\u00fcr G\u00e4ste?<\/h2>\n<p>Ja, aber nicht vor Ort. Hier sind die empfohlenen Parkm\u00f6glichkeiten:<\/p>\n<ul>\n<li class=\"translation-block\"><strong>Parking Sant\u2019Agostino<\/strong> \u2013 Bewachtes Parkhaus mit Sondertarifen in der Via Pietro Aretino 9.<br>\nKosten: 15 \u20ac f\u00fcr 24 Stunden.<br>\n\u00d6ffnungszeiten: 6:00\u20130:00 Uhr.<br>\n<em>Reservierungen werden nicht angenommen.<\/em><\/li>\n<li class=\"translation-block\"><strong>Kostenloser Touristenparkplatz<\/strong> \u2013 Letzter Abschnitt der Via Giuseppe Pietri, Arezzo.<br>\nAuf halbem Weg durch den Parkplatz befindet sich die Rolltreppe, die einen einfachen Zugang zur\u00fcck in die Altstadt erm\u00f6glicht.<\/li>\n<\/ul>\n<p class=\"translation-block\">Beide Parkpl\u00e4tze sind etwa <strong>10 Minuten zu Fu\u00df<\/strong> von unseren Unterk\u00fcnften entfernt.<br>  \n<strong>Achtung:<\/strong> Die Altstadt von Arezzo ist vollst\u00e4ndig <strong>f\u00fcr den Verkehr gesperrt<\/strong>, daher m\u00fcssen Sie unbedingt vorher parken und uns zu Fu\u00df erreichen.<\/p>\n<h2>Wie kann ich Sie w\u00e4hrend meines Aufenthalts kontaktieren, um Hilfe zu erhalten?<\/h2>\n<p>Sie erreichen uns \u00fcber die bei der Buchung angegebenen Kontaktdaten oder durch einen direkten Besuch der Unterkunft.<br \/>\n<br \/>Scopri ora il fascino e il comfort delle nostre strutture firmate <a href=\"https:\/\/www.granducatocollection.com\/de\/\">Granducato Collection<\/a><\/p>","protected":false},"excerpt":{"rendered":"<p>Domande Frequenti \u2013 B&amp;B Granducato Collection ad Arezzo Le domande pi\u00f9 frequenti sui nostri B&amp;B ad Arezzo Hai dubbi prima di prenotare il tuo soggiorno nei nostri B&amp;B ad Arezzo? Qui trovi le domande frequenti dei nostri ospiti, con tutte [...]<\/p>\n","protected":false},"author":1,"featured_media":0,"parent":0,"menu_order":0,"comment_status":"closed","ping_status":"closed","template":"","meta":{"_acf_changed":false,"footnotes":""},"class_list":["post-5422","page","type-page","status-publish","hentry"],"acf":[],"yoast_head":"<!-- This site is optimized with the Yoast SEO plugin v26.7 - https:\/\/yoast.com\/wordpress\/plugins\/seo\/ -->\n<title>Domande Frequenti B&amp;B Arezzo | Granducato Collection<\/title>\n<meta name=\"description\" content=\"Hai dubbi sul tuo soggiorno nei B&amp;B ad Arezzo? Scopri le risposte su check-in, parcheggio, colazione, animali e cancellazione.\" \/>\n<meta name=\"robots\" content=\"index, follow, max-snippet:-1, max-image-preview:large, max-video-preview:-1\" \/>\n<link rel=\"canonical\" href=\"https:\/\/www.granducatocollection.com\/de\/domande-frequenti-bb-arezzo\/\" \/>\n<meta property=\"og:locale\" content=\"de_DE\" \/>\n<meta property=\"og:type\" content=\"article\" \/>\n<meta property=\"og:title\" content=\"Domande Frequenti B&amp;B Arezzo | Granducato Collection\" \/>\n<meta property=\"og:description\" content=\"Hai dubbi sul tuo soggiorno nei B&amp;B ad Arezzo? Scopri le risposte su check-in, parcheggio, colazione, animali e cancellazione.\" \/>\n<meta property=\"og:url\" content=\"https:\/\/www.granducatocollection.com\/de\/domande-frequenti-bb-arezzo\/\" \/>\n<meta property=\"og:site_name\" content=\"Granducato Collection\" \/>\n<meta property=\"article:modified_time\" content=\"2025-10-16T10:35:09+00:00\" \/>\n<meta name=\"twitter:card\" content=\"summary_large_image\" \/>\n<meta name=\"twitter:label1\" content=\"Gesch\u00e4tzte Lesezeit\" \/>\n\t<meta name=\"twitter:data1\" content=\"2\u00a0Minuten\" \/>\n<script type=\"application\/ld+json\" class=\"yoast-schema-graph\">{\"@context\":\"https:\/\/schema.org\",\"@graph\":[{\"@type\":\"WebPage\",\"@id\":\"https:\/\/www.granducatocollection.com\/domande-frequenti-bb-arezzo\/\",\"url\":\"https:\/\/www.granducatocollection.com\/domande-frequenti-bb-arezzo\/\",\"name\":\"Domande Frequenti B&B Arezzo | Granducato Collection\",\"isPartOf\":{\"@id\":\"https:\/\/www.granducatocollection.com\/#website\"},\"datePublished\":\"2025-02-18T14:32:30+00:00\",\"dateModified\":\"2025-10-16T10:35:09+00:00\",\"description\":\"Hai dubbi sul tuo soggiorno nei B&B ad Arezzo? Scopri le risposte su check-in, parcheggio, colazione, animali e cancellazione.\",\"breadcrumb\":{\"@id\":\"https:\/\/www.granducatocollection.com\/domande-frequenti-bb-arezzo\/#breadcrumb\"},\"inLanguage\":\"de\",\"potentialAction\":[{\"@type\":\"ReadAction\",\"target\":[\"https:\/\/www.granducatocollection.com\/domande-frequenti-bb-arezzo\/\"]}]},{\"@type\":\"BreadcrumbList\",\"@id\":\"https:\/\/www.granducatocollection.com\/domande-frequenti-bb-arezzo\/#breadcrumb\",\"itemListElement\":[{\"@type\":\"ListItem\",\"position\":1,\"name\":\"Home\",\"item\":\"https:\/\/www.granducatocollection.com\/\"},{\"@type\":\"ListItem\",\"position\":2,\"name\":\"FAQ\"}]},{\"@type\":\"WebSite\",\"@id\":\"https:\/\/www.granducatocollection.com\/#website\",\"url\":\"https:\/\/www.granducatocollection.com\/\",\"name\":\"GranDucato Collection\",\"description\":\"Prenota la tua vacanza e vivi un&#039;esperienza unica\",\"potentialAction\":[{\"@type\":\"SearchAction\",\"target\":{\"@type\":\"EntryPoint\",\"urlTemplate\":\"https:\/\/www.granducatocollection.com\/?s={search_term_string}\"},\"query-input\":{\"@type\":\"PropertyValueSpecification\",\"valueRequired\":true,\"valueName\":\"search_term_string\"}}],\"inLanguage\":\"de\"}]}<\/script>\n<!-- \/ Yoast SEO plugin. -->","yoast_head_json":{"title":"Domande Frequenti B&B Arezzo | Granducato Collection","description":"Hai dubbi sul tuo soggiorno nei B&B ad Arezzo? Scopri le risposte su check-in, parcheggio, colazione, animali e cancellazione.","robots":{"index":"index","follow":"follow","max-snippet":"max-snippet:-1","max-image-preview":"max-image-preview:large","max-video-preview":"max-video-preview:-1"},"canonical":"https:\/\/www.granducatocollection.com\/de\/domande-frequenti-bb-arezzo\/","og_locale":"de_DE","og_type":"article","og_title":"Domande Frequenti B&B Arezzo | Granducato Collection","og_description":"Hai dubbi sul tuo soggiorno nei B&B ad Arezzo? Scopri le risposte su check-in, parcheggio, colazione, animali e cancellazione.","og_url":"https:\/\/www.granducatocollection.com\/de\/domande-frequenti-bb-arezzo\/","og_site_name":"Granducato Collection","article_modified_time":"2025-10-16T10:35:09+00:00","twitter_card":"summary_large_image","twitter_misc":{"Gesch\u00e4tzte Lesezeit":"2\u00a0Minuten"},"schema":{"@context":"https:\/\/schema.org","@graph":[{"@type":"WebPage","@id":"https:\/\/www.granducatocollection.com\/domande-frequenti-bb-arezzo\/","url":"https:\/\/www.granducatocollection.com\/domande-frequenti-bb-arezzo\/","name":"Domande Frequenti B&B Arezzo | Granducato Collection","isPartOf":{"@id":"https:\/\/www.granducatocollection.com\/#website"},"datePublished":"2025-02-18T14:32:30+00:00","dateModified":"2025-10-16T10:35:09+00:00","description":"Hai dubbi sul tuo soggiorno nei B&B ad Arezzo? Scopri le risposte su check-in, parcheggio, colazione, animali e cancellazione.","breadcrumb":{"@id":"https:\/\/www.granducatocollection.com\/domande-frequenti-bb-arezzo\/#breadcrumb"},"inLanguage":"de","potentialAction":[{"@type":"ReadAction","target":["https:\/\/www.granducatocollection.com\/domande-frequenti-bb-arezzo\/"]}]},{"@type":"BreadcrumbList","@id":"https:\/\/www.granducatocollection.com\/domande-frequenti-bb-arezzo\/#breadcrumb","itemListElement":[{"@type":"ListItem","position":1,"name":"Home","item":"https:\/\/www.granducatocollection.com\/"},{"@type":"ListItem","position":2,"name":"FAQ"}]},{"@type":"WebSite","@id":"https:\/\/www.granducatocollection.com\/#website","url":"https:\/\/www.granducatocollection.com\/","name":"GranDucato Collection","description":"Prenota la tua vacanza e vivi un&#039;esperienza unica","potentialAction":[{"@type":"SearchAction","target":{"@type":"EntryPoint","urlTemplate":"https:\/\/www.granducatocollection.com\/?s={search_term_string}"},"query-input":{"@type":"PropertyValueSpecification","valueRequired":true,"valueName":"search_term_string"}}],"inLanguage":"de"}]}},"_links":{"self":[{"href":"https:\/\/www.granducatocollection.com\/de\/wp-json\/wp\/v2\/pages\/5422","targetHints":{"allow":["GET"]}}],"collection":[{"href":"https:\/\/www.granducatocollection.com\/de\/wp-json\/wp\/v2\/pages"}],"about":[{"href":"https:\/\/www.granducatocollection.com\/de\/wp-json\/wp\/v2\/types\/page"}],"author":[{"embeddable":true,"href":"https:\/\/www.granducatocollection.com\/de\/wp-json\/wp\/v2\/users\/1"}],"replies":[{"embeddable":true,"href":"https:\/\/www.granducatocollection.com\/de\/wp-json\/wp\/v2\/comments?post=5422"}],"version-history":[{"count":12,"href":"https:\/\/www.granducatocollection.com\/de\/wp-json\/wp\/v2\/pages\/5422\/revisions"}],"predecessor-version":[{"id":8923,"href":"https:\/\/www.granducatocollection.com\/de\/wp-json\/wp\/v2\/pages\/5422\/revisions\/8923"}],"wp:attachment":[{"href":"https:\/\/www.granducatocollection.com\/de\/wp-json\/wp\/v2\/media?parent=5422"}],"curies":[{"name":"wp","href":"https:\/\/api.w.org\/{rel}","templated":true}]}}