{"id":4276,"date":"2024-08-02T09:53:36","date_gmt":"2024-08-02T09:53:36","guid":{"rendered":"https:\/\/www.granducatocollection.com\/?page_id=4276"},"modified":"2024-08-02T12:16:53","modified_gmt":"2024-08-02T12:16:53","slug":"privacy-policy","status":"publish","type":"page","link":"https:\/\/www.granducatocollection.com\/de\/privacy-policy\/","title":{"rendered":"Privacy Policy"},"content":{"rendered":"<div class=\"fusion-fullwidth fullwidth-box fusion-builder-row-1 fusion-flex-container has-pattern-background has-mask-background nonhundred-percent-fullwidth non-hundred-percent-height-scrolling\" style=\"--awb-border-radius-top-left:0px;--awb-border-radius-top-right:0px;--awb-border-radius-bottom-right:0px;--awb-border-radius-bottom-left:0px;--awb-margin-top:30px;--awb-flex-wrap:wrap;\" ><div class=\"fusion-builder-row fusion-row fusion-flex-align-items-flex-start fusion-flex-content-wrap\" style=\"max-width:1216.8px;margin-left: calc(-4% \/ 2 );margin-right: calc(-4% \/ 2 );\"><div class=\"fusion-layout-column fusion_builder_column fusion-builder-column-0 fusion_builder_column_1_1 1_1 fusion-flex-column\" style=\"--awb-bg-size:cover;--awb-width-large:100%;--awb-margin-top-large:0px;--awb-spacing-right-large:1.92%;--awb-margin-bottom-large:20px;--awb-spacing-left-large:1.92%;--awb-width-medium:100%;--awb-order-medium:0;--awb-spacing-right-medium:1.92%;--awb-spacing-left-medium:1.92%;--awb-width-small:100%;--awb-order-small:0;--awb-spacing-right-small:1.92%;--awb-spacing-left-small:1.92%;\"><div class=\"fusion-column-wrapper fusion-column-has-shadow fusion-flex-justify-content-flex-start fusion-content-layout-column\"><div class=\"fusion-text fusion-text-1\"><p class=\"translation-block\">Datenschutzerkl\u00e4rung<br>\nStand: 08\/2024<br>\nDie vorliegende Datenschutzerkl\u00e4rung gibt einen \u00dcberblick \u00fcber die Verarbeitung Ihrer Daten<br>\nbei Granducato Gestioni srl, Granducato Natura Sarl und Granducato di Toscana srls,<br>\nden Inhabern der Marken Allegra Toscana, Villa al Castello, La Corte del Re, Granducato<br>\nCollection, Allegra Toscana Viareggio, Vio VIllas, Granducato Natura, Granducato<br>\nGestioni, Borgunto, L'Oro di Borgunto, Libercredit und jeder auf<br>\nwww.granducatocollection.com pr\u00e4senten Marke. Diese Erkl\u00e4rung gilt f\u00fcr alle Websites, Apps, sonstigen<br>\nDienste und Leistungen, die von den Gesellschaften und Personen der Gruppe angeboten werden.<br>\nAnfragen bez\u00fcglich dieser Datenschutzerkl\u00e4rung oder zur<br>\nDatenverarbeitung durch Granducato Gestioni srl, Granducato Natura sarl und<br>\nGranducato di Toscana srls richten Sie bitte an den Datenschutzbeauftragten der Gesellschaften<br>\nunter der Adresse granducatogestioni@gmail.com. Wenn Sie Ihr Recht<br>\nauf Auskunft oder auf Vergessenwerden geltend machen m\u00f6chten, einschlie\u00dflich des Widerrufs Ihrer Einwilligung f\u00fcr Marketingzwecke, die<br>\nAbmeldung vom Newsletter usw., kontaktieren Sie bitte per E-Mail den Datenschutzbeauftragten. F\u00fcr weitere Informationen besuchen Sie die Kontaktbereiche unserer Website.<br>\nWir bieten alternative M\u00f6glichkeiten, diese Datenschutzerkl\u00e4rung<br>\nzu lesen. In diesem Abschnitt finden Sie zun\u00e4chst einige grundlegende Informationen. Im<br>\nAnschluss haben wir die vorliegende Datenschutzerkl\u00e4rung thematisch in Kapitel unterteilt,<br>\ndie wir f\u00fcr Sie als interessant erachten.<br>\nKapitelauswahl<br>\nJedem Kapitel ist ein kurzer Einf\u00fchrungstext vorangestellt, in dem wir den<br>\nInhalt des Kapitels kurz zusammenfassen. Wenn Sie einen vollst\u00e4ndigen \u00dcberblick \u00fcber alle Datenverarbeitungen<br>\nerhalten m\u00f6chten, empfehlen wir Ihnen, die Einf\u00fchrungstexte zu lesen. Wenn Sie Details erfahren m\u00f6chten, k\u00f6nnen Sie auf<br>\n\u201eMehr erfahren\" unter dem jeweiligen Einf\u00fchrungstext klicken. Ihnen wird dann der vollst\u00e4ndige<br>\nInhalt des behandelten Kapitels angezeigt.<br>\nF\u00fcr welche Angebote und Dienste gilt diese Datenschutzerkl\u00e4rung:<br>\nArt und Weise der Datenverarbeitung durch Granducato sind f\u00fcr die<br>\nMehrzahl unserer Angebote einheitlich. Daher gilt die vorliegende Datenschutzerkl\u00e4rung f\u00fcr alle Dienste und Leistungen, die wir unseren Kunden in Europa anbieten. Dies gilt<br>\nunabh\u00e4ngig von der Plattform, \u00fcber die wir den Dienst anbieten: Website, App, Verkaufsstellen, telefonisch, bei Veranstaltungen oder \u00fcber soziale Netzwerke.<br>\nEs gibt jedoch auch Dienste, f\u00fcr die wir Ihre Daten auf andere Weise oder zu anderen Zwecken verarbeiten.<br>\nDies kann vom Typ des Dienstes oder von Anforderungen abh\u00e4ngig vom Nutzungsland abh\u00e4ngen.<br>\nWenn wir uns auf diese F\u00e4lle beziehen, also auf Abweichungen vom Normalfall, sprechen wir von \u201edienstespezifisch\"<br>\noder \u201el\u00e4nderspezifisch\".<br>\nGranducato Collection ist kein einzelnes Unternehmen. Granducato Gestioni ist eine Gruppe und<br>\nbesteht daher aus den Unternehmen Granducato Gestioni srl, Granducato Natura sarl und<br>\nGranducato di Toscana srls. Der Einfachheit halber werden im Folgenden nur die Unternehmen der<br>\nGruppe Granducato Collection aufgef\u00fchrt, die tats\u00e4chlich mit der Verarbeitung Ihrer<br>\nDaten zu tun haben. Wenn wir im Folgenden von \u201eGranducato\" oder von \u201ewir\" sprechen, meinen wir die<br>\njeweiligen f\u00fcr die Datenverarbeitung verantwortlichen Unternehmen der Gruppe Granducato Collection.<br>\nKonkret bezieht sich dies auf die folgenden Granducato-Gesellschaften.<\/p>\n<p class=\"translation-block\">Was Sie durch diese Datenschutzerkl\u00e4rung erfahren:<br>\nWelche Daten von Granducato gespeichert werden.<br>\nWas wir mit diesen Daten machen und wof\u00fcr sie ben\u00f6tigt werden.<br>\nWelche Datenschutzrechte und Wahlm\u00f6glichkeiten Ihnen zur Verf\u00fcgung stehen.<br>\nWelche Technologien und Daten wir f\u00fcr die Personalisierung und Anpassung unserer<br>\nDienste und Inhalte einsetzen, um Ihnen ein sicheres, einfaches,<br>\nunterbrechungsfreies und individuelles Einkaufserlebnis zu bieten.<br>\nWelche Technologien und Daten wir f\u00fcr Werbung einsetzen, einschlie\u00dflich Tracking-Technologien.<br>\n1. Welche Daten werden von Granducato verarbeitet?<br>\nGranducato bietet verschiedene Dienste an, die Sie auf unterschiedliche Weise nutzen k\u00f6nnen. Je nachdem, ob Sie online, telefonisch, pers\u00f6nlich oder auf andere Weise mit uns in Kontakt treten, kommen unterschiedliche Daten aus verschiedenen Quellen zum Tragen. Viele der von uns verarbeiteten Daten werden uns von Ihnen selbst mitgeteilt, w\u00e4hrend Sie unsere Dienste nutzen, beispielsweise wenn Sie mit uns in Kontakt treten und sich registrieren, indem Sie Ihren Namen, Ihre E-Mail-Adresse oder Ihre Adresse angeben. Wir erhalten jedoch auch technische Daten \u00fcber Ger\u00e4te und Zugriffe, die automatisch w\u00e4hrend der Interaktion mit unseren Diensten und beim Besuch erfasst werden. Diese k\u00f6nnten sich auf den Typ des von Ihnen verwendeten Ger\u00e4ts beziehen. Weitere Daten erfassen wir auf Grundlage von Analysen, die wir durchf\u00fchren (beispielsweise im Rahmen von Marktforschungen oder bei der Auswertung von Kunden). Gegebenenfalls erhalten wir auch Daten von Drittanbietern \u00fcber Sie, zum Beispiel von Wirtschaftsauskunfteien oder Zahlungsdienstleistern.<br>\n2. Zu welchem Zweck verwendet Granducato die Daten?<br>\nGranducato verarbeitet Ihre Daten unter Einhaltung aller geltenden Datenschutzgesetze. Dabei beziehen wir uns auf die Grunds\u00e4tze des Datenschutzrechts f\u00fcr die Verarbeitung personenbezogener Daten. Daher verarbeiten wir Ihre Daten grunds\u00e4tzlich nur zu den in dieser Datenschutzerkl\u00e4rung erl\u00e4uterten und zum Zeitpunkt ihrer Erhebung angegebenen Zwecken. Dies sind in erster Linie die Abwicklung des Kaufs sowie die Bereitstellung, Personalisierung und Weiterentwicklung sowie die Sicherheit unseres Dienstes. Dar\u00fcber hinaus nutzen wir Ihre Daten im Rahmen der strengen deutschen und gemeinschaftsrechtlichen Datenschutzbestimmungen auch f\u00fcr weitere Zwecke, wie die Produktentwicklung, wissenschaftliche Forschung (insbesondere in den Bereichen maschinelles Lernen, k\u00fcnstliche Intelligenz und Deep Learning) und Marktforschung zur Optimierung von Gesch\u00e4ftsprozessen, zur bedarfsgerechten Gestaltung unserer Dienste sowie f\u00fcr personalisierte Werbung und Google-Anzeigen.<br>\n3. Personalisierte Dienste<br>\nDie Entwicklung und Bereitstellung personalisierter Funktionen und Dienste hat f\u00fcr uns h\u00f6chste Priorit\u00e4t. Unabh\u00e4ngig von Ort, Uhrzeit und Art des verwendeten Ger\u00e4ts bieten wir Ihnen ein individuelles Einkaufserlebnis und ein auf Ihre pers\u00f6nlichen Interessen abgestimmtes Angebot. Die Verarbeitung Ihrer Daten zur Personalisierung unserer Dienste bei Granducato ist ein integraler Bestandteil der Dienstleistungen.<br>\n4. Informationen zu Websites und Apps<br>\nWir nutzen Ihre Daten zur Bereitstellung der Granducato-Websites und -Apps. Neben den Ger\u00e4te- und Zugriffsdaten, die bei jeder Nutzung dieser Dienste anfallen, h\u00e4ngen Art der verarbeiteten Daten und Zweck der Verarbeitung insbesondere davon ab, wie Sie die \u00fcber unsere Dienste bereitgestellten Funktionen und Services nutzen. Dar\u00fcber hinaus verwenden wir die Daten, die bei der Nutzung unserer Dienste entstehen, um zu analysieren, wie unser Online-Angebot genutzt wird. Diese Informationen nutzen wir unter anderem im Rahmen<\/p>\n<p class=\"translation-block\">der Personalisierung, um unsere Dienstleistungen zu verbessern, sowie f\u00fcr personalisierte Werbung<br>\npersonalisierte Werbung.<br>\n5. Informationen zu Fanpages in sozialen Medien<br>\nGranducato ist Inhaberin von Social-Media-Profilen in den sozialen Netzwerken Facebook und<br>Instagram. Auf unseren Fanpages ver\u00f6ffentlichen und teilen wir regelm\u00e4\u00dfig Inhalte,<br>Angebote und Tipps. Die Betreiber der sozialen Netzwerke erfassen Ihr gewohnheitsm\u00e4\u00dfiges Verhalten<br>\u00fcber Cookies und \u00e4hnliche Technologien bei jeder Interaktion mit unseren Fanpages oder<br>auf anderen Facebook- oder Instagram-Seiten. Die Betreiber der Fanpages k\u00f6nnen<br>allgemeine Statistiken zu den Interessen und demografischen Merkmalen (z. B. Alter, Geschlecht,<br>Region) der Besucher einsehen. Bei der Nutzung sozialer Netzwerke werden Art,<br>Umfang und Zwecke der Datenverarbeitung haupts\u00e4chlich von deren Betreibern bestimmt.<br>\n6. Newsletter<br>\nWir bieten verschiedene Newsletter-Dienste an, die unsere Dienstleistungen umfassen. Durch das Abonnement des<br>Newsletters k\u00f6nnen Sie einige der oben genannten Newsletter-Dienste erhalten (je<br>nach Zweck des Abonnements). Es gibt auch dienstspezifische Newsletter, die<br>integraler Bestandteil eines bestimmten Dienstes sind.<br>\n7. Produktempfehlungen per E-Mail und Top-Service<br>\nIm Zusammenhang mit unseren Dienstleistungen pr\u00e4sentieren wir Ihnen Informationen und Angebote von Granducato basierend<br>auf Ihren Interessen. Sie k\u00f6nnen eine begrenzte Anzahl individueller Produktempfehlungen,<br>Umfragen und Anfragen zur Produktbewertung von uns erhalten,<br>unabh\u00e4ngig davon, ob Sie f\u00fcr einen Newsletter angemeldet sind oder nicht. In \u00dcbereinstimmung mit den<br>gesetzlichen Bestimmungen verwenden wir vorzugsweise Daten aus fr\u00fcheren Bestellungen, um<br>individuelle Produktempfehlungen auszuw\u00e4hlen.<br>\n8. Geschenkgutscheine<br>\nWir verwenden die im Rahmen einer Bestellung von Granducato-Gutscheinen mitgeteilten Daten zur \u00dcberpr\u00fcfung und<br>Abwicklung der Bestellung sowie f\u00fcr den Versand und die Einl\u00f6sung des Gutscheins. Dies<br>beinhaltet auch die Verarbeitung der mit der Nutzung des Gutscheins verbundenen Daten, insbesondere zum<br>Zweck der Betrugs- und T\u00e4uschungspr\u00e4vention.<br>\n9. Wie verwendet Granducato meine Daten f\u00fcr Werbezwecke?<br>\nWir und unsere Werbepartner verwenden Ihre Daten f\u00fcr personalisierte Werbung, die<br>Ihnen in den Granducato-Diensten sowie auf den Websites und Apps anderer Anbieter angezeigt wird. Zu diesem<br>Zweck verwenden wir und unsere Werbepartner g\u00e4ngige Internet-Technologien auf dem Markt.<br>Auf diese Weise k\u00f6nnen wir Werbung pr\u00e4ziser schalten und Ihnen nach M\u00f6glichkeit<br>nur f\u00fcr Sie relevante Werbung und Angebote pr\u00e4sentieren. Dies erm\u00f6glicht es, besser<br>auf die Personalisierungsbed\u00fcrfnisse und die Suche nach neuen Produkten unserer Nutzer<br>einzugehen sowie diese langfristig durch ein pers\u00f6nliches<br>Einkaufserlebnis f\u00fcr unsere Dienstleistungen zu begeistern.<br>\n10. An wen werden meine Daten weitergegeben?<br>\nGranducato gibt Daten nur weiter, wenn dies nach italienischem oder<br>europ\u00e4ischem Datenschutzrecht zul\u00e4ssig ist. Wir pflegen besonders enge Zusammenarbeit mit bestimmten Dienstleistungsunternehmen,<br>wie im Bereich Kundenservice, mit technischen Unternehmen oder mit Logistikunternehmen<\/p>\n<p class=\"translation-block\">(z. B. Versanddienstleister wie Poste). Grunds\u00e4tzlich d\u00fcrfen diese Unternehmen Ihre Daten<br>\nnur unter bestimmten Bedingungen und in unserem Auftrag verarbeiten. Soweit wir<br>\nsolche Unternehmen als Auftragsverarbeiter einsetzen, erhalten die Dienstleistungsunternehmen<br>\nden Zugriff auf Ihre Daten nur in dem Umfang und f\u00fcr den Zeitraum, der<br>\nf\u00fcr die Erbringung der jeweiligen Dienstleistung erforderlich ist. Wenn Sie bei einem Granducato-Partner<br>\neinkaufen, \u00fcbermitteln wir bestimmte Kaufdaten an den Granducato-Partner, damit dieser<br>\nIhnen die bestellte Ware zustellen kann.<br>\n11. Welche Datenschutzrechte kann ich geltend machen?<br>\nHinweise zum Datenschutz: Auskunftsrecht (Artikel 15 DSGVO), Recht auf<br>\nL\u00f6schung (Artikel 17 DSGVO), Recht auf Berichtigung (Artikel 16 DSGVO), Recht auf<br>\nEinschr\u00e4nkung der Verarbeitung (Artikel 18 DSGVO), Recht auf Daten\u00fcbertragbarkeit (Artikel 20<br>\nDSGVO), Beschwerderecht bei einer Aufsichtsbeh\u00f6rde (Artikel 77 DSGVO),<br>\nWiderrufsrecht bei Einwilligungen (Artikel 7 Absatz 3 DSGVO) sowie das Widerspruchsrecht gegen bestimmte Verarbeitungsma\u00dfnahmen (Artikel 21 DSGVO). Wenn<br>\nSie Ihre Rechte bez\u00fcglich der Datenverarbeitung geltend machen m\u00f6chten, k\u00f6nnen Sie sich jederzeit an den Verantwortlichen f\u00fcr die Datenverarbeitung<br>\nunter der Adresse granducatogestioni@gmail.com wenden. Weitere Informationen finden Sie im<br>\nBereich Kontakte der Website.<br>\n12. Wann werden meine Daten gel\u00f6scht?<br>\nWir speichern Ihre personenbezogenen Daten, solange sie f\u00fcr die Zwecke der vorliegenden<br>\nDatenschutzerkl\u00e4rung erforderlich sind, insbesondere zur Erf\u00fcllung gesetzlicher<br>\nund vertraglicher Pflichten. Gelegentlich speichern wir Ihre personenbezogenen Daten auch f\u00fcr<br>\nandere Zwecke, wenn und solange das Gesetz uns die weitere Speicherung f\u00fcr<br>\nbestimmte Zwecke erlaubt, einschlie\u00dflich der Abwehr von Rechtsanspr\u00fcchen.<br>\n13. Wie sch\u00fctzt Granducato meine Daten?<br>\nIhre personenbezogenen Daten werden sicher durch Verschl\u00fcsselung \u00fcbertragen. Dies gilt<br>\nauch f\u00fcr Ihre Bestellung und das Kunden-Login. Zu diesem Zweck verwenden wir das<br>\nSSL-Verschl\u00fcsselungssystem (Secure Socket Layer). Dar\u00fcber hinaus sch\u00fctzen wir unsere Webseiten und andere<br>\nSysteme durch Sicherheitsma\u00dfnahmen gegen Verlust, Zerst\u00f6rung, Zugriff,<br>\nManipulation oder Verbreitung Ihrer Daten durch unbefugte Personen.<br>\n14. \u00c4nderungen dieser Datenschutzerkl\u00e4rung<br>\nIm Zuge der Weiterentwicklung unserer Webseiten und Apps sowie der Implementierung<br>\nneuer Technologien zur Verbesserung unserer Services f\u00fcr Sie k\u00f6nnen \u00c4nderungen<br>\ndieser Datenschutzhinweise erforderlich werden. Daher empfehlen wir, diese Datenschutzerkl\u00e4rung<br>\nregelm\u00e4\u00dfig zu lesen.<br>\n15. Kontakte<br>\nSie k\u00f6nnen sich jederzeit unter granducatogestioni@gmail.com an unser Team wenden,<br>\ndas f\u00fcr den Datenschutz zust\u00e4ndig ist, bei allgemeinen Fragen oder zur Aus\u00fcbung Ihrer Rechte.<br>\n16. Servicespezifische Informationen<br>\nDie von uns durchgef\u00fchrte Datenverarbeitung kann je nach Service unterschiedlich sein. Hier k\u00f6nnen Sie<br>\nsich \u00fcber die bestehenden spezifischen Unterschiede informieren.<\/p>\n<p class=\"translation-block\">17. L\u00e4nderspezifische Informationen<br>\nUnsere Datenverarbeitung kann je nach Land variieren. Informationen zu l\u00e4nderspezifischen Unterschieden finden Sie hier.<br>\n18. Cookie-Hinweise<br>\nWir und ausgew\u00e4hlte Drittanbieter verwenden Cookies oder \u00e4hnliche Technologien zu technischen Zwecken und<br>\nmit Ihrer Einwilligung auch f\u00fcr weitere Zwecke, wie in der jeweiligen Cookie-Richtlinie beschrieben.<br>\nWenn Sie Ihre Einwilligung verweigern, stehen Ihnen m\u00f6glicherweise bestimmte Website-Funktionen nicht zur Verf\u00fcgung.<br>\nIm Hinblick auf Werbung k\u00f6nnen wir und ausgew\u00e4hlte Drittanbieter pr\u00e4zise Geolokalisierungsdaten und Ger\u00e4teidentifizierung durch Scannen verwenden, um Informationen auf einem Ger\u00e4t zu speichern und\/oder darauf zuzugreifen und personenbezogene Daten wie Ihre<br>\nNutzungsdaten f\u00fcr folgende Werbezwecke zu verarbeiten: personalisierte Werbung und Inhalte, Messung von Werbung und Inhalten, Vertrieb, Zielgruppenanalyse und innovative Produktentwicklung. Neu.<br> Sie k\u00f6nnen Ihre Einwilligung jederzeit freiwillig erteilen, verweigern oder widerrufen, indem Sie<br>\ndie Einstellungen aufrufen.<br>\nHier erfahren Sie mehr \u00fcber die von uns verwendeten Cookies.<br>\nEine \u00dcbersicht aller Cookies finden Sie unter www.granducatogestioni.com\/privacy oder<br>\n\u00fcber das Kontaktformular der Website abmelden.<\/p>\n<\/div><\/div><\/div><\/div><\/div>","protected":false},"excerpt":{"rendered":"","protected":false},"author":1,"featured_media":0,"parent":0,"menu_order":0,"comment_status":"open","ping_status":"closed","template":"100-width.php","meta":{"_acf_changed":false,"footnotes":""},"class_list":["post-4276","page","type-page","status-publish","hentry"],"acf":[],"yoast_head":"<!-- This site is optimized with the Yoast SEO plugin v26.7 - https:\/\/yoast.com\/wordpress\/plugins\/seo\/ -->\n<title>Privacy Policy - Granducato Collection<\/title>\n<meta name=\"robots\" content=\"index, follow, max-snippet:-1, max-image-preview:large, max-video-preview:-1\" \/>\n<link rel=\"canonical\" href=\"https:\/\/www.granducatocollection.com\/de\/privacy-policy\/\" \/>\n<meta property=\"og:locale\" content=\"de_DE\" \/>\n<meta property=\"og:type\" content=\"article\" \/>\n<meta property=\"og:title\" content=\"Privacy Policy - Granducato Collection\" \/>\n<meta property=\"og:url\" content=\"https:\/\/www.granducatocollection.com\/de\/privacy-policy\/\" \/>\n<meta property=\"og:site_name\" content=\"Granducato Collection\" \/>\n<meta property=\"article:modified_time\" content=\"2024-08-02T12:16:53+00:00\" \/>\n<meta name=\"twitter:card\" content=\"summary_large_image\" \/>\n<meta name=\"twitter:label1\" content=\"Gesch\u00e4tzte Lesezeit\" \/>\n\t<meta name=\"twitter:data1\" content=\"23\u00a0Minuten\" \/>\n<script type=\"application\/ld+json\" class=\"yoast-schema-graph\">{\"@context\":\"https:\/\/schema.org\",\"@graph\":[{\"@type\":\"WebPage\",\"@id\":\"https:\/\/www.granducatocollection.com\/privacy-policy\/\",\"url\":\"https:\/\/www.granducatocollection.com\/privacy-policy\/\",\"name\":\"Privacy Policy - Granducato Collection\",\"isPartOf\":{\"@id\":\"https:\/\/www.granducatocollection.com\/#website\"},\"datePublished\":\"2024-08-02T09:53:36+00:00\",\"dateModified\":\"2024-08-02T12:16:53+00:00\",\"breadcrumb\":{\"@id\":\"https:\/\/www.granducatocollection.com\/privacy-policy\/#breadcrumb\"},\"inLanguage\":\"de\",\"potentialAction\":[{\"@type\":\"ReadAction\",\"target\":[\"https:\/\/www.granducatocollection.com\/privacy-policy\/\"]}]},{\"@type\":\"BreadcrumbList\",\"@id\":\"https:\/\/www.granducatocollection.com\/privacy-policy\/#breadcrumb\",\"itemListElement\":[{\"@type\":\"ListItem\",\"position\":1,\"name\":\"Home\",\"item\":\"https:\/\/www.granducatocollection.com\/\"},{\"@type\":\"ListItem\",\"position\":2,\"name\":\"Privacy Policy\"}]},{\"@type\":\"WebSite\",\"@id\":\"https:\/\/www.granducatocollection.com\/#website\",\"url\":\"https:\/\/www.granducatocollection.com\/\",\"name\":\"GranDucato Collection\",\"description\":\"Prenota la tua vacanza e vivi un&#039;esperienza unica\",\"potentialAction\":[{\"@type\":\"SearchAction\",\"target\":{\"@type\":\"EntryPoint\",\"urlTemplate\":\"https:\/\/www.granducatocollection.com\/?s={search_term_string}\"},\"query-input\":{\"@type\":\"PropertyValueSpecification\",\"valueRequired\":true,\"valueName\":\"search_term_string\"}}],\"inLanguage\":\"de\"}]}<\/script>\n<!-- \/ Yoast SEO plugin. -->","yoast_head_json":{"title":"Privacy Policy - Granducato Collection","robots":{"index":"index","follow":"follow","max-snippet":"max-snippet:-1","max-image-preview":"max-image-preview:large","max-video-preview":"max-video-preview:-1"},"canonical":"https:\/\/www.granducatocollection.com\/de\/privacy-policy\/","og_locale":"de_DE","og_type":"article","og_title":"Privacy Policy - Granducato Collection","og_url":"https:\/\/www.granducatocollection.com\/de\/privacy-policy\/","og_site_name":"Granducato Collection","article_modified_time":"2024-08-02T12:16:53+00:00","twitter_card":"summary_large_image","twitter_misc":{"Gesch\u00e4tzte Lesezeit":"23\u00a0Minuten"},"schema":{"@context":"https:\/\/schema.org","@graph":[{"@type":"WebPage","@id":"https:\/\/www.granducatocollection.com\/privacy-policy\/","url":"https:\/\/www.granducatocollection.com\/privacy-policy\/","name":"Privacy Policy - Granducato Collection","isPartOf":{"@id":"https:\/\/www.granducatocollection.com\/#website"},"datePublished":"2024-08-02T09:53:36+00:00","dateModified":"2024-08-02T12:16:53+00:00","breadcrumb":{"@id":"https:\/\/www.granducatocollection.com\/privacy-policy\/#breadcrumb"},"inLanguage":"de","potentialAction":[{"@type":"ReadAction","target":["https:\/\/www.granducatocollection.com\/privacy-policy\/"]}]},{"@type":"BreadcrumbList","@id":"https:\/\/www.granducatocollection.com\/privacy-policy\/#breadcrumb","itemListElement":[{"@type":"ListItem","position":1,"name":"Home","item":"https:\/\/www.granducatocollection.com\/"},{"@type":"ListItem","position":2,"name":"Privacy Policy"}]},{"@type":"WebSite","@id":"https:\/\/www.granducatocollection.com\/#website","url":"https:\/\/www.granducatocollection.com\/","name":"GranDucato Collection","description":"Prenota la tua vacanza e vivi un&#039;esperienza unica","potentialAction":[{"@type":"SearchAction","target":{"@type":"EntryPoint","urlTemplate":"https:\/\/www.granducatocollection.com\/?s={search_term_string}"},"query-input":{"@type":"PropertyValueSpecification","valueRequired":true,"valueName":"search_term_string"}}],"inLanguage":"de"}]}},"_links":{"self":[{"href":"https:\/\/www.granducatocollection.com\/de\/wp-json\/wp\/v2\/pages\/4276","targetHints":{"allow":["GET"]}}],"collection":[{"href":"https:\/\/www.granducatocollection.com\/de\/wp-json\/wp\/v2\/pages"}],"about":[{"href":"https:\/\/www.granducatocollection.com\/de\/wp-json\/wp\/v2\/types\/page"}],"author":[{"embeddable":true,"href":"https:\/\/www.granducatocollection.com\/de\/wp-json\/wp\/v2\/users\/1"}],"replies":[{"embeddable":true,"href":"https:\/\/www.granducatocollection.com\/de\/wp-json\/wp\/v2\/comments?post=4276"}],"version-history":[{"count":4,"href":"https:\/\/www.granducatocollection.com\/de\/wp-json\/wp\/v2\/pages\/4276\/revisions"}],"predecessor-version":[{"id":5175,"href":"https:\/\/www.granducatocollection.com\/de\/wp-json\/wp\/v2\/pages\/4276\/revisions\/5175"}],"wp:attachment":[{"href":"https:\/\/www.granducatocollection.com\/de\/wp-json\/wp\/v2\/media?parent=4276"}],"curies":[{"name":"wp","href":"https:\/\/api.w.org\/{rel}","templated":true}]}}